{"id":287,"date":"2017-09-19T11:27:59","date_gmt":"2017-09-19T11:27:59","guid":{"rendered":"http:\/\/dev.cilsrbija.org\/?page_id=287"},"modified":"2024-07-15T10:56:29","modified_gmt":"2024-07-15T08:56:29","slug":"kontakt","status":"publish","type":"page","link":"https:\/\/www.cilsrbija.org\/en\/kontakt\/","title":{"rendered":"Kontakt"},"content":{"rendered":"<p><div class=\"fw-map\" data-locations=\"[{&quot;title&quot;:&quot;CIL Srbija&quot;,&quot;url&quot;:&quot;&quot;,&quot;thumb&quot;:&quot;https:\\\/\\\/www.cilsrbija.org\\\/wp-content\\\/uploads\\\/2017\\\/09\\\/map-marker.png&quot;,&quot;coordinates&quot;:{&quot;lat&quot;:44.7839578,&quot;lng&quot;:20.4502288},&quot;description&quot;:&quot;Adresa:\\r\\nMilenka Vesnica 3 (Radomira Vujovica 3)\\r\\nBeograd\\r\\nSrbija\\r\\n\\r\\nTelefon\\\/fax:\\r\\n+381 11 367-53-17\\r\\n+381 11 367-53-18\\r\\n\\r\\nEmail:\\r\\noffice@cilsrbija.org&quot;}]\" data-map-type=\"HYBRID\" data-map-height=\"550\" data-gmap-key=\"AIzaSyCfgZmmT0As1bjODftLv4nR7OxAxEdVApg\" data-disable-scrolling=\"\" >\n\t<div class=\"fw-map-canvas\"><\/div>\n<\/div><section class=\"fw-main-row  ls section_padding_top_75 section_padding_bottom_130 columns_padding_15\" >\n\t\t<div class=\"container\">\n\t\t<div class=\"row\">\n\t\t\t<div class=\"col-xs-12 col-md-8\" >\n\t<h3 class=\"text-uppercase\">Pi\u0161ite nam<\/h3><div class=\"form-wrapper  columns_padding_10\">\n\t<form data-fw-form-id=\"fw_form\" method=\"post\" action=\"https:\/\/www.cilsrbija.org\/en\/wp-json\/wp\/v2\/pages\/287\" class=\"fw_form_fw_form\" data-fw-ext-forms-type=\"contact-forms\" data-trp-original-action=\"https:\/\/www.cilsrbija.org\/en\/wp-json\/wp\/v2\/pages\/287\"><input type=\"hidden\" name=\"fwf\" value=\"fw_form\" \/><input type=\"hidden\" id=\"_nonce_17c6fef3b75f17edb41117face2a7591\" name=\"_nonce_17c6fef3b75f17edb41117face2a7591\" value=\"c2784c321b\" \/><input type=\"hidden\" name=\"_wp_http_referer\" value=\"\/en\/wp-json\/wp\/v2\/pages\/287\" \/><input type=\"hidden\" name=\"fw_ext_forms_form_type\" value=\"contact-forms\" \/><input type=\"hidden\" name=\"fw_ext_forms_form_id\" value=\"eb001b51fb88c2624b13a8da3be78045\" \/><div class=\"wrap-forms\">\n\t<div class=\"row\"><\/div><div class=\"row\"><div class=\"col-xs-12 col-md-6 form-builder-item\">\n\t<div class=\"form-group has-placeholder\">\n\t\t<label for=\"id-1\">Full Name\t\t\t<sup>*<\/sup>\t\t<\/label>\n\t\t<input class=\"form-control\" type=\"text\" name=\"text_4dfff00\" placeholder=\"Full Name\" value=\"\" id=\"id-1\" required=\"required\">\n\t\t\t<\/div>\n<\/div><div class=\"col-xs-12 col-md-6 form-builder-item\">\n\t<div class=\"form-group has-placeholder\">\n\t\t<label for=\"id-2\">Subject\t\t\t<sup>*<\/sup>\t\t<\/label>\n\t\t<input class=\"form-control\" type=\"text\" name=\"text_16f3bed\" placeholder=\"Subject\" value=\"\" id=\"id-2\" required=\"required\">\n\t\t\t<\/div>\n<\/div><\/div><div class=\"row\"><div class=\"col-xs-12 col-md-6 form-builder-item\">\n\t<div class=\"form-group has-placeholder\">\n\t\t<label for=\"id-3\">Phone Number\t\t\t<sup>*<\/sup>\t\t<\/label>\n\t\t<input class=\"form-control\" type=\"text\" name=\"text_a349eee\" placeholder=\"Phone Number\" value=\"\" id=\"id-3\" required=\"required\">\n\t\t\t<\/div>\n<\/div><div class=\"col-xs-12 col-md-6 form-builder-item\">\n\t<div class=\"form-group has-placeholder\">\n\t\t<label for=\"id-4\">Email Address\t\t\t<sup>*<\/sup>\t\t<\/label>\n\t\t<input class=\"form-control\" type=\"text\" name=\"email_da5db5d\" placeholder=\"Email Address\" value=\"\" id=\"id-4\" required=\"required\">\n\t\t\t<\/div>\n<\/div><\/div><div class=\"row\"><div class=\"col-xs-12 form-builder-item\">\n\t<div class=\"form-group has-placeholder\">\n\t\t<label for=\"id-5\">Message\t\t\t<sup>*<\/sup>\t\t<\/label>\n\t\t<textarea class=\"form-control\" name=\"textarea_f2c20e0\" placeholder=\"Message...\" id=\"id-5\" required=\"required\"><\/textarea>\n\t\t\t<\/div>\n<\/div><\/div><div class=\"row\"><\/div><\/div><div class=\"wrap-forms topmargin_30\">\n\t<div class=\"row\">\n\t\t<div class=\"col-sm-12\">\n\t\t\t<input class=\"theme_button wide_button color1\" type=\"submit\" value=\"Send Message\" \/>\n\t\t\t\t\t<\/div>\n\t<\/div>\n<\/div><input type=\"hidden\" name=\"trp-form-language\" value=\"en\"\/><\/form><\/div><\/div>\n<div class=\"col-xs-12 col-sm-6 col-md-4\" >\n\t<h3 class=\"text-uppercase\">Kontakt Info<\/h3>\n\t\n\t\t\t    <p>\n\t        <i class=\"fa fa-map-marker highlight rightpadding_5\"><\/i>\n\t        <span class=\"grey\">\n\t\t\t\t\t<\/span>\n\t    Milenka Vesnica 3 (Radomira Vujovica 3) Beograd Srbija    <\/p>\n\t\n\t\n\t\t\t    <p>\n\t        <i class=\"fa fa-phone highlight rightpadding_5\"><\/i>\n\t        <span class=\"grey\">\n\t\t\t\t\t<\/span>\n\t    +381 11 367-53-17    <\/p>\n\t\n\t\n\t\t\t    <p>\n\t        <i class=\"fa fa-fax highlight rightpadding_5\"><\/i>\n\t        <span class=\"grey\">\n\t\t\t\t\t<\/span>\n\t    +381 11 367-53-18    <\/p>\n\t\n\t\n\t\t\t    <p>\n\t        <i class=\"fa fa-envelope highlight rightpadding_5\"><\/i>\n\t        <span class=\"grey\">\n\t\t\t\t\t<\/span>\n\t    office@cilsrbija.org    <\/p>\n\t\n\t<p><strong>Maja Stojimirovi\u0107, Stru\u010dni radnik-Koordinator usluge PA Beograd<\/strong><br \/>maja@cilsrbija.org<br \/>0668096441<\/p><p><strong>Katarina Filipovi\u0107, Asistent Koordinatora usluge PA Beograd<\/strong><br \/>katarina@cilsrbija.org<br \/>0668096440<\/p><p><strong>Mimica \u017divadinovi\u0107, Koordinator za obuku personalnih asistenata<\/strong><br \/>mimica@cilsrbija.org<br \/>011 3675317<\/p><\/div>\n\t\t<\/div>\n\t<\/div>\n<\/section>\n<\/p>","protected":false},"excerpt":{"rendered":"<p>Pi\u0161ite nam Full Name * Subject * Phone Number * Email Address * Message * Kontakt Info Milenka Vesnica 3 (Radomira Vujovica 3) Beograd Srbija +381 11 367-53-17 +381 11 367-53-18 office@cilsrbija.org Maja Stojimirovi\u0107, Stru\u010dni radnik-Koordinator usluge PA Beogradmaja@cilsrbija.org0668096441Katarina Filipovi\u0107, Asistent Koordinatora usluge PA Beogradkatarina@cilsrbija.org0668096440Mimica \u017divadinovi\u0107, Koordinator za obuku personalnih asistenatamimica@cilsrbija.org011 3675317<\/p>","protected":false},"author":1,"featured_media":0,"parent":0,"menu_order":0,"comment_status":"closed","ping_status":"closed","template":"page-templates\/full-width.php","meta":{"footnotes":""},"class_list":["post-287","page","type-page","status-publish","hentry"],"_links":{"self":[{"href":"https:\/\/www.cilsrbija.org\/en\/wp-json\/wp\/v2\/pages\/287","targetHints":{"allow":["GET"]}}],"collection":[{"href":"https:\/\/www.cilsrbija.org\/en\/wp-json\/wp\/v2\/pages"}],"about":[{"href":"https:\/\/www.cilsrbija.org\/en\/wp-json\/wp\/v2\/types\/page"}],"author":[{"embeddable":true,"href":"https:\/\/www.cilsrbija.org\/en\/wp-json\/wp\/v2\/users\/1"}],"replies":[{"embeddable":true,"href":"https:\/\/www.cilsrbija.org\/en\/wp-json\/wp\/v2\/comments?post=287"}],"version-history":[{"count":9,"href":"https:\/\/www.cilsrbija.org\/en\/wp-json\/wp\/v2\/pages\/287\/revisions"}],"predecessor-version":[{"id":1900,"href":"https:\/\/www.cilsrbija.org\/en\/wp-json\/wp\/v2\/pages\/287\/revisions\/1900"}],"wp:attachment":[{"href":"https:\/\/www.cilsrbija.org\/en\/wp-json\/wp\/v2\/media?parent=287"}],"curies":[{"name":"wp","href":"https:\/\/api.w.org\/{rel}","templated":true}]}}