{"id":2019,"date":"2024-11-03T10:24:49","date_gmt":"2024-11-03T09:24:49","guid":{"rendered":"https:\/\/www.cilsrbija.org\/?page_id=2019"},"modified":"2025-01-25T16:37:20","modified_gmt":"2025-01-25T15:37:20","slug":"akreditacija-i-licenca","status":"publish","type":"page","link":"https:\/\/www.cilsrbija.org\/en\/akreditacija-i-licenca\/","title":{"rendered":"Akreditacija i licenca"},"content":{"rendered":"<p>Centar za samostalni \u017eivot osoba sa invaliditetom Srbije je akreditovao program obuke za personalne\/radne asistente kod Republi\u010dkog Zavoda za socijalnu za\u0161titu.<\/p>\n\n\n\n<p>Re\u0161enjem Ministarstva za rad, zapo\u0161ljavanje, bora\u010dka i socijalna pitanja prva akreditacija je odobrena 2011. Od tada se obnavlja svake tri godine i trenutno Re\u0161enje va\u017ei do 2026.godine.<\/p>\n\n\n\n<p>Licenca za pru\u017eanje usluge personalne asistencije je prvi put odobrena 2014, kao puna licenca u trajanju od 6 godina. Obnova licence je ura\u0111ena 2020 i ponovo je dobijena puna licenca do 2026.godine.<\/p>\n\n\n\n<p>Re\u0161enja o licenci\/obnovi licence tako\u0111e daje Ministarstvo za rad, zapo\u0161ljavanje, bora\u010dka i socijalna pitanja.<\/p>\n\n\n\n<p><a href=\"https:\/\/www.cilsrbija.org\/wp-content\/uploads\/2025\/01\/Akreditacija-2014.pdf\" data-type=\"attachment\" data-id=\"2090\">Akreditacija 2014<\/a><br><a href=\"https:\/\/www.cilsrbija.org\/wp-content\/uploads\/2025\/01\/Licenca-2014.pdf\" data-type=\"attachment\" data-id=\"2092\">Licenca 2014<\/a><br><a href=\"https:\/\/www.cilsrbija.org\/wp-content\/uploads\/2025\/01\/Resenje-o-obnavljanju-akreditacije-programa-obuke-2018.pdf\" data-type=\"attachment\" data-id=\"2094\">Resenje o obnavljanju akreditacije programa obuke 2018<\/a><br><a href=\"https:\/\/www.cilsrbija.org\/wp-content\/uploads\/2025\/01\/resenje-o-obnovi-akreditacije-2020.pdf\" data-type=\"attachment\" data-id=\"2093\">Resenje o obnovi akreditacije 2020<\/a><br><a href=\"https:\/\/www.cilsrbija.org\/wp-content\/uploads\/2025\/01\/Resenje-licenca-jul-2020.pdf\" data-type=\"attachment\" data-id=\"2091\">Re\u0161enje licenca jul 2020<\/a><br><a href=\"https:\/\/www.cilsrbija.org\/wp-content\/uploads\/2025\/01\/Resenje-o-obnovi-akreditacije-18.12.2023_.pdf\" data-type=\"attachment\" data-id=\"2095\">Re\u0161enje o obnovi akreditacije 18.12.2023.<\/a><\/p>","protected":false},"excerpt":{"rendered":"<p>Centar za samostalni \u017eivot osoba sa invaliditetom Srbije je akreditovao program obuke za personalne\/radne asistente kod Republi\u010dkog Zavoda za socijalnu za\u0161titu. Re\u0161enjem Ministarstva za rad, zapo\u0161ljavanje, bora\u010dka i socijalna pitanja prva akreditacija je odobrena 2011. Od tada se obnavlja svake tri godine i trenutno Re\u0161enje va\u017ei do 2026.godine. Licenca za pru\u017eanje usluge personalne asistencije je [&hellip;]<\/p>","protected":false},"author":1,"featured_media":0,"parent":0,"menu_order":0,"comment_status":"closed","ping_status":"closed","template":"","meta":{"footnotes":""},"class_list":["post-2019","page","type-page","status-publish","hentry"],"_links":{"self":[{"href":"https:\/\/www.cilsrbija.org\/en\/wp-json\/wp\/v2\/pages\/2019","targetHints":{"allow":["GET"]}}],"collection":[{"href":"https:\/\/www.cilsrbija.org\/en\/wp-json\/wp\/v2\/pages"}],"about":[{"href":"https:\/\/www.cilsrbija.org\/en\/wp-json\/wp\/v2\/types\/page"}],"author":[{"embeddable":true,"href":"https:\/\/www.cilsrbija.org\/en\/wp-json\/wp\/v2\/users\/1"}],"replies":[{"embeddable":true,"href":"https:\/\/www.cilsrbija.org\/en\/wp-json\/wp\/v2\/comments?post=2019"}],"version-history":[{"count":2,"href":"https:\/\/www.cilsrbija.org\/en\/wp-json\/wp\/v2\/pages\/2019\/revisions"}],"predecessor-version":[{"id":2097,"href":"https:\/\/www.cilsrbija.org\/en\/wp-json\/wp\/v2\/pages\/2019\/revisions\/2097"}],"wp:attachment":[{"href":"https:\/\/www.cilsrbija.org\/en\/wp-json\/wp\/v2\/media?parent=2019"}],"curies":[{"name":"wp","href":"https:\/\/api.w.org\/{rel}","templated":true}]}}