{"id":1995,"date":"2024-10-28T14:39:39","date_gmt":"2024-10-28T13:39:39","guid":{"rendered":"https:\/\/www.cilsrbija.org\/?page_id=1995"},"modified":"2024-10-28T14:40:18","modified_gmt":"2024-10-28T13:40:18","slug":"personalna-asistencija","status":"publish","type":"page","link":"https:\/\/www.cilsrbija.org\/en\/personalna-asistencija\/","title":{"rendered":"Personalna asistencija"},"content":{"rendered":"<p><strong>\u0160ta je personalna asistencija?<\/strong><\/p>\n\n\n\n<p>Personalna asistencija je usluga koja osobama sa invaliditetom omogu\u0107ava da \u017eive samostalno, da uz pomo\u0107 asistenta urade sve zadatke koje ne mogu da urade fizi\u010dki sami. Pru\u017ea slobodu i fleksibilnost koja je potrebna da osobe sa invaliditetom \u017eive svoje \u017eivote onako kako izaberu.<\/p>\n\n\n\n<p>Sa ovom uslugom osobe sa invaliditetom imaju kontrolu i usmeravaju asistenta da obavlja zadatke unutar i izvan ku\u0107e, uklju\u010duju\u0107i li\u010dnu higijenu, ku\u0107ne obaveze, pomo\u0107 u svakodnevnim zadacima kao \u0161to su kupovina, podr\u0161ka na radnom mestu ili dru\u017eenje. Asistent ne &#8222;brine&#8220; o odre\u0111enoj osobi. Korisnik ove usluge delegira svoje potrebe svom asistenta i na taj na\u010din preuzima kontrolu nad svojim \u017eivotom.<\/p>\n\n\n\n<p>Izrazita korist od personalna asistencije je da smanjuje zavisnost od porodice i prijatelja.<\/p>\n\n\n\n<p><strong>Koju podr\u0161ku pru\u017ea personalni asistent?<\/strong><\/p>\n\n\n\n<p>Personalna asistencija se odnosi na individualne potrebe svake osobe sa invaliditetom. Asistencija mo\u017ee biti za:<\/p>\n\n\n\n<p>Dru\u0161tvene aktivnosti &#8211; zna\u010di sve aktivnosti kao \u0161to su dru\u017eenje sa porodicom, prijateljima i u zajednici. Asistencija mo\u017ee uklju\u010divati pratnju osoba sa invaliditetom tokom posete, dru\u017eenja i putovanja ili tokom odmora. Podr\u0161ka se mo\u017ee pru\u017eiti u kori\u0161\u0107enju javnog i privatnog prevoza, uklju\u010duju\u0107i vo\u017enju. Podr\u0161ka zna\u010di razli\u010dite stvari za razli\u010dite ljude na osnovu njihovih potreba. Na primer, jednoj osobi \u0107e mo\u017eda biti potrebna fizi\u010dka pomo\u0107, dok \u0107e drugoj osobi mo\u017eda biti potrebna pomo\u0107 u komunikaciji, ako imaju te\u0161ko\u0107e u govoru.<\/p>\n\n\n\n<p>Li\u010dne potrebe &#8211; &nbsp;podrazumevaju podr\u0161ku pri:<\/p>\n\n\n\n<p>\u2022 ustajanju i odlasku u krevet,<\/p>\n\n\n\n<p>\u2022 pomo\u0107 tokom no\u0107i,<\/p>\n\n\n\n<p>\u2022 obla\u010denje i svla\u010denje,<\/p>\n\n\n\n<p>\u2022 li\u010dna higijena i doterivanje,<\/p>\n\n\n\n<p>\u2022 pomo\u0107 u kori\u0161\u0107enju toaleta i u kupatilu,<\/p>\n\n\n\n<p>\u2022 pomo\u0107 u pripremi hrane, kao i samo hranjenje.<\/p>\n\n\n\n<p>Podr\u0161ka u ku\u0107i &#8211; podrazumeva sve zadatke povezane sa odr\u017eavanjem porodi\u010dne ku\u0107e, kao \u0161to su \u010di\u0161\u0107enje, pranje, pranje ve\u0161a i kupovina, zajedno sa pomo\u0107i u brizi o deci, a u nekim slu\u010dajevima i ku\u0107nim ljubimcima. Ukoliko osoba ima podr\u0161ku drugih \u010dlanova porodice kao i Usluge pomo\u0107 u ku\u0107i, onda personalni asistent ne\u0107e obavljati ove poslove.<\/p>\n\n\n\n<p>\u0160to se ti\u010de obrazovanja i zapo\u0161ljavanja, asistencija uklju\u010duje pomo\u0107 u dolasku do radnog mesta, obrazovanja i obuke, kao i pomo\u0107 na takvim lokacijama. Asistenti nekad pru\u017eaju podr\u0161ku nekim osobama sa invaliditetom da odr\u017ee dru\u0161tvenu interakciju u svojoj lokalnoj zajednici.<\/p>\n\n\n\n<p><strong>Zahtev za kori\u0161\u0107enjem usluge<\/strong><\/p>\n\n\n\n<p>Potencijalni korisnici koji procene da bi im zna\u010dila usluga personalne asistencije, podnose zahtev Centru za socijalni rad, sa odgovaraju\u0107om prate\u0107om dokumentacijom (kopija LK, potvrdu o \u0161kolovanju\/radnom anga\u017eovanju\/bavljenju sportom\u2026, re\u0161enje o uve\u0107anom dodatku TNP.<\/p>\n\n\n\n<p>Centar za socijalni rad \u0161alje uput licenciranom pru\u017eaocu usluge koji u skladu sa sekundarnom procenom potreba obave\u0161tava CSR da li je osoba kandidat za uslugu, kad po\u010dinje da je koristi ili je na listi \u010dekanja.<\/p>\n\n\n\n<p><strong>Procena potreba za samostalni \u017eivot<\/strong><\/p>\n\n\n\n<p>Samostalni \u017eivot zna\u010di imati slobodu izbora koju svi ostali imaju u vezi sa stanovanjem, prevozom, obrazovanjem i zapo\u0161ljavanjem. Radi se o izboru u kojim aspektima dru\u0161tvenog, ekonomskog i politi\u010dkog \u017eivota ljudi \u017eele da u\u010destvuju.<\/p>\n\n\n\n<p>Samostalni \u017eivot zna\u010di da:<\/p>\n\n\n\n<p>\u2022 O da imate kontrolu nad svojim \u017eivotom, da imate porodicu, da dobijete posao\/radite, da u\u010destvujete u dru\u0161tvu i da ostvarite svoje ciljeve i snove.<\/p>\n\n\n\n<p>\u2022 Ne radite fizi\u010dki stvari sami za sebe, niti da se morate oslanjati na &#8222;nepla\u0107enu podr\u0161ku&#8220; od \u010dlanova porodice \/ prijatelja ili partnera (osim ako to nije \u017eelja obe strane).<\/p>\n\n\n\n<p>Prema istaknutoj aktivistkinji za prava osoba sa invaliditetom D\u017eudit Hjumen, &#8222;Samostalni \u017eivot &#8211; to je kontrola nad na\u010dinom na koji se stvari rade&#8220;, a za mnoge osobe sa invaliditetom to se najbolje mo\u017ee posti\u0107i pristupom usluzi personalna asistencija kao i pristupom asistivnim tehnologijama koje zadovoljavaju specifi\u010dne potrebe osoba sa invaliditetom.<\/p>","protected":false},"excerpt":{"rendered":"<p>\u0160ta je personalna asistencija? Personalna asistencija je usluga koja osobama sa invaliditetom omogu\u0107ava da \u017eive samostalno, da uz pomo\u0107 asistenta urade sve zadatke koje ne mogu da urade fizi\u010dki sami. Pru\u017ea slobodu i fleksibilnost koja je potrebna da osobe sa invaliditetom \u017eive svoje \u017eivote onako kako izaberu. Sa ovom uslugom osobe sa invaliditetom imaju kontrolu [&hellip;]<\/p>","protected":false},"author":1,"featured_media":0,"parent":0,"menu_order":0,"comment_status":"closed","ping_status":"closed","template":"","meta":{"footnotes":""},"class_list":["post-1995","page","type-page","status-publish","hentry"],"_links":{"self":[{"href":"https:\/\/www.cilsrbija.org\/en\/wp-json\/wp\/v2\/pages\/1995","targetHints":{"allow":["GET"]}}],"collection":[{"href":"https:\/\/www.cilsrbija.org\/en\/wp-json\/wp\/v2\/pages"}],"about":[{"href":"https:\/\/www.cilsrbija.org\/en\/wp-json\/wp\/v2\/types\/page"}],"author":[{"embeddable":true,"href":"https:\/\/www.cilsrbija.org\/en\/wp-json\/wp\/v2\/users\/1"}],"replies":[{"embeddable":true,"href":"https:\/\/www.cilsrbija.org\/en\/wp-json\/wp\/v2\/comments?post=1995"}],"version-history":[{"count":1,"href":"https:\/\/www.cilsrbija.org\/en\/wp-json\/wp\/v2\/pages\/1995\/revisions"}],"predecessor-version":[{"id":1996,"href":"https:\/\/www.cilsrbija.org\/en\/wp-json\/wp\/v2\/pages\/1995\/revisions\/1996"}],"wp:attachment":[{"href":"https:\/\/www.cilsrbija.org\/en\/wp-json\/wp\/v2\/media?parent=1995"}],"curies":[{"name":"wp","href":"https:\/\/api.w.org\/{rel}","templated":true}]}}