{"id":1975,"date":"2024-10-01T09:44:05","date_gmt":"2024-10-01T07:44:05","guid":{"rendered":"https:\/\/www.cilsrbija.org\/?page_id=1975"},"modified":"2024-10-01T09:44:06","modified_gmt":"2024-10-01T07:44:06","slug":"samostalni-zivot-u-srbiji","status":"publish","type":"page","link":"https:\/\/www.cilsrbija.org\/en\/o-nama\/samostalni-zivot-u-srbiji\/","title":{"rendered":"Samostalni \u017eivot u Srbiji"},"content":{"rendered":"<p>Ideja o samostalnom \u017eivotu u Srbiji je zapo\u010deo neposredno nakon osnivanja Centra za samostalni \u017eivot osoba sa invaliditetom Srbije. Po\u010detni rad Centra je bio baziran na prevo\u0111enju i objavljivanju publikacija sa informacijama koje su tih godina (1996 i neposredno posle) u Srbiji bile relativno poznate ili nepoznate.<\/p>\n\n\n\n<p>Nakon nekoliko godina boravka i direktnog u\u010de\u0161\u0107a u invalidskom pokretu Irske u Dablinu, kao i osnivanja dablinskog Centra za samostalni \u017eivot, osniva\u010dica Centra u Srbiji i za\u010detnica samostalnog \u017eivota, Gordana Rajkov, je inicirala eksperimentalni projekat za samostalni \u017eivot 2001. za 16 osoba sa invaliditetom iz Beograda.<\/p>\n\n\n\n<p>Po njenim re\u010dima da \u201ete\u0161ko da mo\u017eete da se borite i zastupate ne\u0161to, ako to ne\u0161to niste iskusili\u201c i ovaj put su se pokazale opravdane da bi od 2003 krenulo intenzivno zastupanje za primenu filozofije samostalnog \u017eivota osoba sa invaliditetom u Srbiji (izbor, dono\u0161enje odluke, odgovornost, kontrola, pravo na gre\u0161ku).<\/p>\n\n\n\n<p>Uz finansijsku podr\u0161ku Irske vlade (Development Cooperation Ireland\/Irish Aid) i beogradske kancelarije CRS (Catholic Relief Services) zapo\u010deo je projekat SPAS (Servis Personalnih Asistenata u Srbiji). U me\u0111uvremenu su se osnivali lokalni Centri za samostalni \u017eivot u Smederevu, Jagodini, Leskovcu, Ni\u0161u &#8230; koji su kroz ovaj projekat \u0161irili ideju samostalnog \u017eivota u svojim zajednicama.<\/p>\n\n\n\n<p>Od te 2003, Centar intenzivno radi sa relevantnim institucijama sistema kako bi samostalni \u017eivot postao stvarnost u Srbiji uz adekvatnu slu\u017ebu podr\u0161ke.<\/p>\n\n\n\n<p>Brojne vlade su se menjale, realizovani projekti &#8211; kroz podr\u0161ku relevantnog Ministarstva, Fonda za socijalne inovacije, Javne radove, druge me\u0111unarodne donatore &#8211; ali ideja o samostalnom \u017eivotu i punom gra\u0111anskom u\u010de\u0161\u0107u osoba sa invaliditetom nije napu\u0161tala Tim Centra za samostalni \u017eivot. Sa Oxford Policy Management Team pri Fondu za socijalne inovacije Centar je radio i na standardizaciji usluge personalne asistencije. Rad na formiranju i uvo\u0111enju u Zakon Usluge personalna asistencija je trajao skoro 11 godina i na njoj SAMO Centar za samostalni \u017eivot osoba sa invaliditetom Srbije uz podr\u0161ku saradnika, pravnika i drugih eksperata u oblasti socijalne zastite, imaju\u0107i u vidu da do tada nije postojala nijedna usluga za osobe sa invaliditetom, pogotovo ne u otvorenoj zajednici.<\/p>\n\n\n\n<p>Ideja o samostalnom \u017eivotu se \u0161iri i druge gradove \u2013 \u010ca\u010dak, Novi Sad, Kragujevac, Sombor\u2026<\/p>\n\n\n\n<p>Skup\u0161tina Republike Srbije je imaju\u0107i po prvi put u istoriji parlamentarizma narodnu poslanicu sa invaliditetom, Gordanu Rajkov, prepoznala zna\u010daj usluge podr\u0161ke i finansirala personalnog asistenta za njen rad u Narodnoj Skup\u0161tini.<\/p>\n\n\n\n<p>Svetli primer u zapo\u010dinjanju usluge personalne asistencije jeste Sombor, \u010diji je tada\u0161nji gradona\u010delnik dr Slavkovi\u0107, prepoznao njen zna\u010daj i nakon samo dve godine projekta, \u010dija perjanica je bila Julijana \u010catalinac, donosi Odluku o finansiranju ove usluge iz bud\u017eeta grada, \u010detiri godine pre dono\u0161enja Zakona o SZ.<\/p>\n\n\n\n<p>Kona\u010dno novim Zakonom o socijalnoj za\u0161titi iz 2011 i Pravilnikom o bli\u017eim standardima za pru\u017eanje usluga socijalne za\u0161tite 2013, usluga personalne asistencije je prepoznata kao jedna od usluga za samostalni \u017eivot (druga je stanovanje uz podr\u0161ku).<\/p>\n\n\n\n<p>Put je bio dug, ali usluga jo\u0161 nije dovoljno ra\u0161irena u Srbiji.<\/p>\n\n\n\n<p>Centar za samostalni \u017eivot osoba sa invaliditetom i Centar \u017diveti uspravno iz Novog Sada, su prve organizacije koje su 2014 obezbedile licencu za pru\u017eanje ove usluge. Licenca je obnovljena i oba puta je puna tj. na \u0161est godina. Od deset lokalnih Centara za samostalni \u017eivot samo dva nemaju licencu za pru\u017eanje ove usluge. U Beogradu se ova usluga sprovodi od 2016.godine u skladu sa postoje\u0107im Pravilnikom i specifikaciji ove usluge (Pravilnik o bli\u017eim standardima za pru\u017eanje usluga socijalne za\u0161tite \u2013 V usluge za samostalni \u017eivot\/2.personalna asistencija\/\u010dl.99-106)..<\/p>\n\n\n\n<p>Centar za samostalni \u017eivot osoba sa invaliditetom je tako\u0111e prva organizacija koja je akreditovala program za obuku personalnih asistenata i uspe\u0161no je obnavlja. Kroz na\u0161e obuke je pro\u0161lo preko 800 osoba koje su radile a dosta njih i dalje rade kao personalni asistenti \u0161irom Srbije.<\/p>\n\n\n\n<p>Od dono\u0161enja va\u017ee\u0107eg zakona, dakle od 2011 do danas nije u sistem uvedena nijedna nova usluga. Neke nisu ni pilotirane, a Zakon je ostavio mogu\u0107nost, kako se navodi u \u010dlanu 40 <strong><em>i druge usluge\u2026<\/em><\/strong> i zaista je \u0161teta da se nisu razvijale i druge usluge budu\u0107i da je zakonski je omogu\u0107en pluralitet usluga.<\/p>","protected":false},"excerpt":{"rendered":"<p>Ideja o samostalnom \u017eivotu u Srbiji je zapo\u010deo neposredno nakon osnivanja Centra za samostalni \u017eivot osoba sa invaliditetom Srbije. Po\u010detni rad Centra je bio baziran na prevo\u0111enju i objavljivanju publikacija sa informacijama koje su tih godina (1996 i neposredno posle) u Srbiji bile relativno poznate ili nepoznate. Nakon nekoliko godina boravka i direktnog u\u010de\u0161\u0107a u [&hellip;]<\/p>","protected":false},"author":1,"featured_media":0,"parent":1072,"menu_order":0,"comment_status":"closed","ping_status":"closed","template":"","meta":{"footnotes":""},"class_list":["post-1975","page","type-page","status-publish","hentry"],"_links":{"self":[{"href":"https:\/\/www.cilsrbija.org\/en\/wp-json\/wp\/v2\/pages\/1975","targetHints":{"allow":["GET"]}}],"collection":[{"href":"https:\/\/www.cilsrbija.org\/en\/wp-json\/wp\/v2\/pages"}],"about":[{"href":"https:\/\/www.cilsrbija.org\/en\/wp-json\/wp\/v2\/types\/page"}],"author":[{"embeddable":true,"href":"https:\/\/www.cilsrbija.org\/en\/wp-json\/wp\/v2\/users\/1"}],"replies":[{"embeddable":true,"href":"https:\/\/www.cilsrbija.org\/en\/wp-json\/wp\/v2\/comments?post=1975"}],"version-history":[{"count":1,"href":"https:\/\/www.cilsrbija.org\/en\/wp-json\/wp\/v2\/pages\/1975\/revisions"}],"predecessor-version":[{"id":1976,"href":"https:\/\/www.cilsrbija.org\/en\/wp-json\/wp\/v2\/pages\/1975\/revisions\/1976"}],"up":[{"embeddable":true,"href":"https:\/\/www.cilsrbija.org\/en\/wp-json\/wp\/v2\/pages\/1072"}],"wp:attachment":[{"href":"https:\/\/www.cilsrbija.org\/en\/wp-json\/wp\/v2\/media?parent=1975"}],"curies":[{"name":"wp","href":"https:\/\/api.w.org\/{rel}","templated":true}]}}