{"id":1500,"date":"2023-03-13T14:09:00","date_gmt":"2023-03-13T13:09:00","guid":{"rendered":"https:\/\/www.cilsrbija.org\/?page_id=1500"},"modified":"2024-07-01T10:51:56","modified_gmt":"2024-07-01T08:51:56","slug":"izvestaji-o-radu","status":"publish","type":"page","link":"https:\/\/www.cilsrbija.org\/en\/izvestaji-o-radu\/","title":{"rendered":"Izve\u0161taji o radu"},"content":{"rendered":"<ul class=\"wp-block-list\">\n<li><a href=\"https:\/\/www.cilsrbija.org\/wp-content\/uploads\/2024\/07\/IZVESTAJ-O-RADU-CENTRA-2023.pdf\" data-type=\"link\" data-id=\"https:\/\/www.cilsrbija.org\/wp-content\/uploads\/2024\/07\/IZVESTAJ-O-RADU-CENTRA-2023.pdf\">IZVE\u0160TAJ O RADU CENTRA 2023<\/a><\/li>\n\n\n\n<li><a href=\"https:\/\/www.cilsrbija.org\/wp-content\/uploads\/2024\/05\/IZVESTAJ-O-RADU-CENTRA-2022.doc\" data-type=\"link\" data-id=\"https:\/\/www.cilsrbija.org\/wp-content\/uploads\/2024\/05\/IZVESTAJ-O-RADU-CENTRA-2022.doc\">IZVE\u0160TAJ O RADU CENTRA 2022<\/a><\/li>\n\n\n\n<li><a href=\"https:\/\/www.cilsrbija.org\/wp-content\/uploads\/2023\/03\/IZVESTAJ-O-RADU-CENTRA-2021.doc\" data-type=\"attachment\" data-id=\"1513\">IZVE\u0160TAJ O RADU CENTRA 2021<\/a><\/li>\n\n\n\n<li><a href=\"https:\/\/www.cilsrbija.org\/wp-content\/uploads\/2023\/03\/IZVESTAJ-O-RADU-CENTRA-2020.doc\" data-type=\"attachment\" data-id=\"1512\">IZVE\u0160TAJ O RADU CENTRA 2020<\/a><\/li>\n\n\n\n<li><a href=\"https:\/\/www.cilsrbija.org\/wp-content\/uploads\/2023\/03\/IZVESTAJ-O-RADU-CENTRA-2019.doc\" data-type=\"attachment\" data-id=\"1511\">IZVE\u0160TAJ O RADU CENTRA 2019<\/a><\/li>\n\n\n\n<li><a href=\"https:\/\/www.cilsrbija.org\/wp-content\/uploads\/2023\/03\/IZVESTAJ-O-RADU-CENTRA-2018.doc\" data-type=\"attachment\" data-id=\"1510\">IZVE\u0160TAJ O RADU CENTRA 2018<\/a><\/li>\n\n\n\n<li><a href=\"https:\/\/www.cilsrbija.org\/wp-content\/uploads\/2023\/03\/IZVESTAJ-O-RADU-CENTRA-2017.doc\" data-type=\"attachment\" data-id=\"1509\">IZVE\u0160TAJ O RADU CENTRA 2017<\/a><\/li>\n\n\n\n<li><a href=\"https:\/\/www.cilsrbija.org\/wp-content\/uploads\/2023\/03\/IZVESTAJ-O-RADU-CENTRA-2016.doc\" data-type=\"attachment\" data-id=\"1508\">IZVE\u0160TAJ O RADU CENTRA 2016<\/a><\/li>\n\n\n\n<li><a href=\"https:\/\/www.cilsrbija.org\/wp-content\/uploads\/2023\/03\/IZVESTAJ-O-RADU-CENTRA-2015.doc\" data-type=\"attachment\" data-id=\"1507\">IZVE\u0160TAJ O RADU CENTRA 2015<\/a><\/li>\n\n\n\n<li><a href=\"https:\/\/www.cilsrbija.org\/wp-content\/uploads\/2023\/03\/IZVESTAJ-O-RADU-CENTRA-2014.doc\" data-type=\"attachment\" data-id=\"1506\">IZVE\u0160TAJ O RADU CENTRA 2014<\/a><\/li>\n\n\n\n<li><a href=\"https:\/\/www.cilsrbija.org\/wp-content\/uploads\/2023\/03\/IZVESTAJ-O-RADU-CENTRA-2013.doc\" data-type=\"attachment\" data-id=\"1505\">IZVE\u0160TAJ O RADU CENTRA 2013<\/a><\/li>\n\n\n\n<li><a href=\"https:\/\/www.cilsrbija.org\/wp-content\/uploads\/2023\/03\/IZVESTAJ-O-RADU-CENTRA-2012.doc\" data-type=\"attachment\" data-id=\"1504\">IZVE\u0160TAJ O RADU CENTRA 2012<\/a><\/li>\n\n\n\n<li><a href=\"https:\/\/www.cilsrbija.org\/wp-content\/uploads\/2024\/05\/IZVESTAJ-O-RADU-CENTRA-2011.doc\" data-type=\"link\" data-id=\"https:\/\/www.cilsrbija.org\/wp-content\/uploads\/2024\/05\/IZVESTAJ-O-RADU-CENTRA-2011.doc\">IZVE\u0160TAJ O RADU CENTRA 2011<\/a><\/li>\n\n\n\n<li><a href=\"https:\/\/www.cilsrbija.org\/wp-content\/uploads\/2023\/03\/IZVESTAJ-O-RADU-CENTRA-2009.doc\" data-type=\"attachment\" data-id=\"1503\">IZVE\u0160TAJ O RADU CENTRA 2009<\/a><\/li>\n\n\n\n<li><a href=\"https:\/\/www.cilsrbija.org\/wp-content\/uploads\/2023\/03\/IZVESTAJ-O-RADU-CENTRA-2008.doc\" data-type=\"attachment\" data-id=\"1502\">IZVE\u0160TAJ O RADU CENTRA 2008<\/a><\/li>\n<\/ul>","protected":false},"excerpt":{"rendered":"<p>IZVE\u0160TAJ O RADU CENTRA 2023 IZVE\u0160TAJ O RADU CENTRA 2022 IZVE\u0160TAJ O RADU CENTRA 2021 IZVE\u0160TAJ O RADU CENTRA 2020 IZVE\u0160TAJ O RADU CENTRA 2019 IZVE\u0160TAJ O RADU CENTRA 2018 IZVE\u0160TAJ O RADU CENTRA 2017 IZVE\u0160TAJ O RADU CENTRA 2016 IZVE\u0160TAJ O RADU CENTRA 2015 IZVE\u0160TAJ O RADU CENTRA 2014 IZVE\u0160TAJ O RADU CENTRA 2013 [&hellip;]<\/p>","protected":false},"author":1,"featured_media":0,"parent":0,"menu_order":0,"comment_status":"closed","ping_status":"closed","template":"","meta":{"footnotes":""},"class_list":["post-1500","page","type-page","status-publish","hentry"],"_links":{"self":[{"href":"https:\/\/www.cilsrbija.org\/en\/wp-json\/wp\/v2\/pages\/1500","targetHints":{"allow":["GET"]}}],"collection":[{"href":"https:\/\/www.cilsrbija.org\/en\/wp-json\/wp\/v2\/pages"}],"about":[{"href":"https:\/\/www.cilsrbija.org\/en\/wp-json\/wp\/v2\/types\/page"}],"author":[{"embeddable":true,"href":"https:\/\/www.cilsrbija.org\/en\/wp-json\/wp\/v2\/users\/1"}],"replies":[{"embeddable":true,"href":"https:\/\/www.cilsrbija.org\/en\/wp-json\/wp\/v2\/comments?post=1500"}],"version-history":[{"count":4,"href":"https:\/\/www.cilsrbija.org\/en\/wp-json\/wp\/v2\/pages\/1500\/revisions"}],"predecessor-version":[{"id":1893,"href":"https:\/\/www.cilsrbija.org\/en\/wp-json\/wp\/v2\/pages\/1500\/revisions\/1893"}],"wp:attachment":[{"href":"https:\/\/www.cilsrbija.org\/en\/wp-json\/wp\/v2\/media?parent=1500"}],"curies":[{"name":"wp","href":"https:\/\/api.w.org\/{rel}","templated":true}]}}