{"id":1333,"date":"2022-10-05T14:11:49","date_gmt":"2022-10-05T12:11:49","guid":{"rendered":"https:\/\/www.cilsrbija.org\/?page_id=1333"},"modified":"2022-10-05T14:11:50","modified_gmt":"2022-10-05T12:11:50","slug":"razvoj-organizacije","status":"publish","type":"page","link":"https:\/\/www.cilsrbija.org\/en\/razvoj-organizacije\/","title":{"rendered":"Razvoj organizacije"},"content":{"rendered":"<p>Pravci daljeg delovanja Centra<br>&nbsp; Cilj Centra je da i dalje razvija svoju organizaciju ukljucujuci razvijanje mre\u017ee podru\u017enica i saradnika na lokalnom nivou cije se delovanje bazira na zajednicki prihvacenim principima i vrednostima filozofije samostalnog \u017eivota osoba sa invaliditetom i socijalnom pristupu.<br>Delovanje ce se i dalje bazirati na sledecim vrednostima: posvecenost, po\u0161tovanje ljudskih prava, inovativnost, partnerstvo, tolerancija i profesionalizam.<br>Svoje delovanje Centar ce organizovati u tri pravca, koji treba da obezbede realizaciju pet programskih ciljeva:<br><img decoding=\"async\" alt=\"RazvojOrganizacije \" src=\"http:\/\/www.cilsrbija.org\/ser\/images\/RazvojOrganizacije\/RazvojOrganizacije.jpg\"><\/p>\n\n\n\n<p>Kako do ostvarenja ciljeva?<\/p>\n\n\n\n<ul class=\"wp-block-list\"><li>U buducem zagovaranju za ostvarenje prava osoba sa invaliditetom Centaar ce se zala\u017eemogati da se u Srbiji primeni filozofija samostalnog \u017eivota i socijalnog pristupa invalidnosti zasnovanih na za\u0161titi ljudskih prava osoba sa invaliditetom.<\/li><li>Zagovarajuci ove principe, Centar ce razvijati sopstvene kapacitete da postane Resursni centar u kreiranju politike u oblasti invalidnosti<\/li><li>Kroz sopstveni model edukacija u skladu sa socijalnim pristupom i iskustvom koje ima u preno\u0161enju znanja, pul trenera Centra &#8211; osobe sa invaliditetom, planira da i dalje kontinuirano radi na podizanju svesti o pravima osoba sa invaliditetom i izazovima sa kojima se osobe sa invaliditetom srecu svaki dan<\/li><li>Novi programi za edukaciju i ucenje novih ve\u0161tina, jedan su od puteva kojim ce se osnazivati osobe sa invaliditetom i jacati uloga Centra u svim procesima gde se donose odluke koje uticu na \u017eivote osoba sa invaliditetom<\/li><li>U praksi provedeno i sistematizovano znanje za uspostavljanje nove usluge podr\u0161ke za osobe sa invaliditetom \u2013 servis PA, kao i iskustvo u organizovanju i upravljanju ovom uslugom, poslu\u017eice da Centar i dalje radi na istra\u017eivanju i testiranju novih oblika podr\u0161ke i servisa koji ce osobama sa invaliditetom omoguciti da imaju \u0161to vecu kontrolu nad svojim \u017eivotima.<\/li><li>Centar \u017eeli da uspostavlja koalicije, saradnju i partnerstvo sa razlicitim organizacijama i institucijama i na op\u0161tinskim nivoima, nivou Srbije i medunarodnom nivou jer je kao organizacija samo jedan od aktera u koaliciji, i da samo radeci zajedno mo\u017ee se doci do najboljih rezultata. Tako ce Centar nekad da predvodi u aktivnostima ali i da se pridru\u017euje drugima u njihovim zahtevima.<\/li><\/ul>","protected":false},"excerpt":{"rendered":"<p>Pravci daljeg delovanja Centra&nbsp; Cilj Centra je da i dalje razvija svoju organizaciju ukljucujuci razvijanje mre\u017ee podru\u017enica i saradnika na lokalnom nivou cije se delovanje bazira na zajednicki prihvacenim principima i vrednostima filozofije samostalnog \u017eivota osoba sa invaliditetom i socijalnom pristupu.Delovanje ce se i dalje bazirati na sledecim vrednostima: posvecenost, po\u0161tovanje ljudskih prava, inovativnost, partnerstvo, [&hellip;]<\/p>","protected":false},"author":1,"featured_media":0,"parent":0,"menu_order":0,"comment_status":"closed","ping_status":"closed","template":"","meta":{"footnotes":""},"class_list":["post-1333","page","type-page","status-publish","hentry"],"_links":{"self":[{"href":"https:\/\/www.cilsrbija.org\/en\/wp-json\/wp\/v2\/pages\/1333","targetHints":{"allow":["GET"]}}],"collection":[{"href":"https:\/\/www.cilsrbija.org\/en\/wp-json\/wp\/v2\/pages"}],"about":[{"href":"https:\/\/www.cilsrbija.org\/en\/wp-json\/wp\/v2\/types\/page"}],"author":[{"embeddable":true,"href":"https:\/\/www.cilsrbija.org\/en\/wp-json\/wp\/v2\/users\/1"}],"replies":[{"embeddable":true,"href":"https:\/\/www.cilsrbija.org\/en\/wp-json\/wp\/v2\/comments?post=1333"}],"version-history":[{"count":1,"href":"https:\/\/www.cilsrbija.org\/en\/wp-json\/wp\/v2\/pages\/1333\/revisions"}],"predecessor-version":[{"id":1334,"href":"https:\/\/www.cilsrbija.org\/en\/wp-json\/wp\/v2\/pages\/1333\/revisions\/1334"}],"wp:attachment":[{"href":"https:\/\/www.cilsrbija.org\/en\/wp-json\/wp\/v2\/media?parent=1333"}],"curies":[{"name":"wp","href":"https:\/\/api.w.org\/{rel}","templated":true}]}}