{"id":1329,"date":"2022-10-05T14:09:10","date_gmt":"2022-10-05T12:09:10","guid":{"rendered":"https:\/\/www.cilsrbija.org\/?page_id=1329"},"modified":"2022-10-05T14:10:04","modified_gmt":"2022-10-05T12:10:04","slug":"edukacija-i-konsultacija","status":"publish","type":"page","link":"https:\/\/www.cilsrbija.org\/en\/o-nama\/edukacija-i-konsultacija\/","title":{"rendered":"Edukacija i konsultacija"},"content":{"rendered":"<p>\u00a0 Jedna od najva\u017enijih odrednica u radu Centra je edukacija za osna\u017eivanje osoba sa invaliditetom i podizanje op\u0161te svesti o statusu i pravima osoba sa invaliditetom. Istovremeno sa stvaranjem mre\u017ee lokalnih podru\u017enica Centra, rodila se i ideja o formiranju grupe trenera, osoba sa invaliditetom, koji bi uspe\u0161no dalje vr\u0161ili edukaciju drugih osoba sa invaliditetom, partnera u lokalnoj zajednici, donosioca odluka, medijskih predstavnika, prosvetnih radnika itd.<br>\u00a0 U periodu septembar 2001\/maj 2002. Centar je u saradnji sa Timom Tri, Gradjanskih inicijativa, organizovao trening svojih aktivista za sticanje zvanja trenera\/facilitatora u oblasti podizanja svesti o problemima OSI. Trening je uspe\u0161no zavr\u0161ilo devet osoba sa invaliditetom.<br>\u00a0 Program treninga se u medjuvremenu obogatio upoznavanjem sa medjunarodnim i nacionalnim dokumentima, jezikom invalidnosti i filozofijom samostalnog \u017eivota osoba sa invaliditetom<br>\u00a0 Nakon toga Centar je uspe\u0161no zapoceo saradnju anga\u017eovanjem svog trenerskog tima za potrebe drugih nevladinih organizacija, domacih i medjunarodnih, dru\u0161tvenih institucija, \u0161kola i institucija vlasti, u edukaciji o problemima i pravima osoba sa invaliditetom.\u00a0<a href=\"http:\/\/www.cilsrbija.org\/en\/ser\/galerija\/edukacija&amp;konsultacija\/\">Galerija&#8230;<\/a><br>\u00a0 Danas treneri Centra rade samostalno i u saradnji sa drugim trenerskim timovima. Osim rada na podizanju svesti o statusu i pravima osoba sa invaliditetom, treneri Centra su ukljuceni u treninge o odnosima sa javno\u0161cu i kampanjama.<br>\u00a0 Jedan broj trenera je dodatno edukovan za konkretan rad na pru\u017eanju savetodavnih i konsultativnih usluga organizacijama osoba sa invaliditetom u vezi sa pisanjem predloga projekata, daljim razvijanjem projekata, njihovom implementacijom, pracenjem i evaluacijom. Vidi\u00a0<a href=\"http:\/\/www.cilsrbija.org\/en\/ser\/static.php\/?id=SHARE\">SHARE-SEE&#8230;<\/a><br>\u00a0 Treneri Centra su do sada odr\u017eali preko 600 seminara i radionica u preko 30 gradova Srbije.<br>\u00a0 Ovo je svakako doprinos naporima da se osobe sa invaliditetom osna\u017ee i postanu aktivniji ucesnici u zagovaranju svojih prava.<\/p>","protected":false},"excerpt":{"rendered":"<p>\u00a0 Jedna od najva\u017enijih odrednica u radu Centra je edukacija za osna\u017eivanje osoba sa invaliditetom i podizanje op\u0161te svesti o statusu i pravima osoba sa invaliditetom. Istovremeno sa stvaranjem mre\u017ee lokalnih podru\u017enica Centra, rodila se i ideja o formiranju grupe trenera, osoba sa invaliditetom, koji bi uspe\u0161no dalje vr\u0161ili edukaciju drugih osoba sa invaliditetom, partnera [&hellip;]<\/p>","protected":false},"author":1,"featured_media":0,"parent":1072,"menu_order":0,"comment_status":"closed","ping_status":"closed","template":"","meta":{"footnotes":""},"class_list":["post-1329","page","type-page","status-publish","hentry"],"_links":{"self":[{"href":"https:\/\/www.cilsrbija.org\/en\/wp-json\/wp\/v2\/pages\/1329","targetHints":{"allow":["GET"]}}],"collection":[{"href":"https:\/\/www.cilsrbija.org\/en\/wp-json\/wp\/v2\/pages"}],"about":[{"href":"https:\/\/www.cilsrbija.org\/en\/wp-json\/wp\/v2\/types\/page"}],"author":[{"embeddable":true,"href":"https:\/\/www.cilsrbija.org\/en\/wp-json\/wp\/v2\/users\/1"}],"replies":[{"embeddable":true,"href":"https:\/\/www.cilsrbija.org\/en\/wp-json\/wp\/v2\/comments?post=1329"}],"version-history":[{"count":1,"href":"https:\/\/www.cilsrbija.org\/en\/wp-json\/wp\/v2\/pages\/1329\/revisions"}],"predecessor-version":[{"id":1330,"href":"https:\/\/www.cilsrbija.org\/en\/wp-json\/wp\/v2\/pages\/1329\/revisions\/1330"}],"up":[{"embeddable":true,"href":"https:\/\/www.cilsrbija.org\/en\/wp-json\/wp\/v2\/pages\/1072"}],"wp:attachment":[{"href":"https:\/\/www.cilsrbija.org\/en\/wp-json\/wp\/v2\/media?parent=1329"}],"curies":[{"name":"wp","href":"https:\/\/api.w.org\/{rel}","templated":true}]}}