{"id":1327,"date":"2022-10-05T14:03:06","date_gmt":"2022-10-05T12:03:06","guid":{"rendered":"https:\/\/www.cilsrbija.org\/?page_id=1327"},"modified":"2022-10-05T14:07:35","modified_gmt":"2022-10-05T12:07:35","slug":"medjunarodna-saradnja","status":"publish","type":"page","link":"https:\/\/www.cilsrbija.org\/en\/o-nama\/medjunarodna-saradnja\/","title":{"rendered":"Medjunarodna saradnja"},"content":{"rendered":"<p>\u00a0 Centar za samostalni \u017eivot invalida Srbije je clan Evropske mre\u017ee za samostalni \u017eivot osoba sa invaliditetom ENIL u cijem Izvr\u0161nom komitetu ima svog predstavnika (www.enil.eu.com). Takodje saradjujemo sa Svetskom organizacijom \u017eena sa invaliditetom LFWD (Leadership Forum for Women with Disabilities \u2013 www. rehab-international.org\/ publications), Evropskim Forumom za osobe sa invaliditetom EDF (www.edf-feph.org), Svetskom bankom &#8211; Savetom za pitanja osoba sa invaliditetom (www. worldbank.org\/disability), Institutom za samostalni \u017eivot iz \u0160vedske (ILI \u2013 www.independentlivinginstitute.org), Medunarodnom organizacijom rada (ILO \u2013 www.ilo.org), Agencijom UN za razvoj (UNDP \u2013 www.undp.org), Odeljenjem UN za ekonomska i socijalna pitanja (DESA \u2013 www.un.org\/desa) a na\u0161i predstavnici su ucestvovali na mnogim medjunarodnim skupovima koji su bili posveceni pitanjima invalidnosti.<br>\u00a0 Kroz uspe\u0161nu medunarodnu saradnju i clanstvo u mre\u017eama srodnih organizacija Centar obezbedjuje protok informacija o aktivnostima svetskog invalidskog pokreta, o medunarodnim standardima i dokumentima, koji su u izradi ili su usvojeni i koristi ih kao orudje u zagovaranju, pracenju, analizi i predlaganju novih zakonskih re\u0161enja koja treba da doprinesu pobolj\u0161anju polo\u017eaja osoba sa invaliditetom. Znanja o filozofiji samostalnog \u017eivota i socijalnom pristupu invalidnosti i iskustvo u njihovom preno\u0161enju i primeni, dobra su orudja u ovom radu.<\/p>","protected":false},"excerpt":{"rendered":"<p>\u00a0 Centar za samostalni \u017eivot invalida Srbije je clan Evropske mre\u017ee za samostalni \u017eivot osoba sa invaliditetom ENIL u cijem Izvr\u0161nom komitetu ima svog predstavnika (www.enil.eu.com). Takodje saradjujemo sa Svetskom organizacijom \u017eena sa invaliditetom LFWD (Leadership Forum for Women with Disabilities \u2013 www. rehab-international.org\/ publications), Evropskim Forumom za osobe sa invaliditetom EDF (www.edf-feph.org), Svetskom bankom [&hellip;]<\/p>","protected":false},"author":1,"featured_media":0,"parent":1072,"menu_order":0,"comment_status":"closed","ping_status":"closed","template":"","meta":{"footnotes":""},"class_list":["post-1327","page","type-page","status-publish","hentry"],"_links":{"self":[{"href":"https:\/\/www.cilsrbija.org\/en\/wp-json\/wp\/v2\/pages\/1327","targetHints":{"allow":["GET"]}}],"collection":[{"href":"https:\/\/www.cilsrbija.org\/en\/wp-json\/wp\/v2\/pages"}],"about":[{"href":"https:\/\/www.cilsrbija.org\/en\/wp-json\/wp\/v2\/types\/page"}],"author":[{"embeddable":true,"href":"https:\/\/www.cilsrbija.org\/en\/wp-json\/wp\/v2\/users\/1"}],"replies":[{"embeddable":true,"href":"https:\/\/www.cilsrbija.org\/en\/wp-json\/wp\/v2\/comments?post=1327"}],"version-history":[{"count":1,"href":"https:\/\/www.cilsrbija.org\/en\/wp-json\/wp\/v2\/pages\/1327\/revisions"}],"predecessor-version":[{"id":1328,"href":"https:\/\/www.cilsrbija.org\/en\/wp-json\/wp\/v2\/pages\/1327\/revisions\/1328"}],"up":[{"embeddable":true,"href":"https:\/\/www.cilsrbija.org\/en\/wp-json\/wp\/v2\/pages\/1072"}],"wp:attachment":[{"href":"https:\/\/www.cilsrbija.org\/en\/wp-json\/wp\/v2\/media?parent=1327"}],"curies":[{"name":"wp","href":"https:\/\/api.w.org\/{rel}","templated":true}]}}