{"id":1318,"date":"2022-10-05T13:37:59","date_gmt":"2022-10-05T11:37:59","guid":{"rendered":"https:\/\/www.cilsrbija.org\/?page_id=1318"},"modified":"2022-10-05T13:59:02","modified_gmt":"2022-10-05T11:59:02","slug":"zastupnistvo","status":"publish","type":"page","link":"https:\/\/www.cilsrbija.org\/en\/o-nama\/zastupnistvo\/","title":{"rendered":"Zastupni\u0161tvo"},"content":{"rendered":"<p>Zastupni\u0161tvo<\/p>\n\n\n\n<p>Ni\u0161ta o nama bez nas!<\/p>\n\n\n\n<p>Ovo je poznata krilatica svetskog invalidskog pokreta, zasnovana na principu direktnog uce\u0161ca, koju je u svoj rad od pocetka primenjivao i Centar za samostalni \u017eivot invalida Srbije.<br>Aktivno uce\u0161ce osoba sa invaliditetom u svakodnevom \u017eivotu je dokazano kao odlican primer punog uce\u0161ca u praksi i doprinosa razvoju inkluzivnog dru\u0161tva, u kojem se po\u0161tuje i cuje svaciji glas, dru\u0161tva u kome osobe sa invaliditetom mogu da doprinesu oblikovanju boljeg sveta za sve.<br>U svom dugogodi\u0161njem delovanju kao organizacija koja radi na zagovaranju ljudskih prava osoba sa invaliditetom i poku\u0161ava da utice na dono\u0161enje politike koja ce ta prava obezbedjivati, Centar je nastojao da se u njihovo re\u0161avanje aktivno ukljuce i same osobe sa invaliditetom.<br>Osim \u0161to konkretnom&nbsp;<a href=\"http:\/\/www.cilsrbija.org\/en\/ser\/static.php\/?id=istrazivanje_i_izda.\">izdavackom delatno\u0161cu&nbsp;<\/a>i&nbsp;<a href=\"http:\/\/www.cilsrbija.org\/en\/ser\/static.php\/?id=projekti\">konkretnim projektima&nbsp;<\/a>direktno vodi zastupnicki rad, Centar radi na predstavljanju svojih stavova i predloga relevantnim donosiocima odluka na nacionalnom i lokalnim nivoima, sto se ogleda i u konkretnom radu na zakonodavnoj regulativi. Centar radi na razvijanju saradnje sa drugim organizacijama osoba sa invaliditetom u Srbiji radi zajednickog predstavljanja i zastupanja zajednickih ideja organima vlasti i gradjanima svoje zemlje.<br>Svoj zastupnicki rad Centar je preneo i na medjunarodnu aktivnost, radom u Evropskoj mre\u017ei Centara za samostalni \u017eivot, Medjunarodnoj organizaciji osoba sa invaliditetom i pri Ujedinjenim nacijama radom na UN Konvenciji.<\/p>","protected":false},"excerpt":{"rendered":"<p>Zastupni\u0161tvo Ni\u0161ta o nama bez nas! Ovo je poznata krilatica svetskog invalidskog pokreta, zasnovana na principu direktnog uce\u0161ca, koju je u svoj rad od pocetka primenjivao i Centar za samostalni \u017eivot invalida Srbije.Aktivno uce\u0161ce osoba sa invaliditetom u svakodnevom \u017eivotu je dokazano kao odlican primer punog uce\u0161ca u praksi i doprinosa razvoju inkluzivnog dru\u0161tva, u [&hellip;]<\/p>","protected":false},"author":1,"featured_media":0,"parent":1072,"menu_order":0,"comment_status":"closed","ping_status":"closed","template":"","meta":{"footnotes":""},"class_list":["post-1318","page","type-page","status-publish","hentry"],"_links":{"self":[{"href":"https:\/\/www.cilsrbija.org\/en\/wp-json\/wp\/v2\/pages\/1318","targetHints":{"allow":["GET"]}}],"collection":[{"href":"https:\/\/www.cilsrbija.org\/en\/wp-json\/wp\/v2\/pages"}],"about":[{"href":"https:\/\/www.cilsrbija.org\/en\/wp-json\/wp\/v2\/types\/page"}],"author":[{"embeddable":true,"href":"https:\/\/www.cilsrbija.org\/en\/wp-json\/wp\/v2\/users\/1"}],"replies":[{"embeddable":true,"href":"https:\/\/www.cilsrbija.org\/en\/wp-json\/wp\/v2\/comments?post=1318"}],"version-history":[{"count":1,"href":"https:\/\/www.cilsrbija.org\/en\/wp-json\/wp\/v2\/pages\/1318\/revisions"}],"predecessor-version":[{"id":1319,"href":"https:\/\/www.cilsrbija.org\/en\/wp-json\/wp\/v2\/pages\/1318\/revisions\/1319"}],"up":[{"embeddable":true,"href":"https:\/\/www.cilsrbija.org\/en\/wp-json\/wp\/v2\/pages\/1072"}],"wp:attachment":[{"href":"https:\/\/www.cilsrbija.org\/en\/wp-json\/wp\/v2\/media?parent=1318"}],"curies":[{"name":"wp","href":"https:\/\/api.w.org\/{rel}","templated":true}]}}