{"id":1245,"date":"2022-09-03T14:02:20","date_gmt":"2022-09-03T12:02:20","guid":{"rendered":"http:\/\/dev.cilsrbija.org\/?page_id=1245"},"modified":"2022-11-28T17:09:16","modified_gmt":"2022-11-28T16:09:16","slug":"lokalne-organizacije","status":"publish","type":"page","link":"https:\/\/www.cilsrbija.org\/en\/lokalne-organizacije\/","title":{"rendered":"Lokalne organizacije"},"content":{"rendered":"<div class=\"columns_padding_15\">\n\t<div class=\"isotope_container isotope row masonry-layout\"\n\t\t\t>\n\t\t\t\t\t<div\n\t\t\t\tclass=\"isotope-item col-lg-3 col-md-4 col-sm-6 col-xs-12\">\n\t\t\t\t<div class=\"vertical-item content-padding with_border rounded text-center\">\n\n\t\t\t<div class=\"item-media top_rounded overflow_hidden\">\n\t\t\t<img loading=\"lazy\" decoding=\"async\" width=\"300\" height=\"300\" src=\"https:\/\/www.cilsrbija.org\/wp-content\/uploads\/2026\/03\/Indjija-grb-1.png\" class=\"attachment-social-activism-full-width size-social-activism-full-width wp-post-image\" alt=\"\" srcset=\"https:\/\/www.cilsrbija.org\/wp-content\/uploads\/2026\/03\/Indjija-grb-1.png 300w, https:\/\/www.cilsrbija.org\/wp-content\/uploads\/2026\/03\/Indjija-grb-1-150x150.png 150w, https:\/\/www.cilsrbija.org\/wp-content\/uploads\/2026\/03\/Indjija-grb-1-12x12.png 12w\" sizes=\"auto, (max-width: 300px) 100vw, 300px\" \/>\t\t\t<div class=\"media-links\">\n\t\t\t\t<a class=\"abs-link\" href=\"https:\/\/www.cilsrbija.org\/en\/members\/indjija\/\"><\/a>\n\t\t\t<\/div>\n\t\t<\/div>\n\t\t<div class=\"item-content\">\n\n\t\t<h4 class=\"bottommargin_0\">\n\t\t\t<a href=\"https:\/\/www.cilsrbija.org\/en\/members\/indjija\/\">\n\t\t\t\tIn\u0111ija\t\t\t<\/a>\n\t\t<\/h4>\n\t\t\n\t<\/div>\n<\/div><!-- eof .vertical-item -->\n\t\t\t<\/div>\n\t\t\t\t\t<div\n\t\t\t\tclass=\"isotope-item col-lg-3 col-md-4 col-sm-6 col-xs-12\">\n\t\t\t\t<div class=\"vertical-item content-padding with_border rounded text-center\">\n\n\t\t\t<div class=\"item-media top_rounded overflow_hidden\">\n\t\t\t<img loading=\"lazy\" decoding=\"async\" width=\"648\" height=\"648\" src=\"https:\/\/www.cilsrbija.org\/wp-content\/uploads\/2022\/11\/trstenik-grb.jpg\" class=\"attachment-social-activism-full-width size-social-activism-full-width wp-post-image\" alt=\"\" srcset=\"https:\/\/www.cilsrbija.org\/wp-content\/uploads\/2022\/11\/trstenik-grb.jpg 648w, https:\/\/www.cilsrbija.org\/wp-content\/uploads\/2022\/11\/trstenik-grb-300x300.jpg 300w, https:\/\/www.cilsrbija.org\/wp-content\/uploads\/2022\/11\/trstenik-grb-150x150.jpg 150w, https:\/\/www.cilsrbija.org\/wp-content\/uploads\/2022\/11\/trstenik-grb-12x12.jpg 12w\" sizes=\"auto, (max-width: 648px) 100vw, 648px\" \/>\t\t\t<div class=\"media-links\">\n\t\t\t\t<a class=\"abs-link\" href=\"https:\/\/www.cilsrbija.org\/en\/members\/trstenik\/\"><\/a>\n\t\t\t<\/div>\n\t\t<\/div>\n\t\t<div class=\"item-content\">\n\n\t\t<h4 class=\"bottommargin_0\">\n\t\t\t<a href=\"https:\/\/www.cilsrbija.org\/en\/members\/trstenik\/\">\n\t\t\t\tTrstenik\t\t\t<\/a>\n\t\t<\/h4>\n\t\t\n\t<\/div>\n<\/div><!-- eof .vertical-item -->\n\t\t\t<\/div>\n\t\t\t\t\t<div\n\t\t\t\tclass=\"isotope-item col-lg-3 col-md-4 col-sm-6 col-xs-12\">\n\t\t\t\t<div class=\"vertical-item content-padding with_border rounded text-center\">\n\n\t\t\t<div class=\"item-media top_rounded overflow_hidden\">\n\t\t\t<img loading=\"lazy\" decoding=\"async\" width=\"648\" height=\"648\" src=\"https:\/\/www.cilsrbija.org\/wp-content\/uploads\/2022\/11\/cacak-grb.jpg\" class=\"attachment-social-activism-full-width size-social-activism-full-width wp-post-image\" alt=\"\" srcset=\"https:\/\/www.cilsrbija.org\/wp-content\/uploads\/2022\/11\/cacak-grb.jpg 648w, https:\/\/www.cilsrbija.org\/wp-content\/uploads\/2022\/11\/cacak-grb-300x300.jpg 300w, https:\/\/www.cilsrbija.org\/wp-content\/uploads\/2022\/11\/cacak-grb-150x150.jpg 150w, https:\/\/www.cilsrbija.org\/wp-content\/uploads\/2022\/11\/cacak-grb-12x12.jpg 12w\" sizes=\"auto, (max-width: 648px) 100vw, 648px\" \/>\t\t\t<div class=\"media-links\">\n\t\t\t\t<a class=\"abs-link\" href=\"https:\/\/www.cilsrbija.org\/en\/members\/cacak\/\"><\/a>\n\t\t\t<\/div>\n\t\t<\/div>\n\t\t<div class=\"item-content\">\n\n\t\t<h4 class=\"bottommargin_0\">\n\t\t\t<a href=\"https:\/\/www.cilsrbija.org\/en\/members\/cacak\/\">\n\t\t\t\t\u010ca\u010dak\t\t\t<\/a>\n\t\t<\/h4>\n\t\t\n\t<\/div>\n<\/div><!-- eof .vertical-item -->\n\t\t\t<\/div>\n\t\t\t\t\t<div\n\t\t\t\tclass=\"isotope-item col-lg-3 col-md-4 col-sm-6 col-xs-12\">\n\t\t\t\t<div class=\"vertical-item content-padding with_border rounded text-center\">\n\n\t\t\t<div class=\"item-media top_rounded overflow_hidden\">\n\t\t\t<img loading=\"lazy\" decoding=\"async\" width=\"648\" height=\"648\" src=\"https:\/\/www.cilsrbija.org\/wp-content\/uploads\/2022\/11\/kragujevac-grb.jpg\" class=\"attachment-social-activism-full-width size-social-activism-full-width wp-post-image\" alt=\"\" srcset=\"https:\/\/www.cilsrbija.org\/wp-content\/uploads\/2022\/11\/kragujevac-grb.jpg 648w, https:\/\/www.cilsrbija.org\/wp-content\/uploads\/2022\/11\/kragujevac-grb-300x300.jpg 300w, https:\/\/www.cilsrbija.org\/wp-content\/uploads\/2022\/11\/kragujevac-grb-150x150.jpg 150w, https:\/\/www.cilsrbija.org\/wp-content\/uploads\/2022\/11\/kragujevac-grb-12x12.jpg 12w\" sizes=\"auto, (max-width: 648px) 100vw, 648px\" \/>\t\t\t<div class=\"media-links\">\n\t\t\t\t<a class=\"abs-link\" href=\"https:\/\/www.cilsrbija.org\/en\/members\/kragujevac\/\"><\/a>\n\t\t\t<\/div>\n\t\t<\/div>\n\t\t<div class=\"item-content\">\n\n\t\t<h4 class=\"bottommargin_0\">\n\t\t\t<a href=\"https:\/\/www.cilsrbija.org\/en\/members\/kragujevac\/\">\n\t\t\t\tKragujevac\t\t\t<\/a>\n\t\t<\/h4>\n\t\t\n\t<\/div>\n<\/div><!-- eof .vertical-item -->\n\t\t\t<\/div>\n\t\t\t\t\t<div\n\t\t\t\tclass=\"isotope-item col-lg-3 col-md-4 col-sm-6 col-xs-12\">\n\t\t\t\t<div class=\"vertical-item content-padding with_border rounded text-center\">\n\n\t\t\t<div class=\"item-media top_rounded overflow_hidden\">\n\t\t\t<img loading=\"lazy\" decoding=\"async\" width=\"648\" height=\"648\" src=\"https:\/\/www.cilsrbija.org\/wp-content\/uploads\/2022\/11\/bor-grb.jpg\" class=\"attachment-social-activism-full-width size-social-activism-full-width wp-post-image\" alt=\"\" srcset=\"https:\/\/www.cilsrbija.org\/wp-content\/uploads\/2022\/11\/bor-grb.jpg 648w, https:\/\/www.cilsrbija.org\/wp-content\/uploads\/2022\/11\/bor-grb-300x300.jpg 300w, https:\/\/www.cilsrbija.org\/wp-content\/uploads\/2022\/11\/bor-grb-150x150.jpg 150w, https:\/\/www.cilsrbija.org\/wp-content\/uploads\/2022\/11\/bor-grb-12x12.jpg 12w\" sizes=\"auto, (max-width: 648px) 100vw, 648px\" \/>\t\t\t<div class=\"media-links\">\n\t\t\t\t<a class=\"abs-link\" href=\"https:\/\/www.cilsrbija.org\/en\/members\/bor\/\"><\/a>\n\t\t\t<\/div>\n\t\t<\/div>\n\t\t<div class=\"item-content\">\n\n\t\t<h4 class=\"bottommargin_0\">\n\t\t\t<a href=\"https:\/\/www.cilsrbija.org\/en\/members\/bor\/\">\n\t\t\t\tBor\t\t\t<\/a>\n\t\t<\/h4>\n\t\t\n\t<\/div>\n<\/div><!-- eof .vertical-item -->\n\t\t\t<\/div>\n\t\t\t\t\t<div\n\t\t\t\tclass=\"isotope-item col-lg-3 col-md-4 col-sm-6 col-xs-12\">\n\t\t\t\t<div class=\"vertical-item content-padding with_border rounded text-center\">\n\n\t\t\t<div class=\"item-media top_rounded overflow_hidden\">\n\t\t\t<img loading=\"lazy\" decoding=\"async\" width=\"648\" height=\"648\" src=\"https:\/\/www.cilsrbija.org\/wp-content\/uploads\/2022\/11\/sombor-grb.jpg\" class=\"attachment-social-activism-full-width size-social-activism-full-width wp-post-image\" alt=\"\" srcset=\"https:\/\/www.cilsrbija.org\/wp-content\/uploads\/2022\/11\/sombor-grb.jpg 648w, https:\/\/www.cilsrbija.org\/wp-content\/uploads\/2022\/11\/sombor-grb-300x300.jpg 300w, https:\/\/www.cilsrbija.org\/wp-content\/uploads\/2022\/11\/sombor-grb-150x150.jpg 150w, https:\/\/www.cilsrbija.org\/wp-content\/uploads\/2022\/11\/sombor-grb-12x12.jpg 12w\" sizes=\"auto, (max-width: 648px) 100vw, 648px\" \/>\t\t\t<div class=\"media-links\">\n\t\t\t\t<a class=\"abs-link\" href=\"https:\/\/www.cilsrbija.org\/en\/members\/sombor\/\"><\/a>\n\t\t\t<\/div>\n\t\t<\/div>\n\t\t<div class=\"item-content\">\n\n\t\t<h4 class=\"bottommargin_0\">\n\t\t\t<a href=\"https:\/\/www.cilsrbija.org\/en\/members\/sombor\/\">\n\t\t\t\tSombor\t\t\t<\/a>\n\t\t<\/h4>\n\t\t\n\t<\/div>\n<\/div><!-- eof .vertical-item -->\n\t\t\t<\/div>\n\t\t\t\t\t<div\n\t\t\t\tclass=\"isotope-item col-lg-3 col-md-4 col-sm-6 col-xs-12\">\n\t\t\t\t<div class=\"vertical-item content-padding with_border rounded text-center\">\n\n\t\t\t<div class=\"item-media top_rounded overflow_hidden\">\n\t\t\t<img loading=\"lazy\" decoding=\"async\" width=\"648\" height=\"648\" src=\"https:\/\/www.cilsrbija.org\/wp-content\/uploads\/2022\/11\/beograd-grb.jpg\" class=\"attachment-social-activism-full-width size-social-activism-full-width wp-post-image\" alt=\"\" srcset=\"https:\/\/www.cilsrbija.org\/wp-content\/uploads\/2022\/11\/beograd-grb.jpg 648w, https:\/\/www.cilsrbija.org\/wp-content\/uploads\/2022\/11\/beograd-grb-300x300.jpg 300w, https:\/\/www.cilsrbija.org\/wp-content\/uploads\/2022\/11\/beograd-grb-150x150.jpg 150w, https:\/\/www.cilsrbija.org\/wp-content\/uploads\/2022\/11\/beograd-grb-12x12.jpg 12w\" sizes=\"auto, (max-width: 648px) 100vw, 648px\" \/>\t\t\t<div class=\"media-links\">\n\t\t\t\t<a class=\"abs-link\" href=\"https:\/\/www.cilsrbija.org\/en\/members\/beograd\/\"><\/a>\n\t\t\t<\/div>\n\t\t<\/div>\n\t\t<div class=\"item-content\">\n\n\t\t<h4 class=\"bottommargin_0\">\n\t\t\t<a href=\"https:\/\/www.cilsrbija.org\/en\/members\/beograd\/\">\n\t\t\t\tBeograd\t\t\t<\/a>\n\t\t<\/h4>\n\t\t\n\t<\/div>\n<\/div><!-- eof .vertical-item -->\n\t\t\t<\/div>\n\t\t\t\t\t<div\n\t\t\t\tclass=\"isotope-item col-lg-3 col-md-4 col-sm-6 col-xs-12\">\n\t\t\t\t<div class=\"vertical-item content-padding with_border rounded text-center\">\n\n\t\t\t<div class=\"item-media top_rounded overflow_hidden\">\n\t\t\t<img loading=\"lazy\" decoding=\"async\" width=\"648\" height=\"648\" src=\"https:\/\/www.cilsrbija.org\/wp-content\/uploads\/2022\/11\/leskovac-grb.jpg\" class=\"attachment-social-activism-full-width size-social-activism-full-width wp-post-image\" alt=\"\" srcset=\"https:\/\/www.cilsrbija.org\/wp-content\/uploads\/2022\/11\/leskovac-grb.jpg 648w, https:\/\/www.cilsrbija.org\/wp-content\/uploads\/2022\/11\/leskovac-grb-300x300.jpg 300w, https:\/\/www.cilsrbija.org\/wp-content\/uploads\/2022\/11\/leskovac-grb-150x150.jpg 150w, https:\/\/www.cilsrbija.org\/wp-content\/uploads\/2022\/11\/leskovac-grb-12x12.jpg 12w\" sizes=\"auto, (max-width: 648px) 100vw, 648px\" \/>\t\t\t<div class=\"media-links\">\n\t\t\t\t<a class=\"abs-link\" href=\"https:\/\/www.cilsrbija.org\/en\/members\/leskovac\/\"><\/a>\n\t\t\t<\/div>\n\t\t<\/div>\n\t\t<div class=\"item-content\">\n\n\t\t<h4 class=\"bottommargin_0\">\n\t\t\t<a href=\"https:\/\/www.cilsrbija.org\/en\/members\/leskovac\/\">\n\t\t\t\tLeskovac\t\t\t<\/a>\n\t\t<\/h4>\n\t\t\n\t<\/div>\n<\/div><!-- eof .vertical-item -->\n\t\t\t<\/div>\n\t\t\t\t\t<div\n\t\t\t\tclass=\"isotope-item col-lg-3 col-md-4 col-sm-6 col-xs-12\">\n\t\t\t\t<div class=\"vertical-item content-padding with_border rounded text-center\">\n\n\t\t\t<div class=\"item-media top_rounded overflow_hidden\">\n\t\t\t<img loading=\"lazy\" decoding=\"async\" width=\"648\" height=\"648\" src=\"https:\/\/www.cilsrbija.org\/wp-content\/uploads\/2022\/09\/nis-grb.jpg\" class=\"attachment-social-activism-full-width size-social-activism-full-width wp-post-image\" alt=\"\" srcset=\"https:\/\/www.cilsrbija.org\/wp-content\/uploads\/2022\/09\/nis-grb.jpg 648w, https:\/\/www.cilsrbija.org\/wp-content\/uploads\/2022\/09\/nis-grb-300x300.jpg 300w, https:\/\/www.cilsrbija.org\/wp-content\/uploads\/2022\/09\/nis-grb-150x150.jpg 150w, https:\/\/www.cilsrbija.org\/wp-content\/uploads\/2022\/09\/nis-grb-12x12.jpg 12w\" sizes=\"auto, (max-width: 648px) 100vw, 648px\" \/>\t\t\t<div class=\"media-links\">\n\t\t\t\t<a class=\"abs-link\" href=\"https:\/\/www.cilsrbija.org\/en\/members\/nis\/\"><\/a>\n\t\t\t<\/div>\n\t\t<\/div>\n\t\t<div class=\"item-content\">\n\n\t\t<h4 class=\"bottommargin_0\">\n\t\t\t<a href=\"https:\/\/www.cilsrbija.org\/en\/members\/nis\/\">\n\t\t\t\tNi\u0161\t\t\t<\/a>\n\t\t<\/h4>\n\t\t\n\t<\/div>\n<\/div><!-- eof .vertical-item -->\n\t\t\t<\/div>\n\t\t\t\t\t<div\n\t\t\t\tclass=\"isotope-item col-lg-3 col-md-4 col-sm-6 col-xs-12\">\n\t\t\t\t<div class=\"vertical-item content-padding with_border rounded text-center\">\n\n\t\t\t<div class=\"item-media top_rounded overflow_hidden\">\n\t\t\t<img loading=\"lazy\" decoding=\"async\" width=\"648\" height=\"648\" src=\"https:\/\/www.cilsrbija.org\/wp-content\/uploads\/2022\/09\/smederevo-grb.jpg\" class=\"attachment-social-activism-full-width size-social-activism-full-width wp-post-image\" alt=\"\" srcset=\"https:\/\/www.cilsrbija.org\/wp-content\/uploads\/2022\/09\/smederevo-grb.jpg 648w, https:\/\/www.cilsrbija.org\/wp-content\/uploads\/2022\/09\/smederevo-grb-300x300.jpg 300w, https:\/\/www.cilsrbija.org\/wp-content\/uploads\/2022\/09\/smederevo-grb-150x150.jpg 150w, https:\/\/www.cilsrbija.org\/wp-content\/uploads\/2022\/09\/smederevo-grb-12x12.jpg 12w\" sizes=\"auto, (max-width: 648px) 100vw, 648px\" \/>\t\t\t<div class=\"media-links\">\n\t\t\t\t<a class=\"abs-link\" href=\"https:\/\/www.cilsrbija.org\/en\/members\/smederevo\/\"><\/a>\n\t\t\t<\/div>\n\t\t<\/div>\n\t\t<div class=\"item-content\">\n\n\t\t<h4 class=\"bottommargin_0\">\n\t\t\t<a href=\"https:\/\/www.cilsrbija.org\/en\/members\/smederevo\/\">\n\t\t\t\tSmederevo\t\t\t<\/a>\n\t\t<\/h4>\n\t\t\n\t<\/div>\n<\/div><!-- eof .vertical-item -->\n\t\t\t<\/div>\n\t\t\t\t\t<div\n\t\t\t\tclass=\"isotope-item col-lg-3 col-md-4 col-sm-6 col-xs-12\">\n\t\t\t\t<div class=\"vertical-item content-padding with_border rounded text-center\">\n\n\t\t\t<div class=\"item-media top_rounded overflow_hidden\">\n\t\t\t<img loading=\"lazy\" decoding=\"async\" width=\"648\" height=\"648\" src=\"https:\/\/www.cilsrbija.org\/wp-content\/uploads\/2022\/09\/jagodina-grb.jpg\" class=\"attachment-social-activism-full-width size-social-activism-full-width wp-post-image\" alt=\"\" srcset=\"https:\/\/www.cilsrbija.org\/wp-content\/uploads\/2022\/09\/jagodina-grb.jpg 648w, https:\/\/www.cilsrbija.org\/wp-content\/uploads\/2022\/09\/jagodina-grb-300x300.jpg 300w, https:\/\/www.cilsrbija.org\/wp-content\/uploads\/2022\/09\/jagodina-grb-150x150.jpg 150w, https:\/\/www.cilsrbija.org\/wp-content\/uploads\/2022\/09\/jagodina-grb-12x12.jpg 12w\" sizes=\"auto, (max-width: 648px) 100vw, 648px\" \/>\t\t\t<div class=\"media-links\">\n\t\t\t\t<a class=\"abs-link\" href=\"https:\/\/www.cilsrbija.org\/en\/members\/jagodina\/\"><\/a>\n\t\t\t<\/div>\n\t\t<\/div>\n\t\t<div class=\"item-content\">\n\n\t\t<h4 class=\"bottommargin_0\">\n\t\t\t<a href=\"https:\/\/www.cilsrbija.org\/en\/members\/jagodina\/\">\n\t\t\t\tJagodina\t\t\t<\/a>\n\t\t<\/h4>\n\t\t\n\t<\/div>\n<\/div><!-- eof .vertical-item -->\n\t\t\t<\/div>\n\t\t\t\t\t<\/div><!-- eof .isotope_container -->\n<\/div><!-- eof .columns_padding_* -->","protected":false},"excerpt":{"rendered":"<p>Pocela je sa radom 09.11.2001. (Registarski broj: 212-2). Podru\u017enica okuplja osobe sa invaliditetom svih kategorija sa teritorija Op\u0161tina Jagodine, Svilajnca, Despotovca, Cuprije i Paracina. Podru\u017enica CS\u017d u Jagodini, nastala je u okviru projekta Centra za S\u017dI Srbije koji je tokom 2000. \u0161irio mre\u017eu svojih podru\u017enica \u017eirom Srbije. Pored sedi\u0161ta Centra u Beogradu, otvorene su organizacione [&hellip;]<\/p>","protected":false},"author":2,"featured_media":0,"parent":0,"menu_order":0,"comment_status":"closed","ping_status":"closed","template":"","meta":{"footnotes":""},"class_list":["post-1245","page","type-page","status-publish","hentry","has-post-thumbnail"],"_links":{"self":[{"href":"https:\/\/www.cilsrbija.org\/en\/wp-json\/wp\/v2\/pages\/1245","targetHints":{"allow":["GET"]}}],"collection":[{"href":"https:\/\/www.cilsrbija.org\/en\/wp-json\/wp\/v2\/pages"}],"about":[{"href":"https:\/\/www.cilsrbija.org\/en\/wp-json\/wp\/v2\/types\/page"}],"author":[{"embeddable":true,"href":"https:\/\/www.cilsrbija.org\/en\/wp-json\/wp\/v2\/users\/2"}],"replies":[{"embeddable":true,"href":"https:\/\/www.cilsrbija.org\/en\/wp-json\/wp\/v2\/comments?post=1245"}],"version-history":[{"count":8,"href":"https:\/\/www.cilsrbija.org\/en\/wp-json\/wp\/v2\/pages\/1245\/revisions"}],"predecessor-version":[{"id":1404,"href":"https:\/\/www.cilsrbija.org\/en\/wp-json\/wp\/v2\/pages\/1245\/revisions\/1404"}],"wp:attachment":[{"href":"https:\/\/www.cilsrbija.org\/en\/wp-json\/wp\/v2\/media?parent=1245"}],"curies":[{"name":"wp","href":"https:\/\/api.w.org\/{rel}","templated":true}]}}