{"id":1240,"date":"2019-09-26T00:00:00","date_gmt":"2019-09-25T22:00:00","guid":{"rendered":"http:\/\/dev.cilsrbija.org\/licenciranje_2019\/"},"modified":"2019-09-26T00:00:00","modified_gmt":"2019-09-25T22:00:00","slug":"licenciranje_2019","status":"publish","type":"page","link":"https:\/\/www.cilsrbija.org\/en\/licenciranje_2019\/","title":{"rendered":"licenciranje_2019"},"content":{"rendered":"<h2>Licenciranjem do pune usluge socijalne za&scaron;tite za OSI<\/h2>\n<p>Cilj projekta je  doprinos  ostvarivanju  ljudskih prava osoba sa invaliditetom i razvoj lokalnih usluga socijalne za&scaron;tite predvi&#273;enih Strategijom socijalne za&scaron;tite &Scaron;apca i prate&#263;im Akcionom planom za osobe sa invaliditetom, kroz podr&scaron;ku samostalnom \u017eivotu osoba sa invaliditetom i njihovom punom gra&#273;anskom u&#269;e&scaron;&#263;u u &Scaron;apcu.  <\/p>\n<p>Specifi&#269;ni cilj projekta je unapre&#273;enje  uslova kvaliteta \u017eivota osoba sa invaliditetom kroz razvoj i pru\u017eanje usluge parsonalne asistencije, javno zagovaranje za uvo&#273;enje ove usluge u sistem socijalne za&scaron;tite grada &Scaron;apca, kao i ja&#269;anje kapaciteta organizacija u &Scaron;apcu za pisanje i rukovo&#273;enje projektima i stvaranje uslova (uz podr&scaron;ku Centra za samostalni \u017eivot osoba sa invaliditetomSrbije) da Udru\u017eenje paraplegi&#269;ara Ma&#269;vanskog okruga dobije licencu za pru\u017eanje usluge personalne asistencije.<\/p>\n<p>  Projekat finansira UNDP, kroz program ReLOaD.<\/p>","protected":false},"excerpt":{"rendered":"<p>Licenciranjem do pune usluge socijalne za&scaron;tite za OSI Cilj projekta je doprinos ostvarivanju ljudskih prava osoba sa invaliditetom i razvoj lokalnih usluga socijalne za&scaron;tite predvi&#273;enih Strategijom socijalne za&scaron;tite &Scaron;apca i prate&#263;im Akcionom planom za osobe sa invaliditetom, kroz podr&scaron;ku samostalnom \u017eivotu osoba sa invaliditetom i njihovom punom gra&#273;anskom u&#269;e&scaron;&#263;u u &Scaron;apcu. Specifi&#269;ni cilj projekta je [&hellip;]<\/p>","protected":false},"author":2,"featured_media":0,"parent":0,"menu_order":0,"comment_status":"closed","ping_status":"closed","template":"","meta":{"footnotes":""},"class_list":["post-1240","page","type-page","status-publish","hentry"],"_links":{"self":[{"href":"https:\/\/www.cilsrbija.org\/en\/wp-json\/wp\/v2\/pages\/1240","targetHints":{"allow":["GET"]}}],"collection":[{"href":"https:\/\/www.cilsrbija.org\/en\/wp-json\/wp\/v2\/pages"}],"about":[{"href":"https:\/\/www.cilsrbija.org\/en\/wp-json\/wp\/v2\/types\/page"}],"author":[{"embeddable":true,"href":"https:\/\/www.cilsrbija.org\/en\/wp-json\/wp\/v2\/users\/2"}],"replies":[{"embeddable":true,"href":"https:\/\/www.cilsrbija.org\/en\/wp-json\/wp\/v2\/comments?post=1240"}],"version-history":[{"count":0,"href":"https:\/\/www.cilsrbija.org\/en\/wp-json\/wp\/v2\/pages\/1240\/revisions"}],"wp:attachment":[{"href":"https:\/\/www.cilsrbija.org\/en\/wp-json\/wp\/v2\/media?parent=1240"}],"curies":[{"name":"wp","href":"https:\/\/api.w.org\/{rel}","templated":true}]}}