{"id":1183,"date":"2010-08-27T00:00:00","date_gmt":"2010-08-26T22:00:00","guid":{"rendered":"http:\/\/dev.cilsrbija.org\/projekti_aktuelno\/"},"modified":"2025-07-15T14:34:01","modified_gmt":"2025-07-15T12:34:01","slug":"projekti","status":"publish","type":"page","link":"https:\/\/www.cilsrbija.org\/en\/projekti\/","title":{"rendered":"Aktuelni projekti"},"content":{"rendered":"<p style=\"font-weight: 400;\"><strong>Ja\u010danje otpornosti \u017eena sa invaliditetom na uticaj\u00a0 klimatskih promena u regionu Zapadnog Balkana<\/strong><\/p>\n<p style=\"font-weight: 400;\">Krize uzrokovane klimatskim promjenama u\u010dinile su\u00a0 vidljivijim probleme sa kojim se suo\u010davaju ranjive grupe, pogotovo osobe s invaliditetom (OSI), a jo\u0161 izra\u017eenije \u017eene sa invaliditetom, zbog njihove vi\u0161estruke marginalizacije.<\/p>\n<p style=\"font-weight: 400;\">Crna Gora, Bosna i Hercegovina i Srbija su potpisivanjem Pariskog sporazuma potvrdile obavezu zajedni\u010dke borbe protiv negativnog uticaja klimatskih promena sa ostalim zemljama potpisnicama. Dr\u017eave koje ne ispune obaveze iz Pariskog sporazuma zapravo isklju\u010duju invaliditet iz napora za ubla\u017eavanje klimatskih promjena ili kr\u0161e prava na zdravu \u017eivotnu sredinu i dru\u0161tvo bez diskriminacije, kao i Konvenciju o pravima OSI.<\/p>\n<p style=\"font-weight: 400;\">U projektne aktivnosti bi\u0107e uklju\u010deno (kao direktna ciljna grupa) 30 osoba s invaliditetom od kojih je najmanje 20 \u017eena s invaliditetom i to:<\/p>\n<p style=\"font-weight: 400;\">&#8211;\u00a0\u00a0\u00a0\u00a0\u00a0\u00a0\u00a0\u00a0\u00a0\u00a010 \u010dlanova\/ca NVO Mozaik Nik\u0161i\u0107 Crna Gora<br \/>\n&#8211;\u00a0\u00a0\u00a0\u00a0\u00a0\u00a0\u00a0\u00a0\u00a0\u00a010 \u010dlanova\/ca Saveza udru\u017eenja osoba s cerebralnom paralizom Federacije Bosne i Hercegovine.<br \/>\n&#8211;\u00a0\u00a0\u00a0\u00a0\u00a0\u00a0\u00a0\u00a0\u00a0\u00a010 \u010dlanova\/ca Centra za samostalni \u017eivot osoba sa invaliditetom Srbije sa sedi\u0161tem u Beogradu i lokalnih Centara.<\/p>\n<p style=\"font-weight: 400;\">Projekat finansiraju ADA (Austrian Development Agency) i SIDA (Swedish International Development Cooperation Agency).<\/p>\n<p style=\"font-weight: 400;\"><strong>Jednake mogu\u0107nosti<\/strong><\/p>\n<p style=\"font-weight: 400;\">Projekat je realizovan od oktobra \u201821 do marta 2022.<\/p>\n<p style=\"font-weight: 400;\">Projekat je bio usmeren na smanjenje diskriminacije a rezultati su\u00a0 &#8211; Podignut nivo svesti i kapaciteti\u00a0 predstavnika lokalnih uprava, lokalnih ombudsmana, socijalnih i obrazovnih ustanova. koji su bili uklju\u010deni u edukativne radionice u vezi sa pravima, potrebama, polo\u017eaju i preprekama koje dovode do diskriminacije osoba sa invaliditetom, a \u0161to rezultira socijalnom isklju\u010deno\u0161\u0107u pripadnika ove grupe.<\/p>\n<p style=\"font-weight: 400;\">Veliki broj u\u010desnika edukacija.<\/p>\n<p style=\"font-weight: 400;\">Rezultati\u00a0 ankete nakon sprovedene edukacije i sumiranje utisaka navedenih u evaluacionim upitnicima, govore o postignutom visokom stepenu senzibilizacije u\u010desnika prema problemima OSI u lokalnoj zajednici.<\/p>\n<p style=\"font-weight: 400;\">U projektu su ucestvovali Centri za samostalni zivot OSI Kragujevca, Smedereva i Trstenika a finansiralo ga je Ministarstvo za ljudska i manjinska prava i dru\u0161tveni dijalog.<\/p>\n<p><strong>Samostalni \u017eivot OSI u Beogradu<\/strong><\/p>\n<p>Centar za samostalni \u017eivot OSI Srbije i nadalje sprovodi uslugu personalne asistencije za osobe sa invaliditetom u Beogradu.<\/p>\n<p>Trenutno se usluga pru\u017ea za 90 korisnika \u2013 slepe osobe i osobe sa telesnim invaliditetom i naravno, namera je da se broj korisnika\/ca pove\u0107ava.<\/p>\n<p>Uslugu finansira Grad Beograd, preko Sekretarijata za socijalnu za\u0161titu.<\/p>\n<p><strong>Primeni, prati, promeni<\/strong><\/p>\n<p>Projekat Primeni, prati, promeni se odnosi na doprinos punoj i efektivnoj socijalnoj inkluziji i u\u010de\u0161\u0107u osoba sa invaliditetom u dru\u0161tvenom \u017eivotu zajednice kroz javno zagovaranje primene i monitoringa primene Strategije za unapre\u0111enje polo\u017eaja osoba sa invaliditeom u Republici Srbiji u periodu od 2020. do 2024. godine, na nivou jedinica lokalne samouprave u Srbiji.<\/p>\n<p>Projekat se odvija u pet gradova\/op\u0161tina, u kojima su lokalni Centri za samostalni \u017eivot: Smederevo, Jagodina, Kragujevac, \u010ca\u010dak i Trstenik.<\/p>\n<p>Projekat finansira \u0161vajcarska agencija za razvoj HELVETAS.<\/p>\n<p><strong>Personalna asistencija u Boru<\/strong><\/p>\n<p>Centar za samostalni \u017eivot OSI Srbije je na Javnom pozivu Grada Bora ispunio sve uslove za obezbe\u0111ivanje usluge personalne asistencije za osoba sa invaliditetom. Trenutno su obezbe\u0111ena sredstva za \u0161est korisnika\/ca i anga\u017euje se \u0161est personalnih asistenata a Javni poziv se objavljuje na godi\u0161njem nivou.<\/p>\n<p>Uslugu finansira Grad Bor.<\/p>\n<p><strong>Ekonomsko osna\u017eivanje osoba sa invaliditetom u Srbiji<\/strong><\/p>\n<p>Projekat Ekonomsko osna\u017eivanje OSI u Srbiji, se realizuje uz finansijsku podr\u0161ku USAIDa a sprovode ga Forum mladih sa invaliditetom, CARITAS, DIVAC Fondacija, SMART kolektiv i Centar za Samostalni \u017divot osoba sa invaliditetom Srbije.<\/p>\n<p>Projektom bi trebalo da se stvori ravnopravna osnova za zapo\u0161ljavanje osoba sa invaliditetom \u2013 \u0161to zna\u010di jednak i slobodan pristup tr\u017ei\u0161tu rada i radno okru\u017eenje koje je otvoreno, inkluzivno i dostupno osobama sa invaliditetom.<\/p>","protected":false},"excerpt":{"rendered":"<p>Ja\u010danje otpornosti \u017eena sa invaliditetom na uticaj\u00a0 klimatskih promena u regionu Zapadnog Balkana Krize uzrokovane klimatskim promjenama u\u010dinile su\u00a0 vidljivijim probleme sa kojim se suo\u010davaju ranjive grupe, pogotovo osobe s invaliditetom (OSI), a jo\u0161 izra\u017eenije \u017eene sa invaliditetom, zbog njihove vi\u0161estruke marginalizacije. Crna Gora, Bosna i Hercegovina i Srbija su potpisivanjem Pariskog sporazuma potvrdile obavezu [&hellip;]<\/p>","protected":false},"author":2,"featured_media":0,"parent":0,"menu_order":0,"comment_status":"closed","ping_status":"closed","template":"","meta":{"footnotes":""},"class_list":["post-1183","page","type-page","status-publish","hentry"],"_links":{"self":[{"href":"https:\/\/www.cilsrbija.org\/en\/wp-json\/wp\/v2\/pages\/1183","targetHints":{"allow":["GET"]}}],"collection":[{"href":"https:\/\/www.cilsrbija.org\/en\/wp-json\/wp\/v2\/pages"}],"about":[{"href":"https:\/\/www.cilsrbija.org\/en\/wp-json\/wp\/v2\/types\/page"}],"author":[{"embeddable":true,"href":"https:\/\/www.cilsrbija.org\/en\/wp-json\/wp\/v2\/users\/2"}],"replies":[{"embeddable":true,"href":"https:\/\/www.cilsrbija.org\/en\/wp-json\/wp\/v2\/comments?post=1183"}],"version-history":[{"count":5,"href":"https:\/\/www.cilsrbija.org\/en\/wp-json\/wp\/v2\/pages\/1183\/revisions"}],"predecessor-version":[{"id":2195,"href":"https:\/\/www.cilsrbija.org\/en\/wp-json\/wp\/v2\/pages\/1183\/revisions\/2195"}],"wp:attachment":[{"href":"https:\/\/www.cilsrbija.org\/en\/wp-json\/wp\/v2\/media?parent=1183"}],"curies":[{"name":"wp","href":"https:\/\/api.w.org\/{rel}","templated":true}]}}