{"id":1169,"date":"2010-01-19T00:00:00","date_gmt":"2010-01-18T23:00:00","guid":{"rendered":"http:\/\/dev.cilsrbija.org\/sombor_aktivnosti_6\/"},"modified":"2010-01-19T00:00:00","modified_gmt":"2010-01-18T23:00:00","slug":"sombor_aktivnosti_6","status":"publish","type":"page","link":"https:\/\/www.cilsrbija.org\/en\/sombor_aktivnosti_6\/","title":{"rendered":"sombor_aktivnosti_6"},"content":{"rendered":"<p><strong><font face=\"georgia,palatino\" size=\"2\">ODR\u017dANO PREDAVANJE NA TEMU: &#8220;BOLESTI ZAVISNOSTI&#8220;<\/font><\/strong><\/p>\n<p><font face=\"georgia,palatino\" size=\"2\">U Somboru je u utorak, 12.01.2010. u Restoranu &#8220;Zanatski plus&#8220;, Centar za samostalan \u017eivot osoba sa invaliditetom Sombor, u okviru svojih programskih aktivnosti za 2010. bio organizator&nbsp; predavanja na temu: &#8220;Bolesti zavisnosti&#8220;. Predava&#269; je bio \u017darko Pintari&#263;, psiholog. <\/font><\/p>\n<p><font face=\"georgia,palatino\" size=\"2\">Predavanje je imalo edukativni karakter; da prisutne uputi na iznala\u017eenje na&#269;ina i metoda prepoznavanja nastanka i prevencije bolesti zavisnosti u svakodnevnom \u017eivotu. Predavanju su prisustvovali predstavnici-aktivisti Centra za samostalan \u017eivot osoba sa invaliditetom Sombor.<\/font><\/p>\n<p><strong><em><font face=\"georgia,palatino\" size=\"2\">Julijana &#268;atalinac<\/font><\/em><\/strong><\/p>\n<p><a href=\"\/en\/slike\/sa_predavanja_o_bolesti__resize.jpg\/\" target=\"_blank\" rel=\"noopener\"><font face=\"georgia,palatino\" size=\"2\"><img loading=\"lazy\" decoding=\"async\" src=\"slike\/sa_predavanja_o_bolesti__resize_resize.jpg\" border=\"0\" alt=\"sa predavanja\" width=\"200\" height=\"150\" \/><\/font><\/a><\/p>","protected":false},"excerpt":{"rendered":"<p>ODR\u017dANO PREDAVANJE NA TEMU: &#8220;BOLESTI ZAVISNOSTI&#8220; U Somboru je u utorak, 12.01.2010. u Restoranu &#8220;Zanatski plus&#8220;, Centar za samostalan \u017eivot osoba sa invaliditetom Sombor, u okviru svojih programskih aktivnosti za 2010. bio organizator&nbsp; predavanja na temu: &#8220;Bolesti zavisnosti&#8220;. Predava&#269; je bio \u017darko Pintari&#263;, psiholog. Predavanje je imalo edukativni karakter; da prisutne uputi na iznala\u017eenje na&#269;ina [&hellip;]<\/p>","protected":false},"author":2,"featured_media":0,"parent":0,"menu_order":0,"comment_status":"closed","ping_status":"closed","template":"","meta":{"footnotes":""},"class_list":["post-1169","page","type-page","status-publish","hentry"],"_links":{"self":[{"href":"https:\/\/www.cilsrbija.org\/en\/wp-json\/wp\/v2\/pages\/1169","targetHints":{"allow":["GET"]}}],"collection":[{"href":"https:\/\/www.cilsrbija.org\/en\/wp-json\/wp\/v2\/pages"}],"about":[{"href":"https:\/\/www.cilsrbija.org\/en\/wp-json\/wp\/v2\/types\/page"}],"author":[{"embeddable":true,"href":"https:\/\/www.cilsrbija.org\/en\/wp-json\/wp\/v2\/users\/2"}],"replies":[{"embeddable":true,"href":"https:\/\/www.cilsrbija.org\/en\/wp-json\/wp\/v2\/comments?post=1169"}],"version-history":[{"count":0,"href":"https:\/\/www.cilsrbija.org\/en\/wp-json\/wp\/v2\/pages\/1169\/revisions"}],"wp:attachment":[{"href":"https:\/\/www.cilsrbija.org\/en\/wp-json\/wp\/v2\/media?parent=1169"}],"curies":[{"name":"wp","href":"https:\/\/api.w.org\/{rel}","templated":true}]}}