{"id":1166,"date":"2009-10-29T00:00:00","date_gmt":"2009-10-28T23:00:00","guid":{"rendered":"http:\/\/dev.cilsrbija.org\/cilcrspio\/"},"modified":"2009-10-29T00:00:00","modified_gmt":"2009-10-28T23:00:00","slug":"cilcrspio","status":"publish","type":"page","link":"https:\/\/www.cilsrbija.org\/en\/cilcrspio\/","title":{"rendered":"cilcrspio"},"content":{"rendered":"<p><font face=\"georgia,palatino\"><font size=\"2\"><strong>Pitanja sa okruglih stolova upu&#263;ena Ministarstvu ekonomije i regionalnog razvoja <\/strong><strong>&nbsp;<\/strong><\/font><\/font><\/p>\n<p><font face=\"georgia,palatino\"><font size=\"2\"><strong><em>Novi Beograd , 16. jun 2009. <\/em><\/strong><strong>&nbsp;<\/strong><\/font><\/font><\/p>\n<p class=\"style1\"><font face=\"georgia,palatino\" size=\"2\" color=\"#cc0000\"><strong>1.Kako je zami&scaron;ljena saradnja MRSP i NSZ u procesu procene radne sposobnosti OSI? (uloge i proces)<\/strong><\/font><\/p>\n<p><font face=\"georgia,palatino\"><font size=\"2\"><strong>Pravilnik o na&#269;inu, tro&scaron;kovima i kriterijumima za procenu radne sposobnosti i mogu&#263;nosti zaposlenja ili odr\u017eanja zaposlenja (&#269;l. 9. stav 6. <\/strong><strong>Z<\/strong><strong> akona)<\/strong><em>&ndash; sporazumno propisuju ministar nadle\u017ean za poslove zapo&scaron;ljavanja, ministar nadle\u017ean za poslove zdravlja i ministar nadle\u017ean za poslove penzijskog i invalidskog osiguranja, <\/em>bi&#263;e done&scaron;en u skladu sa &#269;lanom 54. stav 1. Zakona i uredi&#263;e postupak i nadle\u017enosti partnerskih organizacija u procesu. <strong><em>&nbsp;<\/em><\/strong><\/font><\/font><\/p>\n<p class=\"style1\"><font face=\"georgia,palatino\" size=\"2\" color=\"#cc0000\"><strong>2.Koje ministarstvo &#263;e biti nadle\u017eno za radne centre i socijalna preduze&#263;a i organizacije?<\/strong><\/font><\/p>\n<p><font face=\"georgia,palatino\"><font size=\"2\">Pravilnik o prostorno tehni&#269;kim uslovima, stru&#269;noj osposobljenosti zaposlenih i drugim uslovima za rad radnog centra (&#269;l. 44. stav 2. Zakona) &ndash; koji sporazumno propisuju ministar nadle\u017ean za poslove zapo&scaron;ljavanja i ministar nadle\u017ean za poslove socijalne politike, bi&#263;e done&scaron;en u skladu sa &#269;lanom 54. stav 1. Zakona. <strong>&nbsp;<\/strong><\/font><\/font><\/p>\n<p class=\"style1\"><font face=\"georgia,palatino\" size=\"2\" color=\"#cc0000\"><strong>3.Da li su &#269;lan 29. i &#269;lan 42 u suprotnosti? Kako &#263;e se ovo &bdquo;pomiriti&ldquo;?<\/strong><\/font><\/p>\n<p><font face=\"georgia,palatino\" size=\"2\">&#268;lan 29. Zakona reguli&scaron;e penale koje &#263;e poslodavac, ukoliko ne zaposli osobu sa invaliditetom, u skladu sa obavezom zapo&scaron;ljavanja, imati obavezu da pla&#263;a. <\/font><\/p>\n<p><font face=\"georgia,palatino\" size=\"2\">&#268;lan 42. Zakona reguli&scaron;e dokumentaciju i procedure koje je sastavni deo zahteva preduze&#263;a za profesionalnu rehabilitaciju i zapo&scaron;ljavasu osoba sa invaliditetom za dodelu sredstava. <\/font><\/p>\n<p><font face=\"georgia,palatino\" size=\"2\">S obzirom da &#269;lanovi reguli&scaron;u razli&#269;ite segmente Zakona, ne vidi se suprotnost koju je podnosilac pitanja prepoznao. <\/font><\/p>\n<p class=\"style1\"><font face=\"georgia,palatino\" size=\"2\" color=\"#cc0000\"><strong>4. Koliko i koji podzakonski akti &#263;e biti doneti u vezi Zakona o profesionalnoj rehabilitaciji i zapo&scaron;ljavanju OSI? <\/strong><\/font><\/p>\n<ol>\n<li><font face=\"georgia,palatino\"><font size=\"2\"><strong>Praviln<\/strong><strong>ik o na&#269;inu, tro&scaron;kovima i kriterijumima za procenu radne sposobnosti i mogu&#263;nosti zaposlenja ili odr\u017eanja zaposlenja (&#269;l. 9. stav 6. <\/strong><strong>Z<\/strong><strong> akona)<\/strong><em>&ndash; sporazumno propisuju ministar nadle\u017ean za poslove zapo&scaron;ljavanja, ministar nadle\u017ean za poslove zdravlja i ministar nadle\u017ean za poslove penzijskog i invalidskog osiguranja;<\/em><\/font><\/font><\/li>\n<li><font face=\"georgia,palatino\"><font size=\"2\"><strong>Pravilnik o bli\u017eim uslovima, kriterijumima i standardima za sprovo&#273;enje mera i aktivnosti profesionalne rehabilitacije (&#269;l. 13. stav 2. Zakona)<\/strong> &ndash; <em>sporazumno propisuju ministar nadle\u017ean za poslove zapo&scaron;ljavanja, ministar nadle\u017ean za poslove zdravlja i ministar nadle\u017ean za poslove obrazovanja;<\/em><\/font><\/font><\/li>\n<li><font face=\"georgia,palatino\"><font size=\"2\">Pravilnik o prostorno tehni&#269;kim uslovima, stru&#269;noj osposobljenosti zaposlenih i drugim uslovima za rad radnog centra (&#269;l. 44. stav 2. Zakona) &ndash; <em>sporazumno propisuju ministar nadle\u017ean za poslove zapo&scaron;ljavanja i ministar nadle\u017ean za poslove socijalne politike;<\/em><\/font><\/font><\/li>\n<li><font face=\"georgia,palatino\"><font size=\"2\">Pravilnik o na&#269;inu izdavanja, sadr\u017eini i izgledu legitimacije inspektora (&#269;l. 46. stav 3. Zakona) &ndash; <em>propisuje ministar nadle\u017ean za poslove zapo&scaron;ljavanja; <\/em><\/font><\/font><\/li>\n<li><font face=\"georgia,palatino\"><font size=\"2\">Pravilnik o na&#269;inu pra&#263;enja izvr&scaron;avanja obaveze zapo&scaron;ljavanja osoba sa invaliditetom i na&#269;ina dokazivanja izvr&scaron;enja te obaveze (&#269;l. 48. Zakona) &ndash; <em>sporazumno propisuju ministar nadle\u017ean za poslove zapo&scaron;ljavanja i ministar nadle\u017ean za poslove finansija; <\/em><\/font><\/font><\/li>\n<\/ol>\n<p><font face=\"georgia,palatino\"><font size=\"2\">op&scaron;ti akt organizacije nadle\u017ene za pslove zapo&scaron;ljavanja kojim se utvr&#273;uju bli\u017ei uslovi i merila za ostvarivanje prava na mere aktivne politike zapo&scaron;ljavanja osoba sa<strong>&nbsp;<\/strong><strong>&nbsp;<\/strong><\/font><\/font><\/p>\n<ol>\n<li><font face=\"georgia,palatino\" size=\"2\">invaliditetom &ndash; <em>donosi organizacija nadle\u017ena za poslove zapo&scaron;ljavanja u roku od &scaron;est meseci od dana stupanja na snagu Zakona<\/em> (&#269;l. 33. Zakona); <\/font><\/li>\n<li><font face=\"georgia,palatino\" size=\"2\">akt o uslovima i na&#269;inu radnog anga\u017eovanja kao radno terapijske aktivnosti korisnika u ustanovi socijalne za&scaron;tite za sme&scaron;taj korisnika &ndash; <em>propisuje ministar nadle\u017ean za poslove socijalne politike u roku od &scaron;est meseci od dana stupanja na snagu Zakona<\/em> (&#269;l. 43. Zakona). <\/font><\/li>\n<\/ol>\n<p class=\"style1\"><font face=\"georgia,palatino\" size=\"2\"><font color=\"#cc0000\"><strong>5. Da li je zakon pomerio granicu penzionisanja OSI, tj.starosnu granicu ili smo izjedna&#269;eni sa ostalim zaposlenim i moramo &#269;ekati 65 god. da bismo ostvarili svoje pravo na penziju, a imamo radnog sta\u017ea preko 25 godina?<\/strong><\/font> <\/font><\/p>\n<p><font face=\"georgia,palatino\" size=\"2\">Prava iz oblasti penzijskog i invalidskog osiguranja regulisana su Zakonom o penzijskom i invalidskom osiguranju, koji je u nadle\u017enosti Ministarstva rada i socijalne politike. <\/font><\/p>\n<p><font face=\"georgia,palatino\" size=\"2\">Navedeno pitanje nije predmet Zakona o profesionalnoj rehabilitaciji i zapo&scaron;ljavanju osoba sa invaliditetom. <\/font><\/p>\n<p><font face=\"georgia,palatino\" size=\"2\"><\/p>\n<hr \/>\n<p><\/font><\/p>\n<p><strong><em><font face=\"georgia,palatino\" size=\"2\">Novi Sad , 18.jun 2009. <\/font><\/em><\/strong><\/p>\n<p><font face=\"georgia,palatino\"><font size=\"2\"><strong>&nbsp;<span class=\"style1\"><font color=\"#cc0000\">1.Da li &#263;e dr\u017eava imati moralnu obavezu da prva krene u susret zapo&scaron;ljavanju OSI? <\/font><\/span><\/strong><\/font><\/font><\/p>\n<p><font face=\"georgia,palatino\" size=\"2\">Republika Srbija je, shodno &#269;lanu 3. stav 3. Zakona, utvr&#273;ena kao poslodavac, te stoga ima obavezu po&scaron;tovanja odredaba Zakona. <\/font><\/p>\n<p><font face=\"georgia,palatino\" size=\"2\"><\/p>\n<hr \/>\n<p><\/font><\/p>\n<p><strong><em><font face=\"georgia,palatino\" size=\"2\">Ni&scaron;, 25.jun 2009. <\/font><\/em><\/strong><\/p>\n<p><span class=\"style1\"><font face=\"georgia,palatino\" size=\"2\" color=\"#cc0000\"><strong>1.Kako &#263;e ministarstvo realizovati mere zapo&scaron;ljavanja OSI u okviru Zakona u godinama svetske krize, kada se &bdquo;zamrzava&rdquo; prijem novih radnika, kada imamo u vidu da je i do sada je vrlo mali broj OSI zaposleno ?<\/strong><\/font><\/span><\/p>\n<p><font face=\"georgia,palatino\" size=\"2\">Zakon o profesionalnoj rehbailitaciji i zapo&scaron;ljavanju osoba sa invaliditetom (&bdquo;Sl. glasnik RS&ldquo;, broj 36\/09), stupio je na snagu 23. maja 2009. godine. Shodno &#269;lanu 55. Stav 2. Zakona, obaveza zapo&scaron;ljavanja i pla&#263;anja penala u slu&#269;aju neispunjavanja obaveze, po&#269;inju da se primenjuju protekom roka od godinu dana od dana stupanja na snagu ovog zakona. <\/font><\/p>\n<p><font face=\"georgia,palatino\" size=\"2\">Tako&#273;e, neophodno je imati u vidu da i same osobe sa invaliditetom, ukoliko se nalaze na evidenciji nezaposlenih lica, imaju obavezu da aktivno tra\u017ee posao, odnosno da isti prihvate, ukoliko je u skladu sa njihovom radnom sposobno&scaron;&#263;u i zanimanjem. <\/font><\/p>\n<p><span class=\"style2\"><font face=\"georgia,palatino\"><font size=\"2\"><font color=\"#cc0000\"><strong>Postoje<\/strong><strong> li organizacije i instittucije koje su imune na Zakon o profesionalnoj renabilitaciji o zapo &scaron; ljavanju OSI ( dr\u017eavne institucije , centri za socijalni rad , Nacionalna slu\u017eba za zapo&scaron;ljavanje , lokalna saamouprava , prosveta<\/strong><strong> &#8230;) <\/strong><\/font><\/font><\/font><\/span><\/p>\n<p><font face=\"georgia,palatino\" size=\"2\">&#268;lan 3. stav 3. Zakona utvr&#273;uje ko se smatra poslodavcem u smislu ovog zakona. <\/font><\/p>\n<p class=\"style2\"><strong><font face=\"georgia,palatino\" size=\"2\" color=\"#cc0000\">Da li postoji mehanizam koji &#263;e pratiti implementaciju Zakona i njegovo eventualno kr&scaron;enje? <\/font><\/strong><\/p>\n<p><font face=\"georgia,palatino\" size=\"2\">Nadzor nad primenom ovog zakona regulisano je &#269;lanom 46. Zakona. <\/font><\/p>\n<p><span class=\"style2\"><font face=\"georgia,palatino\"><font size=\"2\"><font color=\"#cc0000\"><strong>Da<\/strong><strong> li postoji mogu&#263;nost reagovanja republi&#269;ke vlasti ukoliko lokalne vlasti ili neka dr\u017eavna institucija ili slu\u017eba na lokalnom nivou ne \u017eele da zaposle OSI , a za to postoje uslovi ( otvoreno radno mesto<\/strong><strong> )? <\/strong><\/font><\/font><\/font><\/span><\/p>\n<p><font face=\"georgia,palatino\" size=\"2\">&#268;lan 34. stav 1. ta&#269;ka 2. Zakona o zapo&scaron;ljavanju i osiguranju za slu&#269;aj nezaposlenosti propisuje pravo poslodavca da samostalno odlu&#269;uje o izboru lica za zasnivanje radnog odnosa. <\/font><\/p>\n<p><font face=\"georgia,palatino\" size=\"2\"><\/p>\n<hr \/>\n<p><\/font><\/p>\n<p><strong><em><font face=\"georgia,palatino\" size=\"2\">u Leskovcu, 26.juna 2009.<\/font><\/em><\/strong><\/p>\n<p class=\"style2\"><strong><font face=\"georgia,palatino\" size=\"2\" color=\"#cc0000\">&Scaron;ta je sa osobama sa invaliditetom koje su iz seoskih sredina, koje ho&#263;e da rade a nemaju uslova da ostvare svoje pravo na rad? <\/font><\/strong><\/p>\n<p><font face=\"georgia,palatino\" size=\"2\">Odgovor na postavljeno pitanje zahteva dodatne informacije &scaron;ta je podnosilac podrazumevao pod nepostojanjem uslova za rad.Mesto stanovanja nije prepreka za zasnivanje radnog odnosa. <\/font><\/p>\n<p class=\"style2\"><strong><font face=\"georgia,palatino\" size=\"2\" color=\"#cc0000\">Kako obezbediti sredstva za li&#269;ni dohodak OSI ako poslodavac nema proizvodnu delatnost? <\/font><\/strong><\/p>\n<p><font face=\"georgia,palatino\" size=\"2\">Svi poslodavci su du\u017eni da ispla&#263;uju zaposlenima platu za ostvareni rad shodno Zakonu o radu. <\/font><\/p>\n<p>&nbsp;<\/p>","protected":false},"excerpt":{"rendered":"<p>Pitanja sa okruglih stolova upu&#263;ena Ministarstvu ekonomije i regionalnog razvoja &nbsp; Novi Beograd , 16. jun 2009. &nbsp; 1.Kako je zami&scaron;ljena saradnja MRSP i NSZ u procesu procene radne sposobnosti OSI? (uloge i proces) Pravilnik o na&#269;inu, tro&scaron;kovima i kriterijumima za procenu radne sposobnosti i mogu&#263;nosti zaposlenja ili odr\u017eanja zaposlenja (&#269;l. 9. stav 6. Z [&hellip;]<\/p>","protected":false},"author":2,"featured_media":0,"parent":0,"menu_order":0,"comment_status":"closed","ping_status":"closed","template":"","meta":{"footnotes":""},"class_list":["post-1166","page","type-page","status-publish","hentry"],"_links":{"self":[{"href":"https:\/\/www.cilsrbija.org\/en\/wp-json\/wp\/v2\/pages\/1166","targetHints":{"allow":["GET"]}}],"collection":[{"href":"https:\/\/www.cilsrbija.org\/en\/wp-json\/wp\/v2\/pages"}],"about":[{"href":"https:\/\/www.cilsrbija.org\/en\/wp-json\/wp\/v2\/types\/page"}],"author":[{"embeddable":true,"href":"https:\/\/www.cilsrbija.org\/en\/wp-json\/wp\/v2\/users\/2"}],"replies":[{"embeddable":true,"href":"https:\/\/www.cilsrbija.org\/en\/wp-json\/wp\/v2\/comments?post=1166"}],"version-history":[{"count":0,"href":"https:\/\/www.cilsrbija.org\/en\/wp-json\/wp\/v2\/pages\/1166\/revisions"}],"wp:attachment":[{"href":"https:\/\/www.cilsrbija.org\/en\/wp-json\/wp\/v2\/media?parent=1166"}],"curies":[{"name":"wp","href":"https:\/\/api.w.org\/{rel}","templated":true}]}}