{"id":1163,"date":"2009-07-04T00:00:00","date_gmt":"2009-07-03T22:00:00","guid":{"rendered":"http:\/\/dev.cilsrbija.org\/sombor_aktivnosti_5\/"},"modified":"2009-07-04T00:00:00","modified_gmt":"2009-07-03T22:00:00","slug":"sombor_aktivnosti_5","status":"publish","type":"page","link":"https:\/\/www.cilsrbija.org\/en\/sombor_aktivnosti_5\/","title":{"rendered":"sombor_aktivnosti_5"},"content":{"rendered":"<p><strong><font face=\"georgia,palatino\" size=\"2\">PREDAVANJA O NASILJU U PORODICI I DEKUBITUSU <\/font><\/strong><\/p>\n<p><font face=\"georgia,palatino\" size=\"2\">U Somboru je u petak, 26.06.2009. u Restoranu &#8220;Zanatski plus&#8220;, Centar za samostalan \u017eivot osoba sa invaliditetom Sombor, u okviru svojih programskih aktivnosti za 2009. bio organizator dva predavanja na temu: &#8220;Prava i za&scaron;tita od nasilja \u017eena &#8211; osoba sa invaliditetom&#8220; i &#8220;Prevencija nastanka dekubitusa&#8220;. Predava&#269;i su bili; Gordana Matovi&#263; Zubeli&#263;, dipl. soc. radnik u Centru za socijalni rad Sombor i dr. Jovan Slavkovi&#263;, specijalista medicine rada u Domu zdravlja Sombor. <\/font><\/p>\n<p><font face=\"georgia,palatino\" size=\"2\">Predavanja su imala edukativni karakter; da prisutne uputi u prava i za&scaron;titu od nasilja u porodici i spre&#269;avanje nastanka dekubitusa osoba sa invaliditetom. <\/font><\/p>\n<p><font face=\"georgia,palatino\" size=\"2\">Predavanju su prisustvovali &#269;lanovi Centra za samostalan \u017eivot osoba sa invaliditetom Sombor, personalni asistenti i Karolina Nemet, predsednica Odbora za unapre&#273;enje polo\u017eaja socijalno ugro\u017eenih i lica sa posebnim potrebama. <\/font><\/p>\n<p><a href=\"\/en\/slike\/predavanje_so.jpg\/\"><img loading=\"lazy\" decoding=\"async\" src=\"slike\/predavanje_so_m.jpg\" border=\"0\" alt=\"\" hspace=\"3\" vspace=\"3\" width=\"200\" height=\"150\" \/><\/a><a href=\"\/en\/slike\/predavanje-4_so.jpg\/\"><img loading=\"lazy\" decoding=\"async\" src=\"slike\/predavanje-4_so_m.jpg\" border=\"0\" alt=\"\" hspace=\"3\" vspace=\"3\" width=\"200\" height=\"150\" \/><\/a><a href=\"\/en\/slike\/predavanje-5_so.jpg\/\"><img loading=\"lazy\" decoding=\"async\" src=\"slike\/predavanje-5_so_m.jpg\" border=\"0\" alt=\"\" hspace=\"3\" vspace=\"3\" width=\"200\" height=\"150\" \/><\/a><\/p>","protected":false},"excerpt":{"rendered":"<p>PREDAVANJA O NASILJU U PORODICI I DEKUBITUSU U Somboru je u petak, 26.06.2009. u Restoranu &#8220;Zanatski plus&#8220;, Centar za samostalan \u017eivot osoba sa invaliditetom Sombor, u okviru svojih programskih aktivnosti za 2009. bio organizator dva predavanja na temu: &#8220;Prava i za&scaron;tita od nasilja \u017eena &#8211; osoba sa invaliditetom&#8220; i &#8220;Prevencija nastanka dekubitusa&#8220;. Predava&#269;i su bili; [&hellip;]<\/p>","protected":false},"author":2,"featured_media":0,"parent":0,"menu_order":0,"comment_status":"closed","ping_status":"closed","template":"","meta":{"footnotes":""},"class_list":["post-1163","page","type-page","status-publish","hentry"],"_links":{"self":[{"href":"https:\/\/www.cilsrbija.org\/en\/wp-json\/wp\/v2\/pages\/1163","targetHints":{"allow":["GET"]}}],"collection":[{"href":"https:\/\/www.cilsrbija.org\/en\/wp-json\/wp\/v2\/pages"}],"about":[{"href":"https:\/\/www.cilsrbija.org\/en\/wp-json\/wp\/v2\/types\/page"}],"author":[{"embeddable":true,"href":"https:\/\/www.cilsrbija.org\/en\/wp-json\/wp\/v2\/users\/2"}],"replies":[{"embeddable":true,"href":"https:\/\/www.cilsrbija.org\/en\/wp-json\/wp\/v2\/comments?post=1163"}],"version-history":[{"count":0,"href":"https:\/\/www.cilsrbija.org\/en\/wp-json\/wp\/v2\/pages\/1163\/revisions"}],"wp:attachment":[{"href":"https:\/\/www.cilsrbija.org\/en\/wp-json\/wp\/v2\/media?parent=1163"}],"curies":[{"name":"wp","href":"https:\/\/api.w.org\/{rel}","templated":true}]}}