{"id":1159,"date":"2009-04-27T00:00:00","date_gmt":"2009-04-26T22:00:00","guid":{"rendered":"http:\/\/dev.cilsrbija.org\/enil20god\/"},"modified":"2009-04-27T00:00:00","modified_gmt":"2009-04-26T22:00:00","slug":"enil20god","status":"publish","type":"page","link":"https:\/\/www.cilsrbija.org\/en\/enil20god\/","title":{"rendered":"enil20god"},"content":{"rendered":"<p><font face=\"georgia,palatino\" size=\"2\">1. Molim Vas da opi&scaron;ete kako i za&scaron;to se desio ENIL <\/p>\n<p>Na konferenciji u Kelnu 1987. D\u017eudit Hjumen, Horst Frehe, Lotar Sandfort i ja smo do&scaron;li do zaklju&#269;ka da je potrebno odr\u017eati evropski sastanak o personalnoj asistenciji. Lotar, koji je u to vreme radio za Partiju zelenih u Bonu je dobio novac od Evropskog pokreta zelenih i uradio logisti&#269;ke pripreme. Ja sam pomogao u pisanju dnevnog reda i nabavio adrese svih ljudi za koje sam mislio da treba da budu pozvani &ndash; nekih 60 ljudi iz Evrope koje sam znao li&#269;no, kojima je trebala i koji su bili zainteresovani za personalnu asistenciju. Zbog ove uloge moj govor je otvorio konferenciju (videti na: <\/font><a href=\"http:\/\/www.independentliving.org\/docs2\/enilpakeytoil.html\"><font face=\"georgia,palatino\" size=\"2\">www.independentliving.org\/docs2\/enilpakeytoil.html<\/font><\/a><font face=\"georgia,palatino\" size=\"2\"> ). U svom obra&#263;anju sam sugerisao da konferencija ne treba da ostane izolovan dogadjaj nego po&#269;etak serije napora tokom du\u017eeg vremena. Na tre&#263;em danu konferencije ova sugestija je prihva&#263;ena i osnovali smo organizaciju za koju sam predlo\u017eio ime &ldquo;Evropska mre\u017ea za samostalan \u017eivot&rdquo; isti&#269;u&#263;i va\u017enost nove, nebirokratske organizacije kao suprotnosti tradicionalnim, nepokretnim, hijerarhijskim piramidama poput DPI. Izabran sam za prvog predsedavaju&#263;eg ENILa (titula &ldquo;Predsednik&rdquo; koja se koristi danas se smatrala odgovaraju&#263;om za piramidu a ne mre\u017eu) i zadu\u017eenog izmedju ostalog za koordinaciju rada u ENILu pravnom smislu ( <\/font><a href=\"http:\/\/www.independentliving.org\/docs2\/enilstatute.html\"><font face=\"georgia,palatino\" size=\"2\">www.independentliving.org\/docs2\/enilstatute.html<\/font><\/a><font face=\"georgia,palatino\" size=\"2\"> ), kroz akcioni plan ( <\/font><a href=\"http:\/\/www.independentliving.org\/docs2\/enilactionplan.html\"><font face=\"georgia,palatino\" size=\"2\">www.independentliving.org\/docs2\/enilactionplan.html<\/font><\/a><font face=\"georgia,palatino\" size=\"2\"> )&nbsp; i principe samostalnog ( <\/font><a href=\"http:\/\/www.independentliving.org\/docs2\/enildocs.html#anchor862229\"><font face=\"georgia,palatino\" size=\"2\">www.independentliving.org\/docs2\/enildocs.html#anchor862229<\/font><\/a><font face=\"georgia,palatino\" size=\"2\"> ). <\/p>\n<p>2. Koji su Vam bili osnovni prioriteti kada se osnivao ENIL? <\/p>\n<p>Video sam potrebu br\u017eeg preno&scaron;enja ideja i projekata u zemljama &scaron;irom Evrope, potrebu umre\u017eavanja koja &#263;e povezati pojedince i inicijative na bazi&#269;nom nivou i pomo&#263;i im da se organizuju u grupe za samopomo&#263;. Organizacija je trebala da bude neprofitna i pre svega smisaona, ne piramidalna nego ravna, fleksibilna i nebirokratska. Trebalo je izabrati Odbor, najvi&scaron;e na tri godine kako bi se i ljudi koji dolaze kasnije osetili dobrodo&scaron;li.&nbsp; <\/p>\n<p>3. Koje probleme je ENIL trebalo da prevazidje u po&#269;etku? <\/p>\n<p>Nedostatak interesa medju invalidskom populacijom, nedostatak kompetentnih admimistratora, nedostatak ljudi da se nadme&#263;u za pozicije u Odboru. <br \/>&nbsp; <\/font><strong><br \/><font face=\"georgia,palatino\" size=\"2\">4. Koliko Vam je vilo va\u017eno &scaron;to je ENIL organizacija koju vode, kontroli&scaron;u i kojom upravljaju osobe sa invaliditetom, &scaron;ta vidite kao prednosti ovakve organizacije?<br \/><\/font><\/strong><br \/><font face=\"georgia,palatino\" size=\"2\">Bilo je klju&#269;no imati organizaciju, poput ENILa koju vode osobe sa invaliditetom . Razlozi: mi smo najbolji eksperti za na&scaron;e potrebe, mi treba da budemo pokreta&#269;ka snaga u promeni dru&scaron;tva, potrebno je i da poka\u017eemo sebi, drugim osobama sa invaliditetom i javnosti da mo\u017eemo da budemo sposobni i odgovorni gradjani.<br \/><\/font><strong><br \/><font face=\"georgia,palatino\" size=\"2\">5. &Scaron;ta mislite da su bili osnovni problemi osoba sa invaliditetom pre 20 godina na nacionalnom nivou i u evropskom kontekstu?<\/font><\/strong><\/p>\n<p><font face=\"georgia,palatino\" size=\"2\">Klju&#269;ni problemi pre 20 godina i danas su isti:<br \/>&#8211; nedostatak cross-disability razmi&scaron;ljanja kao rezultat ispiranja mozga u medicinskom modelu <br \/>&#8211; nedostatak personalne asistencije&nbsp; <br \/>&#8211; milosrdne organizacije koje mole novac iz javnih fondova i od vlade za zatvaranje osoba sa invaliditetom u institucijama trajnog karaktera<br \/>&#8211; nedostatak pristupa&#269;ne infrastrukture, uklju&#269;uju&#263;i stanovanje <br \/>&#8211; segregacija dece sa invaliditetom u &scaron;kolama <br \/>&#8211; osobe sa invaliditetom jo&scaron; uvek nisu dovoljno predstavljene u politici, administraciji, biznis sektoru, nauci, kulturi, medijima<br \/>&#8211; medostatak samouverenosti, li&#269;nog i kolektivnog ponosa. <br \/><\/font><strong><br \/><font face=\"georgia,palatino\" size=\"2\">6. Da li mislite da je u 2009. vi&scaron;e ili manje organizacija koje vode osobe sa invaliditetom u Evropi i pojedina&#269;nim zemljama?<\/font><\/strong><\/p>\n<p><font face=\"georgia,palatino\" size=\"2\">Vi&scaron;e ali i dalje nedovoljno&nbsp; &#8211;&nbsp; pogledajte samo EDF kao primer realnosti u Evropki.<br \/><\/font><strong><br \/><font face=\"georgia,palatino\" size=\"2\">7. &Scaron;ta mislite da je bila klju&#269;na promena za osobe sa invaliditetom u proteklih 20 godina, uklju&#269;uju&#263;i postignu&#263;a ali i ne&scaron;to &scaron;to je ostalo neostvareno?<\/font><\/strong><\/p>\n<p><font face=\"georgia,palatino\" size=\"2\">Neka unapredjenja u pristupa&#269;nosti, nekoliko zemalja je unapredilo svoje zakonodavstvo i po&#269;elo sa direktnim isplatama za servis personalnih asistenata, ve&#263;a vidljivost u Briselu i nekim nacionalnim vladama. Da, pomeramo se napred ali sporo i jo&scaron; uvek smo daleko od slobode izbora i kvaliteta \u017eivota koje na&scaron;i neinvalidni bra&#263;a i sestre, prijatelji i susedi uzimaju zdravo za gotovo. <\/font><\/p>\n<p><font face=\"georgia,palatino\" size=\"2\">8. Kako osobe sa invaliditetom i ENIL nastavljaju da uti&#269;u na nacionalne i evropske donosioce odluka?<\/font><strong><br \/><\/strong><br \/><font face=\"georgia,palatino\" size=\"2\">Nisam siguran da bi razvoj bio toliko razli&#269;it da ENIL nije nastao. Mnoge organizacije rade na uticaju na nivou Evrope. U nekim evropskim zemljama pokret za samostalan \u017eivot je postignut. Zadatak koji vidim za pokret samostalnog \u017eivota je dvostruk: jedan, da se osna\u017eimo kao pojedinci, &#269;lanovi porodica, gradjani a drugi, da se osna\u017eimo kolektivno organizuju&#263;i se u grupe za samopomo&#263; daju&#263;i sna\u017eniji glas u svojim zajednicama i zemljama zahtevaju&#263;i promene i pokazuju&#263;i put kako da ih ostvarimo. <\/font><\/p>\n<p><font face=\"georgia,palatino\" size=\"2\">ENIL je malo zanemario svoje osnove. Ve&#263;inu pa\u017enje posve&#263;uje Briselu. Naravno, laktanje sa ministrima Evropskog parlamenta vas &#269;ini va\u017enim ali ve&#263;ina aktivnosti se de&scaron;ava negde drugde .<br \/><\/font><strong><br \/><font face=\"georgia,palatino\" size=\"2\">9. Koji su po vama novi problemi sa kojima se ENIL suo&#269;ava promovi&scaron;u&#263;i samostalni \u017eivot u Evropi danas?<br \/><\/font><\/strong><br \/><font face=\"georgia,palatino\" size=\"2\">&ldquo;Samostalni \u017eivot&rdquo; je postao doma&#263;a re&#269;. koju slobodno upotrebljavaju skoro svi &#269;esto bez ikakvog razumevanja njegovog zna&#269;enja u uticaja. Bojim se da smo izgubili kontrolu nad tim terminom.<br \/>&nbsp;<br \/>Potrebna nam je smislena organizacija za inicijative i pojedince na bazi&#269;nom nivou, organizacija koja prikuplja i distribuira na&scaron;e kolektivne resurse u smislu li&#269;nog iskustva i uvida, znanja, argumenata, istra\u017eivanja, uputstava i vodi&#269;a, primera dobre prakse, eksperata medju nama. Na taj na&#269;in mo\u017eemo bolje u&#269;iti jedni od drugih i &scaron;iriti na&scaron;e poruke osobama sa invaliditetom bilo gde.&nbsp;&nbsp; <br \/><\/font><strong><br \/><font face=\"georgia,palatino\" size=\"2\">10. &Scaron;ta ili ko je bio va&scaron;a najve&#263;a inspiracija? <\/font><\/strong><\/p>\n<p><font face=\"georgia,palatino\" size=\"2\">Grupni sastanci osoba sa invaliditetom kao medjusobna podr&scaron;ka ranih 70-tih kojima sam i li&#269;no prisustvovao u Berkliju, Kalifornija: dva facilitatora sa invaliditetom i oko sedam osoba sa invaliditetom koje su se brzo identifikovale jedne sa drugom, dali su primere jedni drugima, u&#269;ili jedni od drugih, osna\u017eili jedni druge kroz ta iskustva. Da li takve grupe postoje jo&scaron; negde? Ako znate za neku, molim Vas kontaktirajte adolf.ratzka na independentliving.org. <br \/><\/font><strong><br \/><font face=\"georgia,palatino\" size=\"2\">11. Koji je Va&scaron; najneomiljeniji politi&#269;ki kli&scaron;e?<\/font><\/strong><\/p>\n<p><font face=\"georgia,palatino\" size=\"2\">&ldquo;Politi&#269;ari moraju da preuzmu li&#269;nu odgovornost!&rdquo;&nbsp; MI moramo da preuzmemu NA&Scaron;U odgovornost i inicijativu, uradimo doma&#263;i rad, poka\u017eemo put napred i mobili&scaron;emo na&scaron;e saveznike. To &#263;e pokrenuti i politi&#269;are.&nbsp; <br \/><\/font><strong><br \/><font face=\"georgia,palatino\" size=\"2\">12. Da mo\u017eete da napravite neki evropski zakon koji bi to bio? <\/font><\/strong><br \/><font face=\"georgia,palatino\" size=\"2\">&nbsp;<br \/>Akt o Evropljanima sa invaliditetom koji bi imao osnovu na Aktu o Amerikancima sa invaliditetom ali sa dodatkom koji bi pravno omogu&#263;io Evropljanima sa invaliditetom da imaju gotovinsko pla&#263;anje personalne asistencije. To pla&#263;anje treba da bude u zavisnosti od potrebe a ne u zavisnosti od korisnikovog prihoda. <\/font><\/p>","protected":false},"excerpt":{"rendered":"<p>1. Molim Vas da opi&scaron;ete kako i za&scaron;to se desio ENIL Na konferenciji u Kelnu 1987. D\u017eudit Hjumen, Horst Frehe, Lotar Sandfort i ja smo do&scaron;li do zaklju&#269;ka da je potrebno odr\u017eati evropski sastanak o personalnoj asistenciji. Lotar, koji je u to vreme radio za Partiju zelenih u Bonu je dobio novac od Evropskog pokreta [&hellip;]<\/p>","protected":false},"author":2,"featured_media":0,"parent":0,"menu_order":0,"comment_status":"closed","ping_status":"closed","template":"","meta":{"footnotes":""},"class_list":["post-1159","page","type-page","status-publish","hentry"],"_links":{"self":[{"href":"https:\/\/www.cilsrbija.org\/en\/wp-json\/wp\/v2\/pages\/1159","targetHints":{"allow":["GET"]}}],"collection":[{"href":"https:\/\/www.cilsrbija.org\/en\/wp-json\/wp\/v2\/pages"}],"about":[{"href":"https:\/\/www.cilsrbija.org\/en\/wp-json\/wp\/v2\/types\/page"}],"author":[{"embeddable":true,"href":"https:\/\/www.cilsrbija.org\/en\/wp-json\/wp\/v2\/users\/2"}],"replies":[{"embeddable":true,"href":"https:\/\/www.cilsrbija.org\/en\/wp-json\/wp\/v2\/comments?post=1159"}],"version-history":[{"count":0,"href":"https:\/\/www.cilsrbija.org\/en\/wp-json\/wp\/v2\/pages\/1159\/revisions"}],"wp:attachment":[{"href":"https:\/\/www.cilsrbija.org\/en\/wp-json\/wp\/v2\/media?parent=1159"}],"curies":[{"name":"wp","href":"https:\/\/api.w.org\/{rel}","templated":true}]}}