{"id":1155,"date":"2008-12-25T00:00:00","date_gmt":"2008-12-24T23:00:00","guid":{"rendered":"http:\/\/dev.cilsrbija.org\/wallpapers09\/"},"modified":"2008-12-25T00:00:00","modified_gmt":"2008-12-24T23:00:00","slug":"wallpapers09","status":"publish","type":"page","link":"https:\/\/www.cilsrbija.org\/en\/wallpapers09\/","title":{"rendered":"wallpapers09"},"content":{"rendered":"<p align=\"left\">&nbsp;<\/p>\n<div align=\"left\"><font face=\"georgia,palatino\"><font size=\"2\"><strong>Pozadina za va&scaron; kompjuterski ekra<\/strong>n <\/font><\/font><\/div>\n<p align=\"left\"><font face=\"georgia,palatino\" size=\"2\">Ouch Tim <\/font><\/p>\n<p align=\"left\"><font face=\"georgia,palatino\" size=\"2\">Osve\u017eite va&scaron; smorni kompjuter ili mobilni telefon sa nekim fantasti&#269;nim sli&#269;icama, koje vam je ljubazno ponudio websajt namenjen invalidskim pitanjima! Dobili smo seriju ekskluzivnih sli&#269;ica Ouchovogo kultnog crta&#269;a i dizajnera Andre D\u017eordana, dok je na&scaron;a Nevaljalica u kolicima na seriji scena koje je dizajnirao Kertis Holder. <\/font><\/p>\n<p align=\"left\"><font face=\"georgia,palatino\"><font size=\"2\"><strong>Slepa ptica<\/strong> <\/font><\/font><\/p>\n<p align=\"left\"><font face=\"georgia,palatino\" size=\"2\">&#268;etiri nervozna mladunca balansiraju visoko na \u017eici, a jedna od njih je slepa. Potrebno je da odbaci beli &scaron;tap i tamne nao&#269;are a re&#269;i na crte\u017eu su: &#8222;Vreme je da poletiomo &#8230; Oh Bo\u017ee!&#8220; <\/font><\/p>\n<p align=\"left\"><font face=\"georgia,palatino\" size=\"2\"><\/font><\/p>\n<p align=\"left\"><font face=\"georgia,palatino\" size=\"2\"><img loading=\"lazy\" decoding=\"async\" src=\"slike\/untitled-3_clip_image001.jpg\" alt=\"The Blind Bird: a wallpaper by Andre Jordan\" width=\"306\" height=\"172\" \/><\/font><\/p>\n<p><strong><font face=\"georgia,palatino\" size=\"2\">Dis &#8230; abled <\/font><\/strong><\/p>\n<p align=\"left\"><font face=\"georgia,palatino\" size=\"2\">Re&#269; DIS je otpada sa ABLED. Padanje je &#269;esta pojava za neke osobe sa invaliditetom. Ali je u redu jer postoji figurica koja ipak dr\u017ei zajedno ove dve re&#269;i. Bljak. <\/font><\/p>\n<p align=\"left\"><font face=\"georgia,palatino\" size=\"2\"><img loading=\"lazy\" decoding=\"async\" src=\"slike\/untitled-3_clip_image002.jpg\" alt=\"Dis ... abled: a wallpaper by Andre Jordan\" width=\"306\" height=\"172\" \/><\/font><\/p>\n<p align=\"left\"><font face=\"georgia,palatino\"><font size=\"2\"><strong>Trka ljubljenja<\/strong> <\/font><\/font><\/p>\n<p align=\"left\"><font face=\"georgia,palatino\" size=\"2\">To je ljubav! Ovde su prikazane dve male figure koje su zajedno u jednom toplom trenutku a natpis u crte\u017eu ka\u017ee &#8222;Ja imam astmu a ti o&scaron;te&#263;enje vida. Hajde da se trkamo za poljubac! &#8220; <\/font><\/p>\n<p align=\"left\"><font face=\"georgia,palatino\" size=\"2\"><img loading=\"lazy\" decoding=\"async\" src=\"slike\/untitled-3_clip_image003.jpg\" alt=\"Kiss Chase: a wallpaper by Andre Jordan\" width=\"306\" height=\"172\" \/><\/font><\/p>\n<p align=\"left\"><font face=\"georgia,palatino\" size=\"2\"><\/font><\/p>\n<p align=\"left\"><font face=\"georgia,palatino\"><font size=\"2\"><strong>Nepredvidjiva kolica<\/strong> <\/font><\/font><\/p>\n<p align=\"left\"><font face=\"georgia,palatino\" size=\"2\">zar nije stresno kad vas izda va&scaron;e ina&#269;e pouzdano ortopedsko pomagalo i odlu&#269;i da vas &ldquo;&scaron;utne&rdquo;? Na ovoj slici pi&scaron;e &#8216;Nepredvidljiva kolica&#8217; i prikazuje kako izbacuju svog korisnika sa sedi&scaron;ta. <\/font><\/p>\n<p align=\"left\"><font face=\"georgia,palatino\" size=\"2\"><img loading=\"lazy\" decoding=\"async\" src=\"slike\/untitled-3_clip_image004.jpg\" alt=\"The Moody Wheelchair: a wallpaper by Andre Jordan\" width=\"306\" height=\"172\" \/><\/font><\/p>\n<p align=\"left\"><font face=\"georgia,palatino\" size=\"2\"><\/font><\/p>\n<p align=\"left\"><font face=\"georgia,palatino\"><font size=\"2\"><strong>Uspon Nevaljalice u kolicima<\/strong> <\/font><\/font><\/p>\n<p align=\"left\"><font face=\"georgia,palatino\" size=\"2\">U stilu pe&#263;inskog crtanja, prikazana je evolucija Nevaljalica u kolicima, od majmunice, preko praistorije i kamenog doba do superiornog bi&#263;a kakvog danas znamo i volimo. <\/font><\/p>\n<p align=\"left\"><font face=\"georgia,palatino\" size=\"2\"><img loading=\"lazy\" decoding=\"async\" src=\"slike\/untitled-3_clip_image005.jpg\" alt=\"The Ascent of Disability Bitch: wallpaper\" width=\"306\" height=\"172\" \/><\/font><\/p>\n<p align=\"left\"><font face=\"georgia,palatino\" size=\"2\"><\/font><\/p>\n<p align=\"left\"><font face=\"georgia,palatino\"><font size=\"2\"><strong>Nevaljalica u kolicima u parking kontroli<\/strong> <\/font><\/font><\/p>\n<p align=\"left\"><font face=\"georgia,palatino\" size=\"2\">Bespravno parkiranje na mestima obele\u017eenim za osobe sa invaliditetom je veliki problem, kao &scaron;to svi to znamo. Ovde Nevaljalica u kolicima ima radikalno re&scaron;enje, kori&scaron;&#263;enje njenog vlastitog svetlo ru\u017ei&#269;astog tenka kao &ldquo;Parking kontrole&rdquo;, sa obaveznom nalepnicom za parkiranje. Nema milosti! <\/font><\/p>\n<p align=\"left\"><font face=\"georgia,palatino\" size=\"2\"><\/font><\/p>\n<p align=\"left\"><font face=\"georgia,palatino\" size=\"2\"><img loading=\"lazy\" decoding=\"async\" src=\"slike\/untitled-3_clip_image006.jpg\" alt=\"Disability Bitch's parking patrol: wallpaper\" width=\"306\" height=\"172\" \/><\/font><\/p>\n<p align=\"left\"><font face=\"georgia,palatino\" size=\"2\"><\/font><\/p>","protected":false},"excerpt":{"rendered":"<p>&nbsp; Pozadina za va&scaron; kompjuterski ekran Ouch Tim Osve\u017eite va&scaron; smorni kompjuter ili mobilni telefon sa nekim fantasti&#269;nim sli&#269;icama, koje vam je ljubazno ponudio websajt namenjen invalidskim pitanjima! Dobili smo seriju ekskluzivnih sli&#269;ica Ouchovogo kultnog crta&#269;a i dizajnera Andre D\u017eordana, dok je na&scaron;a Nevaljalica u kolicima na seriji scena koje je dizajnirao Kertis Holder. Slepa [&hellip;]<\/p>","protected":false},"author":2,"featured_media":0,"parent":0,"menu_order":0,"comment_status":"closed","ping_status":"closed","template":"","meta":{"footnotes":""},"class_list":["post-1155","page","type-page","status-publish","hentry"],"_links":{"self":[{"href":"https:\/\/www.cilsrbija.org\/en\/wp-json\/wp\/v2\/pages\/1155","targetHints":{"allow":["GET"]}}],"collection":[{"href":"https:\/\/www.cilsrbija.org\/en\/wp-json\/wp\/v2\/pages"}],"about":[{"href":"https:\/\/www.cilsrbija.org\/en\/wp-json\/wp\/v2\/types\/page"}],"author":[{"embeddable":true,"href":"https:\/\/www.cilsrbija.org\/en\/wp-json\/wp\/v2\/users\/2"}],"replies":[{"embeddable":true,"href":"https:\/\/www.cilsrbija.org\/en\/wp-json\/wp\/v2\/comments?post=1155"}],"version-history":[{"count":0,"href":"https:\/\/www.cilsrbija.org\/en\/wp-json\/wp\/v2\/pages\/1155\/revisions"}],"wp:attachment":[{"href":"https:\/\/www.cilsrbija.org\/en\/wp-json\/wp\/v2\/media?parent=1155"}],"curies":[{"name":"wp","href":"https:\/\/api.w.org\/{rel}","templated":true}]}}