{"id":1154,"date":"2008-11-04T00:00:00","date_gmt":"2008-11-03T23:00:00","guid":{"rendered":"http:\/\/dev.cilsrbija.org\/25sweden\/"},"modified":"2008-11-04T00:00:00","modified_gmt":"2008-11-03T23:00:00","slug":"25sweden","status":"publish","type":"page","link":"https:\/\/www.cilsrbija.org\/en\/25sweden\/","title":{"rendered":"25sweden"},"content":{"rendered":"<p><font face=\"georgia,palatino\" size=\"2\"><strong>25 godina samostalnog \u017eivota u &Scaron;vedskoj, Stokholm, 28\/29. novembar 2008<\/strong> <\/font><\/p>\n<p><font face=\"georgia,palatino\" size=\"2\">Koliko je daleko odmakao pokret za samostalni \u017eivot i u kom pravcu se kre&#263;e? Konferencija kojom se slavi 25 godina pokreta za samostalni \u017eivot u &Scaron;vedskoj &#263;e evaluirati postignu&#263;a medjunarodnog gradjanskog pokreta u &Scaron;vedskoj, Evropi i drugim delovima sveta i sagledati planove za budu&#263;nost. <\/font><\/p>\n<p><font face=\"georgia,palatino\" size=\"2\">Zajedno sa Judy Heumann i Marilyn Golden, SAD, Bente Skansg&aring;rd, Norve&scaron;ka, Kalle K&ouml;nkk&ouml;l&auml;, Finska, Shoji Nakanishi, Japan, John Evans, Velika Britanija, Horst Frehe, Nema&#269;ka, Jos Huys, Belgija, sa predstavnicima &scaron;vedskog pokreta i saradnicima iz politi&#269;kog, istra\u017eiva&#269;kog i pravnog okru\u017eenja, razgovara&#263;emo o uspe&scaron;nosti strategije samostalnog \u017eivota i primerima dobre prakse u odredjenim zemljama, sa osvrtom na na&scaron; razvoj i uspostavljanjem budu&#263;eg kursa. <\/font><\/p>\n<p><font face=\"georgia,palatino\" size=\"2\">U plenarnoj sesiji i radionicama podeli&#263;emo na&scaron;a iskustva u radu na deinstitucionalizaciji, personalnoj asistenciji, zakonodavstvu o antidiskriminaciji i pristupa&#269;nosti i &scaron;irenju filozofije samostalnog \u017eivota i pristupa u drugim zemljama. <\/font><\/p>\n<p><font face=\"georgia,palatino\" size=\"2\">Jesmo li uticali na socijalnu politiku, jesmo li imali uticaj na na&scaron;a dru&scaron;tva i pogled na osobe sa invaliditetom, da li je na&scaron; posao vodio konkretnom unapredjenju \u017eivotnih uslove populacije OSI? Kako da pobolj&scaron;amo podr&scaron;ku jedni drugima u borbi za puno gradjansko u&#269;e&scaron;&#263;e, samoodredjenje i samopo&scaron;tovanje? <\/font><\/p>\n<p><font face=\"georgia,palatino\" size=\"2\">Konferencija je namenjena osobama sa invaliditetom, njihovim organizacijama, pru\u017eaocima usluga, politi&#269;arima, istra\u017eiva&#269;ima i op&scaron;toj populaciji. O&#269;ekujemo da &#263;ete oti&#263;i iz Stokholma sa novim prijateljima, idejama i impulsima. <\/font><\/p>\n<p><font face=\"georgia,palatino\" size=\"2\">Konferencija je organizovana uz pomo&#263; Mre\u017ee za samostalni \u017eivot &Scaron;vedske.<\/font><\/p>","protected":false},"excerpt":{"rendered":"<p>25 godina samostalnog \u017eivota u &Scaron;vedskoj, Stokholm, 28\/29. novembar 2008 Koliko je daleko odmakao pokret za samostalni \u017eivot i u kom pravcu se kre&#263;e? Konferencija kojom se slavi 25 godina pokreta za samostalni \u017eivot u &Scaron;vedskoj &#263;e evaluirati postignu&#263;a medjunarodnog gradjanskog pokreta u &Scaron;vedskoj, Evropi i drugim delovima sveta i sagledati planove za budu&#263;nost. Zajedno [&hellip;]<\/p>","protected":false},"author":2,"featured_media":0,"parent":0,"menu_order":0,"comment_status":"closed","ping_status":"closed","template":"","meta":{"footnotes":""},"class_list":["post-1154","page","type-page","status-publish","hentry"],"_links":{"self":[{"href":"https:\/\/www.cilsrbija.org\/en\/wp-json\/wp\/v2\/pages\/1154","targetHints":{"allow":["GET"]}}],"collection":[{"href":"https:\/\/www.cilsrbija.org\/en\/wp-json\/wp\/v2\/pages"}],"about":[{"href":"https:\/\/www.cilsrbija.org\/en\/wp-json\/wp\/v2\/types\/page"}],"author":[{"embeddable":true,"href":"https:\/\/www.cilsrbija.org\/en\/wp-json\/wp\/v2\/users\/2"}],"replies":[{"embeddable":true,"href":"https:\/\/www.cilsrbija.org\/en\/wp-json\/wp\/v2\/comments?post=1154"}],"version-history":[{"count":0,"href":"https:\/\/www.cilsrbija.org\/en\/wp-json\/wp\/v2\/pages\/1154\/revisions"}],"wp:attachment":[{"href":"https:\/\/www.cilsrbija.org\/en\/wp-json\/wp\/v2\/media?parent=1154"}],"curies":[{"name":"wp","href":"https:\/\/api.w.org\/{rel}","templated":true}]}}