{"id":1152,"date":"2008-05-20T00:00:00","date_gmt":"2008-05-19T22:00:00","guid":{"rendered":"http:\/\/dev.cilsrbija.org\/sombor_aktivnosti_3\/"},"modified":"2008-05-20T00:00:00","modified_gmt":"2008-05-19T22:00:00","slug":"sombor_aktivnosti_3","status":"publish","type":"page","link":"https:\/\/www.cilsrbija.org\/en\/sombor_aktivnosti_3\/","title":{"rendered":"sombor_aktivnosti_3"},"content":{"rendered":"<p align=\"center\"><font face=\"georgia,palatino\" size=\"2\">MNOGO JE LJUDI, TE&Scaron;KO JE PRONA&#262;I I SA&#268;UVATI &#268;OVEKA <\/font><\/p>\n<p><font face=\"georgia,palatino\" size=\"2\">Nadam se da mi ne&#263;ete zameriti &scaron;to jo&scaron; jednom pi&scaron;em o jednom &#269;oveku velikog srca, koji je u svakom slu&#269;aju zaslu\u017eio da se o njemu napi&scaron;u mnogi tekstovi, jer zaista mnogo je uradio na pobolj&scaron;anju uslova \u017eivota svih osoba sa invaliditetom u na&scaron;oj dr\u017eavi. <\/font><\/p>\n<p><font face=\"georgia,palatino\" size=\"2\">Re&#269; je o predsedniku op&scaron;tine Sombor, doktoru Jovanu Slavkovi&#263;u i iskreno se nadam da &#263;ete i Vi imati isto mi&scaron;ljenje o ovom gospodinu kad pro&#269;itate ovaj tekst. <\/font><\/p>\n<p><font face=\"georgia,palatino\" size=\"2\">Pre nekoliko dana sam sa gospodinom Slavkovi&#263;em razgovarao o saradnji sa predsednikom susedne op&scaron;tine i njegove podr&scaron;ke da i u toj op&scaron;tini dvoje ljudi dobiju svoje personalne asistente. <\/font><\/p>\n<p><font face=\"georgia,palatino\" size=\"2\">&#8211; Sve &scaron;to je u mojoj mo&#263;i poku&scaron;a&#263;u da uradim, bile su re&#269;i ovog &#269;oveka, ali odmah je usledilo i pitanje &#8211; &Scaron;ta &#263;e biti sa ove dve \u017eenice, kod nas &scaron;to imaju personalne asistente, koje finansira, po projektu, Fond za socijalne inovacije? <\/font><\/p>\n<p><font face=\"georgia,palatino\" size=\"2\">&#8211; Pravo da Vam ka\u017eem predsedni&#269;e ne znam &ndash;odgovorio sam &#8211; predstavnici Centra za samostalni \u017eivot invalida Srbije poku&scaron;avaju da prona&#273;u na&#269;in da se ovaj projekat produ\u017ei, ali iskreno sumnjam da je donatorska situacija trenutno tako dobra kao &scaron;to je bila. <\/font><\/p>\n<p><font face=\"georgia,palatino\" size=\"2\">Pro&scaron;ao je mo\u017eda tek tren kad se gospodin Slavkovi&#263; javio: <\/font><\/p>\n<p><font face=\"georgia,palatino\" size=\"2\">&#8211; Mirko, ima i ovaj &#269;ovek razumevanja i rekao je da &#263;e podr\u017eati ovaj zahtev, samo da mu se preda pismeni zahtev, verujem da &#263;e to biti re&scaron;eno, a da li mi mo\u017eemo ne&scaron;to da uradimo za na&scaron;e dve sugra&#273;anke? <\/font><\/p>\n<p><font face=\"georgia,palatino\" size=\"2\">A kako je po&#269;ela saradnja sa ovim &#269;ovekom velikog srca? <\/font><\/p>\n<p><font face=\"georgia,palatino\" size=\"2\">Predizborna kampanja pre &#269;etiri nepune &#269;etiri godine&#8230; od strane jedne politi&#269;ke stranke dobio sam poziv da organizujem sastanak sa predsedni&#269;kim kandidatom doktorom Jovanom Slavkovi&#263;em i predstavnicima organizacija koje okupljaju osobe sa invaliditetom. Iskreno re&#269;eno pribojavao sam se da &#263;e mi ljudi re&#269;i da su se opet setili &bdquo;invalida&ldquo; pred izbore, a posle ih svi zaboravljaju, a i sam sam stahovao da &#263;e kao i svi do sada i ovaj predsednik kada se ustoli&#269;i zaboraviti na sve ove ljude. Ali drago mi je &scaron;to smo se prevarili. Ne samo da se odazvao svakom pozivu, ve&#263; je uradio mnogo toga za sve osobe sa invaliditetom, a mnogi sa pravom ka\u017eu da je uradio vi&scaron;e nego svi predsednici op&scaron;tina zajedno do sada. <\/font><\/p>\n<p><font face=\"georgia,palatino\" size=\"2\">Se&#263;am se upravo on je bio gost u mojoj emisiji, a projekat personalne asistencije otpo&#269;eo je i u na&scaron;em gradu osnivanjem podru\u017enice Centra za samostalni \u017eivot i u Somboru. <\/font><\/p>\n<p><font face=\"georgia,palatino\" size=\"2\">&#8211; &Scaron;ta je to ustvari personalna asistencija i na koji principima to po&#269;iva, upitao me je predsednik posle emisije. U kratkim crtama sam poku&scaron;ao da mu objasnim sve za kratko vreme. <\/font><\/p>\n<p><font face=\"georgia,palatino\" size=\"2\">&#8211; To je sjajno i mi to moramo podr\u017eati u Somboru, ima li neka op&scaron;tina da to podr\u017eava, kao i uvek imao je i pitanje doktor Slavkovi&#263;. Kako da mu ka\u017eem da nema, pa da &#269;ovek odustane, ali jednostavno istinu sam morao re&#263;i. <\/font><\/p>\n<p><font face=\"georgia,palatino\" size=\"2\">&#8211; Nema veze, mi &#263;emo biti prvu u dr\u017eavi, a ostali neka nas slede. <\/font><\/p>\n<p><font face=\"georgia,palatino\" size=\"2\">Dugo vremena je Sombor bila jedina op&scaron;tina koja je izdvajala sredstva za personalne asistente. <\/font><\/p>\n<p><font face=\"georgia,palatino\" size=\"2\">I zato sam na po&#269;etku rekao da je ovaj &#269;ovek uradio mnogo na pobolj&scaron;anju uslova \u017eivota osoba sa invaliditetom u celoj zemlji, pomenimo samo osnivanje preduze&#263;a za radno anga\u017eovanje i osposobljavanje osoba sa invaliditetom, rekonstrukciju Glavne ulice sa putanjom vodiljom za slepe osobe i naravno postavljanje zvu&#269;nih semafora u celom gradu. <\/font><\/p>\n<p><font face=\"georgia,palatino\" size=\"2\">Mnogo toga jo&scaron; je ura&#273;eno ili se radi i mislim da je jasno za&scaron;to se svi ponosimo ovim &#269;ovekom. <\/font><\/p>\n<p><font face=\"georgia,palatino\" size=\"2\">Pro&scaron;li su i ovi izbori i svi smo pomalo razo&#269;arani jer gospodin Slavkovi&#263; nije bio kandidat ni na jednoj listi, te je ostalo da se iskreno nadamo da &#263;e i njegov naslednik imati bar deo razumevanja za osobe sa invaliditetom. <\/font><\/p>\n<p><font face=\"georgia,palatino\" size=\"2\">Ponedeljak ujutru, pozvonio je mobilni telefon, a na ekranu je pisalo Slavkovic. <\/font><\/p>\n<p><font face=\"georgia,palatino\" size=\"2\">&#8211; Mirko, odmah do&#273;i do mene u kancelariju, re&scaron;ili smo na&#269;in finansiranja za ove dve na&scaron;e \u017eenice za personalne asistente. <\/font><\/p>\n<p><font face=\"georgia,palatino\" size=\"2\">Dugo sam ostao da razmi&scaron;ljam o veli&#269;ini ovog &#269;oveka. Mnogo toga bih jo&scaron; mogao napisati, ali nebrojeno puta razmi&scaron;ljaju&#263;i o gospodinu Jovanu Slavkovi&#263;u setio bi se one pri&#269;e o Diogenu koji je \u017eiveo u buretu i sa onim fenjerom u ruci svima se unosio u &bdquo;facu&ldquo; tra\u017ee&#263;i &#269;oveka, da li ga je na&scaron;ao, verovatno nije, jer bi u&#269;ili i o tom velikanu. Da smo mi prona&scaron;li &#269;oveka, pokazalo se, a da li smo ga sa&#269;uvali? <\/font><\/p>\n<p><font face=\"georgia,palatino\" size=\"2\"><\/font><\/p>\n<p align=\"right\"><em><font face=\"georgia,palatino\" size=\"2\">Mirko Erdelji<\/font> <\/em><\/p>","protected":false},"excerpt":{"rendered":"<p>MNOGO JE LJUDI, TE&Scaron;KO JE PRONA&#262;I I SA&#268;UVATI &#268;OVEKA Nadam se da mi ne&#263;ete zameriti &scaron;to jo&scaron; jednom pi&scaron;em o jednom &#269;oveku velikog srca, koji je u svakom slu&#269;aju zaslu\u017eio da se o njemu napi&scaron;u mnogi tekstovi, jer zaista mnogo je uradio na pobolj&scaron;anju uslova \u017eivota svih osoba sa invaliditetom u na&scaron;oj dr\u017eavi. Re&#269; je [&hellip;]<\/p>","protected":false},"author":2,"featured_media":0,"parent":0,"menu_order":0,"comment_status":"closed","ping_status":"closed","template":"","meta":{"footnotes":""},"class_list":["post-1152","page","type-page","status-publish","hentry"],"_links":{"self":[{"href":"https:\/\/www.cilsrbija.org\/en\/wp-json\/wp\/v2\/pages\/1152","targetHints":{"allow":["GET"]}}],"collection":[{"href":"https:\/\/www.cilsrbija.org\/en\/wp-json\/wp\/v2\/pages"}],"about":[{"href":"https:\/\/www.cilsrbija.org\/en\/wp-json\/wp\/v2\/types\/page"}],"author":[{"embeddable":true,"href":"https:\/\/www.cilsrbija.org\/en\/wp-json\/wp\/v2\/users\/2"}],"replies":[{"embeddable":true,"href":"https:\/\/www.cilsrbija.org\/en\/wp-json\/wp\/v2\/comments?post=1152"}],"version-history":[{"count":0,"href":"https:\/\/www.cilsrbija.org\/en\/wp-json\/wp\/v2\/pages\/1152\/revisions"}],"wp:attachment":[{"href":"https:\/\/www.cilsrbija.org\/en\/wp-json\/wp\/v2\/media?parent=1152"}],"curies":[{"name":"wp","href":"https:\/\/api.w.org\/{rel}","templated":true}]}}