{"id":1151,"date":"2008-05-13T00:00:00","date_gmt":"2008-05-12T22:00:00","guid":{"rendered":"http:\/\/dev.cilsrbija.org\/reg_konf08\/"},"modified":"2008-05-13T00:00:00","modified_gmt":"2008-05-12T22:00:00","slug":"reg_konf08","status":"publish","type":"page","link":"https:\/\/www.cilsrbija.org\/en\/reg_konf08\/","title":{"rendered":"reg_konf08"},"content":{"rendered":"<p align=\"center\"><strong><font face=\"georgia,palatino\" size=\"2\">REGIONALNA KONFERENCIJA <\/font><\/strong><\/p>\n<p align=\"center\"><font face=\"georgia,palatino\"><font size=\"2\"><strong>&bdquo;KORAK KA EVROPI<\/strong><strong> II &ndash; PRAVA I POLITIKE ZA OSOBE SA INVALIDITETOM U JUGOISTO&#268;NOJ EVROPI&rdquo; <\/strong><\/font><\/font><\/p>\n<p align=\"center\"><font face=\"georgia,palatino\" size=\"2\"><\/font><\/p>\n<p align=\"left\"><font face=\"georgia,palatino\"><font size=\"2\"><strong>&nbsp;<\/strong><strong>Osnovne informacije o Konferenciji <\/strong><\/font><\/font><\/p>\n<p align=\"left\"><em><font face=\"georgia,palatino\" size=\"2\">Pozadina <\/font><\/em><\/p>\n<p><font face=\"georgia,palatino\" size=\"2\">Prva Konferencija &ldquo;Korak ka Evropi 2005 &ndash; Prava i politike osoba sa invaliditetom u jugoisto&#269;noj Evropi&rdquo; organizovana od strane Informativnog centra za osobe sa invaliditetom &ldquo;Lotos&rdquo; BiH i Centra za nezavisni \u017eivot invalida Srbije uz podr&scaron;ku Katoli&#269;kog Servisa za Pomo&#263; i Handicap International-a bila je odr\u017eana u Sarajevu, Bosna i Hercegovina, u martu 2005. Ova konferencija bila je prilika da se prvi put zajedno okupe organizacije osoba sa invaliditetom, predstavnici vlada, Evropske Unije, Evropske Komisije i predstavnici me&#273;unarodnih organizacija kako bi raspravljali o razvoju politike prema osobama sa invaliditetom u zemljama Jugoisto&#269;ne Evrope. <\/font><\/p>\n<p><font face=\"georgia,palatino\" size=\"2\">U&#269;esnici konferencije pozvali su Vlade zemalja regije da:<\/font><\/p>\n<ul>\n<li><font face=\"georgia,palatino\" size=\"2\">Razviju sveobuhvatnu strategiju za osobe sa invaliditetom na dr\u017eavnom nivou; <\/font><\/li>\n<li><font face=\"georgia,palatino\" size=\"2\">Podr\u017ee razvoj servisa u zajednici podsti&#269;u&#263;i uklju&#269;ivanje osoba sa invaliditetom; <\/font><\/li>\n<li><font face=\"georgia,palatino\" size=\"2\">Pobolj&scaron;aju i osna\u017ee legalni okvir koji se odnosi na invaliditet s naglaskom na antidiskriminaciju i zapo&scaron;ljavanje; <\/font><\/li>\n<li><font face=\"georgia,palatino\" size=\"2\">Pobolj&scaron;aju uklju&#269;ivanje organizacija osoba sa invaliditetom u procesima kreiranja politika. <\/font><\/li>\n<\/ul>\n<p><em><font face=\"georgia,palatino\" size=\"2\">Najnoviji doga&#273;aji <\/font><\/em><\/p>\n<p><font face=\"georgia,palatino\"><font size=\"2\"><em>&nbsp;<\/em>Od 2005 desile su se zna&#269;ajne promjene u oblasti prava i politika za osobe sa invaliditetom na me&#273;unarodnom i dr\u017eavnom nivou.<\/font><\/font><\/p>\n<ul>\n<li><font face=\"georgia,palatino\" size=\"2\">Ujedinjene nacije su u decembru 2006, usvojile UN Konvenciju o pravima osoba sa invaliditetom. U martu 2007, 84 zemlje potpisale su Konvenciju. Konvencija je nastala kao rezultat vrlo intenzivnog i ubrzanog pregovara&#269;kog procesa me&#273;u dr\u017eavama &#269;lanicama sa sna\u017enim u&#269;e&scaron;&#263;em svjetskog pokreta osoba sa invaliditetom. Ona predstavlja zadivljuju&#263;i korak naprijed ka izjedna&#269;avanju prilika i uklju&#269;ivanju osoba sa invaliditetom u vlastito dru&scaron;tvo. Hrvatska je ve&#263; ratifikovala, Srbija i Makedonija potpisale, a ve&#263;ina drugih zemalja u regionu &#263;e to najvjerojatnije uraditi do kraja godine. <\/font><\/li>\n<\/ul>\n<ul>\n<li><font face=\"georgia,palatino\" size=\"2\">Na evropskom nivou, Vije&#263;e Evrope usvojilo je plan akcije za osobe sa invaliditetom pozivaju&#263;i zemlje Evrope da razvijaju inkluzivne politike i politike koje pru\u017eaju podr&scaron;ku za osobe sa invaliditetom. Evropska Komisija unijela je neka klju&#269;na pitanja invalidnosti i u politiku strukturalnih fondova kao i u instrument za pretpristupni okvir sa sna\u017enom preporukom za antidiskriminaciju. <\/font><\/li>\n<\/ul>\n<ul>\n<li><font face=\"georgia,palatino\" size=\"2\">U Jugoisto&#269;noj Evropi napravljeni su neki klju&#269;ni koraci sa usvajanjem zakona koji zabranjuju diskriminaciju po osnovu invalidnosti u Srbiji, nacionalne strategije usvojene su u Albaniji i Srbiji, a u Crnoj Gori i Bosni i Hercegovini su u procesu razvijanja. Nekoliko klju&#269;nih zakonodavnih inicijativa su trenutno u proceduri u razli&#269;itim zemljama regiona. <\/font><\/li>\n<\/ul>\n<ul>\n<li><font face=\"georgia,palatino\" size=\"2\">Pokret osoba sa invaliditetom pobolj&scaron;ao je svoje zagovara&#269;ke sposobnosti kroz sna\u017eniji ujedinjeni glas i na lokalnom i na nacionalnom nivou u ve&#263;ini zemalja, i sna\u017eno je povezan sa Evropskim invalidskim forumom. <\/font><\/li>\n<\/ul>\n<p><em><font face=\"georgia,palatino\" size=\"2\">Daljnji izazovi <\/font><\/em><\/p>\n<p><font face=\"georgia,palatino\" size=\"2\">I pored toga, implementacija zakonodavstva, provedba regulative, razvijanje prikladnih servisa u zajednici, pristupa&#269;nost izgra&#273;ene sredine, i sistematske konsultacije osoba sa invaliditetom, daleko su od efikasnog. Mogu&#263;nosti postoje sa decentralizacijom, javnim sektorom i reformom socijalne za&scaron;tite. Ukoliko vlade ne bi posvetile ve&#263;u pa\u017enju pitanjima invalidnosti, to bi tako&#273;er moglo predstavljati veliki rizik. Na primjer, Delegacija za isporuku servisa na lokalnom nivou ne mora biti popra&#263;ena prikladnim transferom resursa (npr. fiskalnom reformom), reforma javnog sektora i socijalne za&scaron;tite mo\u017ee zavr&scaron;iti sa su\u017eavanjem kriterija pogodnosti za podr&scaron;ku koja se odnosi na invalidnost kako bi se smanjili javni tro&scaron;kovi. To mo\u017ee dovesti do ponovnog osna\u017eivanja izdvajanja osoba sa invaliditetom iz dru&scaron;tva umjesto podr\u017eavanje njihove uklju&#269;enosti. <\/font><\/p>\n<p><font face=\"georgia,palatino\" size=\"2\">Osim napora razli&#269;itih vladinih i organizacija civilnog dru&scaron;tva, jedan od klju&#269;nih elemenata u slijede&#263;im godinama je uticaj koji &#263;e imati strategija Evropske unije za 2007 do 2013 sa instrumentom za pretpristupnu pomo&#263;. Koliko &#263;e programi koji su finasirani od IPA biti fokusirani na invalidnost i\/ili inkluzivni? Pre&#269;esto, u pro&scaron;loj dekadi, programi koji su bili finasirani od EU doprinijeli su gra&#273;enju novih arhitektonskih barijera vi&scaron;e nego &scaron;to su ih potiskivali. Da li &#263;e se IPA na prikladan na&#269;in osvrnuti na ova pitanja, odra\u017eavaju&#263;i direktivu EU za javne nabavke koja promovi&scaron;e pristupa&#269;nost? Koliko &#263;e vlade koristiti IPA fondove za organizovanje tranzicije iz institucionalnog zbrinjavanja ka servisima u zajednici, koja se godinama tra\u017ei od strane osoba sa invaliditetom i roditelja djece sa invaliditetom, kao i za razvijanje zaista efikasne politike kojom se unaprije&#273;uje pristup edukaciji, profesionalnoj rehabilitaciji i zapo&scaron;ljavanju osoba sa invaliditetom? Koliko &#263;e IPA podr\u017eati efikasno u&#269;e&scaron;&#263;e civilnog dru&scaron;tva u kreiranju politika i njihovu implementaciju? <\/font><\/p>\n<p><font face=\"georgia,palatino\" size=\"2\">Gore pomenuta pitanja kao i rezultati Dr\u017eavnih izvje&scaron;taja o invalidnosti koji su pripremljeni od strane organizacija osoba sa invaliditetom u okviru projekta implementiranog od EDFa, a koji je podr\u017ean od CARDS programa, bit &#263;e osnova za kreiranje programa Konferencije i obezbjedit &#263;e Forum kako bi se prezentirao rad u nadziranju politika, potvrdili pozitivni koraci ali i propusti, i dale klju&#269;ne preporuke inspirisane standardima EU i UN konvencijom o pravima osoba sa invaliditetom. <\/font><\/p>\n<p><font face=\"georgia,palatino\" size=\"2\">Imaju&#263;i na umu sve gore pomenute analize, Konferencija &ldquo;Korak ka Evropi II&rdquo; bit &#263;e odli&#269;na prilika za evaluaciju progresa koji je napravljen od marta 2005 i da se postave prekretnice za period od 2007-2013 za koji &#263;e Handicap International, Evropski invalidski forum i njihovi partneri organizovati monitoring konferencije u 2010-oj i 2013-oj. godini. <\/font><\/p>\n<p><a href=\"\/en\/dokumenti\/programkonferecije.pdf\/\" target=\"_blank\" rel=\"noopener\"><font face=\"georgia,palatino\" size=\"2\">Program konferencije<\/font><\/a><font face=\"georgia,palatino\" size=\"2\"> <\/font><\/p>","protected":false},"excerpt":{"rendered":"<p>REGIONALNA KONFERENCIJA &bdquo;KORAK KA EVROPI II &ndash; PRAVA I POLITIKE ZA OSOBE SA INVALIDITETOM U JUGOISTO&#268;NOJ EVROPI&rdquo; &nbsp;Osnovne informacije o Konferenciji Pozadina Prva Konferencija &ldquo;Korak ka Evropi 2005 &ndash; Prava i politike osoba sa invaliditetom u jugoisto&#269;noj Evropi&rdquo; organizovana od strane Informativnog centra za osobe sa invaliditetom &ldquo;Lotos&rdquo; BiH i Centra za nezavisni \u017eivot invalida [&hellip;]<\/p>","protected":false},"author":2,"featured_media":0,"parent":0,"menu_order":0,"comment_status":"closed","ping_status":"closed","template":"","meta":{"footnotes":""},"class_list":["post-1151","page","type-page","status-publish","hentry"],"_links":{"self":[{"href":"https:\/\/www.cilsrbija.org\/en\/wp-json\/wp\/v2\/pages\/1151","targetHints":{"allow":["GET"]}}],"collection":[{"href":"https:\/\/www.cilsrbija.org\/en\/wp-json\/wp\/v2\/pages"}],"about":[{"href":"https:\/\/www.cilsrbija.org\/en\/wp-json\/wp\/v2\/types\/page"}],"author":[{"embeddable":true,"href":"https:\/\/www.cilsrbija.org\/en\/wp-json\/wp\/v2\/users\/2"}],"replies":[{"embeddable":true,"href":"https:\/\/www.cilsrbija.org\/en\/wp-json\/wp\/v2\/comments?post=1151"}],"version-history":[{"count":0,"href":"https:\/\/www.cilsrbija.org\/en\/wp-json\/wp\/v2\/pages\/1151\/revisions"}],"wp:attachment":[{"href":"https:\/\/www.cilsrbija.org\/en\/wp-json\/wp\/v2\/media?parent=1151"}],"curies":[{"name":"wp","href":"https:\/\/api.w.org\/{rel}","templated":true}]}}