{"id":1143,"date":"2008-02-27T00:00:00","date_gmt":"2008-02-26T23:00:00","guid":{"rendered":"http:\/\/dev.cilsrbija.org\/leskovac_aktivnosti\/"},"modified":"2008-02-27T00:00:00","modified_gmt":"2008-02-26T23:00:00","slug":"leskovac_aktivnosti","status":"publish","type":"page","link":"https:\/\/www.cilsrbija.org\/en\/leskovac_aktivnosti\/","title":{"rendered":"leskovac_aktivnosti"},"content":{"rendered":"<div>\n<p><span><font face=\"georgia,palatino\" size=\"2\"><strong>Servis personalnih asistenata i u Leskovcu<\/strong><\/font><\/span><\/p>\n<p><span><font face=\"georgia,palatino\" size=\"2\">Gradsko ve&#263;e u Leskovcu je na svom redovnom zasedanju u utorak 30. juna 2009. godine donelo odluku o finansiranju Servisa personalnih asistenata za 4 osobe sa telesnim invaliditetom. &nbsp;<\/font><\/span><\/p>\n<p><font face=\"georgia,palatino\"><font size=\"2\"><span>Uprkos finansijskim te&#269;ko&#263;ama<\/span><span> Leskovac je ovom odlukom, jo&scaron; jednom pokazao dovoljno senzibiliteta&nbsp; za dru&scaron;tvenu uklju&#269;enost OSI i svrstao &nbsp;se me&#273;u prvih pet gradova u Srbiji, posle Sombora, Jagodine, Smedereva i Ni&scaron;a, koji su obezbedili finansiranje ove najva\u017enije slu\u017ebe podr&scaron;ke za OSI.<\/span><\/font><\/font><\/p>\n<p><font face=\"georgia,palatino\"><span style=\"font-family: Georgia; font-size: 10pt\"><font face=\"georgia,palatino\">&nbsp;08.07.2009<\/font><strong> <\/strong><\/span><\/font><\/p>\n<p><font face=\"georgia,palatino\" size=\"2\"><span style=\"font-family: Georgia; font-size: 10pt\"><strong><\/p>\n<hr \/>\n<p><\/strong><\/span><\/p>\n<p style=\"text-justify: inter-ideograph; text-align: justify; margin: 0cm 0cm 0pt\" class=\"MsoNormal\"><span style=\"font-family: Georgia; font-size: 10pt\"><strong>KAFA KOD GRADONA&#268;ELNIKA<span>&nbsp; <\/span>LESKOVCA<br \/><\/strong>Gradona&#269;elnik Leskovca gospodin Slobodan Koci&#263; je u subotu 16. maja 2009. godine, inicirao i organizovao sastanak &#8211; pod nazivom &bdquo;Kafa kod..&ldquo; za predstavnike NVO i tri Organizacije OSI &ndash; Centar za samostalni \u017eivot invalida , Udru\u017eenje distrofi&#269;ara i Udru\u017eenje paraplegi&#269;ara iz Leskovca. Sastanku <span>&nbsp;<\/span>je na poziv Gradona&#269;elnika, prisustvovao &#269;lan Gradskog ve&#263;a zadu\u017een za saradnju sa organizacijama OSI Svetislav Marjanovi&#263;.<\/p>\n<p>Tema sastanka bila je Uspostavljanje saradnje i partnerstva lokalne samouprave sa leskova&#269;kim NVO i OOSI. Nakon uvodnog izlaganja i upoznavanja sa strate&scaron;kim pravcima za razvoj grada, otvorena je diskusija, gde su u&#269;esnici, ponudili punu podr&scaron;ku, davali predloge, sugestije i postavljali pitanja od zajedni&#269;kog interesa.<\/p>\n<p>Oceniv&scaron;i ovaj sastanak izuzetno korisnim, u&#269;esnici su se slo\u017eili da doma&#263;in slede&#263;eg okupljanja &bdquo;Kafa kod..&ldquo; bude Centar za samostalni \u017eivot invalida u Leskovcu.<\/p>\n<p><a href=\"\/en\/slike\/p1000189_resize.jpg\/\" target=\"_blank\" rel=\"noopener\"><font face=\"georgia,palatino\" size=\"2\"><img loading=\"lazy\" decoding=\"async\" src=\"slike\/p1000189_m.jpg\" border=\"0\" alt=\"\" hspace=\"3\" vspace=\"3\" width=\"120\" height=\"90\" \/><\/font><\/a><\/p>\n<p><\/span><\/p>\n<p style=\"text-justify: inter-ideograph; text-align: justify; margin: 0cm 0cm 0pt\" class=\"MsoNormal\"><span style=\"font-family: Georgia; font-size: 10pt\">&nbsp;16.05.2009<\/span><strong>&nbsp;<\/strong><\/p>\n<p><\/font><\/div>\n<div><font face=\"georgia,palatino\" size=\"2\"><strong><\/p>\n<hr \/>\n<p>&nbsp;<font face=\"georgia,palatino\" size=\"2\"><strong>Uli&#269;na manifestacija u okviru projekta &bdquo;PRISTUP ZA SVE&ldquo;<\/strong> <\/font><\/p>\n<p><\/strong><\/font><\/p>\n<p><font face=\"georgia,palatino\" size=\"2\">Podru\u017enica Centra za samostalni \u017eivot invalida u Leskovcu u partnerstvu sa lokalnom samoupravom i finansijskom podr&scaron;kom Miistarstva rada i socijalne politike sprovodi projekat &bdquo;Pristup za sve&ldquo;. Aktivnosti koje se realizuju u sklopu projekta imaju za cilj da doprinesu aktivnom uklju&#269;ivanju osoba sa invaliditetom u sva dru&scaron;tvena zbivanja. <\/font><\/p>\n<p><font face=\"georgia,palatino\" size=\"2\">Shodno tome, pokrenuta je kampanja za stvaranje pristupa&#269;nog \u017eivotnog okru\u017eenja, postignuta saglasnost i dogovor sa Na&#269;elnikom MUP-a i Predsednika Op&scaron;tinskog suda u Leskovcu za po&#269;etak izgradnje rampi na ulazu ovih va\u017enih instutucija. Tako&#273;e, dobijeno je obe&#263;anje od Telekoma, da &#263;e o svom tro&scaron;ku izgraditi rampu na glavnoj po&scaron;ti u Leskovcu, &#269;ime &#263;e se omogu&#263;iti pristup i pravo na slobodno kretanje korisnicima invalidskih kolica. <\/font><\/p>\n<p><font face=\"georgia,palatino\" size=\"2\">U okviru kampanje 7 novembra 2008. organizovana je uli&#269;na manifestacija kada je deljen propagandni materijal gra&#273;anima i odr\u017eana konferencija za &scaron;tampu. Cilj ove akcije bio je skretanje pa\u017enje dru&scaron;tvu i promena svesti kod gra&#273;ana u odnosu na ovaj problem, po&scaron;tovanje zakonskih propisa o izgradnji u budu&#263;e i prilago&#273;avanje nepristupa&#269;nih institucija i saobra&#263;ajnica. <\/font><\/p>\n<p><font face=\"georgia,palatino\" size=\"2\">Kampanja je dala i prve rezultate, Fond za PIO, &#269;iji su predstavnici prepoznali zna&#269;aj i potrebu OSI, u me&#273;uvremenu je izgradio rampu na ulazu zgrade a o&#269;ekujemo, da &#263;e ovaj primer slediti i ostale institucije i privatni preduzetnici. <\/font><\/p>\n<p><font face=\"georgia,palatino\" size=\"2\">Pripremila <\/font><\/p>\n<p><font face=\"georgia,palatino\" size=\"2\">Gordana Stojanovi&#263; <\/font><\/p>\n<p><a href=\"\/en\/slike\/STA60006.jpg\/\" target=\"_blank\" rel=\"noopener\"><font face=\"georgia,palatino\" size=\"2\"><img loading=\"lazy\" decoding=\"async\" src=\"slike\/STA60006m.jpg\" border=\"0\" alt=\"\" hspace=\"3\" vspace=\"3\" width=\"120\" height=\"90\" \/><\/font><\/a><a href=\"\/en\/slike\/ulicna-manifestacija.jpg\/\" target=\"_blank\" rel=\"noopener\"><font face=\"georgia,palatino\" size=\"2\"><img loading=\"lazy\" decoding=\"async\" src=\"slike\/ulicna-manifestacijam.jpg\" border=\"0\" alt=\"\" hspace=\"3\" vspace=\"3\" width=\"120\" height=\"90\" \/><\/font><\/a><\/p>\n<p><font face=\"georgia,palatino\" size=\"2\">14.11.2008<\/font><\/p>\n<hr \/>\n<p><strong><font face=\"Georgia, Times New Roman, Times, serif\" size=\"2\">Bud\u017eetsko finansiranje<\/font><\/strong><\/div>\n<div><font face=\"Georgia, Times New Roman, Times, serif\"><\/font><\/div>\n<div><font face=\"Georgia,\" size=\"2\">S&nbsp;obzirom da je podru\u017enica Centra za samostalni \u017eivot invalida Srbije krajem pro&scaron;le godine uvr&scaron;&#263;ena u korisnike bud\u017eetskih sredstava Op&scaron;tine Leskovac, ta sredstva su po&#269;etkom maja i po&#269;ela da se upla&#263;uju na ra&#269;un podru\u017enice.<\/font><\/div>\n<div><font face=\"Georgia,\" size=\"2\">To podrazumeva finansiranje plate jednog zaposlenog i finansiranje jednog dela materijalnih tro&scaron;kova.<\/p>\n<p>06.03.2008 <\/font><\/div>\n<hr \/>\n<p><strong><font face=\"georgia,palatino\" size=\"2\">Upis akcija za osobe sa invaliditetom u Leskovcu <\/font><\/strong><\/p>\n<p><font face=\"georgia,palatino\" size=\"2\">Centar za samostalni \u017eivot invalida u Leskovcu je, u dogovoru sa leskova&#269;kom Po&scaron;tom, 21. februara 2008, u prostoriji Udru\u017eenja distrofi&#269;ara, organizovao upis akcija za osobe sa invaliditetom, korisnike invalidskih kolica.<br \/>Ova organizovana akcija je sprovedena za deset &#269;lanova iz Leskovca, koji zbog nepristupa&#269;nog ulaza, ne mogu da u&#273;u u zgradu Po&scaron;te.<br \/>S obzirom na sastanak u vezi sa tim koji je na inicijativu Gordana Rajkov i Ministarstva za ekonomiju i regionalni razvoj organizovan u Beogradu pre nekog vremena, zaista nije bilo te&scaron;ko sprovesti u delo ovu akciju.<\/font> <\/p>\n<p><a href=\"\/en\/slike\/upis%20akcija%202008.JPG\/\" target=\"_blank\" rel=\"noopener\"><img loading=\"lazy\" decoding=\"async\" src=\"slike\/upis%20akcija%202008_resize.JPG\" border=\"0\" alt=\"\" width=\"120\" height=\"90\" \/><\/a><\/p>","protected":false},"excerpt":{"rendered":"<p>Servis personalnih asistenata i u Leskovcu Gradsko ve&#263;e u Leskovcu je na svom redovnom zasedanju u utorak 30. juna 2009. godine donelo odluku o finansiranju Servisa personalnih asistenata za 4 osobe sa telesnim invaliditetom. &nbsp; Uprkos finansijskim te&#269;ko&#263;ama Leskovac je ovom odlukom, jo&scaron; jednom pokazao dovoljno senzibiliteta&nbsp; za dru&scaron;tvenu uklju&#269;enost OSI i svrstao &nbsp;se me&#273;u [&hellip;]<\/p>","protected":false},"author":2,"featured_media":0,"parent":0,"menu_order":0,"comment_status":"closed","ping_status":"closed","template":"","meta":{"footnotes":""},"class_list":["post-1143","page","type-page","status-publish","hentry"],"_links":{"self":[{"href":"https:\/\/www.cilsrbija.org\/en\/wp-json\/wp\/v2\/pages\/1143","targetHints":{"allow":["GET"]}}],"collection":[{"href":"https:\/\/www.cilsrbija.org\/en\/wp-json\/wp\/v2\/pages"}],"about":[{"href":"https:\/\/www.cilsrbija.org\/en\/wp-json\/wp\/v2\/types\/page"}],"author":[{"embeddable":true,"href":"https:\/\/www.cilsrbija.org\/en\/wp-json\/wp\/v2\/users\/2"}],"replies":[{"embeddable":true,"href":"https:\/\/www.cilsrbija.org\/en\/wp-json\/wp\/v2\/comments?post=1143"}],"version-history":[{"count":0,"href":"https:\/\/www.cilsrbija.org\/en\/wp-json\/wp\/v2\/pages\/1143\/revisions"}],"wp:attachment":[{"href":"https:\/\/www.cilsrbija.org\/en\/wp-json\/wp\/v2\/media?parent=1143"}],"curies":[{"name":"wp","href":"https:\/\/api.w.org\/{rel}","templated":true}]}}