{"id":1142,"date":"2008-02-14T00:00:00","date_gmt":"2008-02-13T23:00:00","guid":{"rendered":"http:\/\/dev.cilsrbija.org\/ratify_now\/"},"modified":"2008-02-14T00:00:00","modified_gmt":"2008-02-13T23:00:00","slug":"ratify_now","status":"publish","type":"page","link":"https:\/\/www.cilsrbija.org\/en\/ratify_now\/","title":{"rendered":"ratify_now"},"content":{"rendered":"<p><strong><font face=\"georgia,palatino\" size=\"2\">Izjava D\u017eastina Darta na po&#269;etku rada na dono&scaron;enju Konvencije UN <\/font><\/strong><\/p>\n<p><a href=\"http:\/\/www.namiscc.org\/Experiences\/2002\/JustinDart.htm\"><\/a><a href=\"http:\/\/www.namiscc.org\/Experiences\/2002\/JustinDart.htm\"><\/a><font face=\"georgia,palatino\" size=\"2\"><img loading=\"lazy\" decoding=\"async\" src=\"slike\/justin.jpg\" alt=\"\" hspace=\"3\" vspace=\"3\" width=\"125\" height=\"184\" align=\"left\" \/>&#8222;Ova Konvencija ne sme da bude jo&scaron; jedan ritual re&#269;i koji &#263;e paternalistima i malim igra&#269;ima dozvoliti da ka\u017eu da su ispunili svoju obavezu prema osobama sa invaliditetom. Ona mora garntovati ja&#269;a, a ne slabija, prava i pravne kompenzacije, zakone poput Akta o Amerikancima sa invaliditetom. Ako \u017eelimo zna&#269;ajnu i efektnu konvenciju, moramo da napustimo svakodnevne poslove, kojima se bavima i po&#269;nemo borbu kao da od nje zavise milijarde \u017eivota, zato &scaron;to to i jeste tako.<\/p>\n<p>&#8222;Skoro svaku veliku moralnu revoluciju su vodili o&#269;igledno obi&#269;ni ljudi, koji su postali strasni zastupnici jednog cilja koji &#263;e da uni&scaron;ti stereotipe magi&#269;nim ma&#269;em istine, da oslobodi politike od mr\u017enje i straha i da ujedini ljude u njihovim li&#269;nim univerzumima, koji se bore za svet pravde. Vi imate snagu da kreirate medjunarodnu konvenciju koja &#263;e biti deklaracija samostalnosti milijarde ljudi u 21 veku. Nijedan vojnik nije umro za bolju stvar od ove.&#8220; <\/font><\/p>\n<p align=\"right\"><em><a href=\"http:\/\/www.aapd-dc.org\/JFA\/memoriam.php\"><font face=\"georgia,palatino\" size=\"2\">D\u017eastin Dart, 8. april 2002<\/font><\/a><\/em><\/p>\n<p><em><font face=\"georgia,palatino\" size=\"2\">D\u017eastin Dart (Justin Dart) 1931-2002, je bio lider u invalidskom pokretu vi&scaron;e od trideset godina i takodje je zastupao prava \u017eena, homoseksualaca, ljudi druge boje ko\u017ee&hellip;Jedan je od najzaslu\u017enijih za dono&scaron;enje Akta o Amerikancima sa invaliditetom, 1989. Iako korisnik kolica, usled posledica de&#269;ije paralize, putovao je svetom i zastupao prava osoba sa invaliditetom <\/font><\/em><\/p>","protected":false},"excerpt":{"rendered":"<p>Izjava D\u017eastina Darta na po&#269;etku rada na dono&scaron;enju Konvencije UN &#8222;Ova Konvencija ne sme da bude jo&scaron; jedan ritual re&#269;i koji &#263;e paternalistima i malim igra&#269;ima dozvoliti da ka\u017eu da su ispunili svoju obavezu prema osobama sa invaliditetom. Ona mora garntovati ja&#269;a, a ne slabija, prava i pravne kompenzacije, zakone poput Akta o Amerikancima sa [&hellip;]<\/p>","protected":false},"author":2,"featured_media":0,"parent":0,"menu_order":0,"comment_status":"closed","ping_status":"closed","template":"","meta":{"footnotes":""},"class_list":["post-1142","page","type-page","status-publish","hentry"],"_links":{"self":[{"href":"https:\/\/www.cilsrbija.org\/en\/wp-json\/wp\/v2\/pages\/1142","targetHints":{"allow":["GET"]}}],"collection":[{"href":"https:\/\/www.cilsrbija.org\/en\/wp-json\/wp\/v2\/pages"}],"about":[{"href":"https:\/\/www.cilsrbija.org\/en\/wp-json\/wp\/v2\/types\/page"}],"author":[{"embeddable":true,"href":"https:\/\/www.cilsrbija.org\/en\/wp-json\/wp\/v2\/users\/2"}],"replies":[{"embeddable":true,"href":"https:\/\/www.cilsrbija.org\/en\/wp-json\/wp\/v2\/comments?post=1142"}],"version-history":[{"count":0,"href":"https:\/\/www.cilsrbija.org\/en\/wp-json\/wp\/v2\/pages\/1142\/revisions"}],"wp:attachment":[{"href":"https:\/\/www.cilsrbija.org\/en\/wp-json\/wp\/v2\/media?parent=1142"}],"curies":[{"name":"wp","href":"https:\/\/api.w.org\/{rel}","templated":true}]}}