{"id":1134,"date":"2007-10-26T00:00:00","date_gmt":"2007-10-25T22:00:00","guid":{"rendered":"http:\/\/dev.cilsrbija.org\/deaf_07\/"},"modified":"2007-10-26T00:00:00","modified_gmt":"2007-10-25T22:00:00","slug":"deaf_07","status":"publish","type":"page","link":"https:\/\/www.cilsrbija.org\/en\/deaf_07\/","title":{"rendered":"deaf_07"},"content":{"rendered":"<p><font face=\"georgia,palatino\" size=\"2\">Osobe sa o&scaron;te&#263;enim sluhom na filmu 2007 <\/font><\/p>\n<p><font face=\"georgia,palatino\" size=\"2\">Drugi filmski festival Osobe sa o&scaron;te&#263;enim sluhom na filmu, &#263;e se odr\u017eati od 15. do 18. novembra 2007. u holandskom gradu Amsterdamu. Centralni deo Festivala &#263;e biti posve&#263;en ne&#269;emu &scaron;to smo krstili kao Novi gluvi festival. To &#263;e biti filmske i video produkcije kojeg su radili autori i re\u017eiseri o&scaron;te&#263;enog sluha. Filmovi &#263;e prikazivati kako osobe o&scaron;te&#263;enog sluha vide i do\u017eivljavaju sebe i kako do\u017eivljavaju svet u kojem su osobe koje &#269;uju. S druge strane Festival Osobe sa o&scaron;te&#263;enim sluhom na filmu 2007, &#263;e ponuditi analizu likova, osoba sa o&scaron;te&#263;enim sluhom, koje su glumom tuma&#269;ile osobe koje &#269;uju. <\/font><\/p>\n<p><font face=\"georgia,palatino\" size=\"2\">Vi&scaron;e informacija: <\/p>\n<p>Cinema Het Ketelhuis<br \/>Cultuurpark Westergasfabriek<br \/>PO Box 58 365<br \/>1040 HJ Amsterdam<\/p>\n<p>Tel. +3120 684 01 12<br \/>Fax. +3120 684 00 90<br \/><\/font><\/p>\n<p><a href=\"http:\/\/www.deafinthepicture.nl\"><font face=\"georgia,palatino\" size=\"2\">www.deafinthepicture.nl<\/font><\/a><\/p>\n<p>&nbsp;<\/p>","protected":false},"excerpt":{"rendered":"<p>Osobe sa o&scaron;te&#263;enim sluhom na filmu 2007 Drugi filmski festival Osobe sa o&scaron;te&#263;enim sluhom na filmu, &#263;e se odr\u017eati od 15. do 18. novembra 2007. u holandskom gradu Amsterdamu. Centralni deo Festivala &#263;e biti posve&#263;en ne&#269;emu &scaron;to smo krstili kao Novi gluvi festival. To &#263;e biti filmske i video produkcije kojeg su radili autori i [&hellip;]<\/p>","protected":false},"author":2,"featured_media":0,"parent":0,"menu_order":0,"comment_status":"closed","ping_status":"closed","template":"","meta":{"footnotes":""},"class_list":["post-1134","page","type-page","status-publish","hentry"],"_links":{"self":[{"href":"https:\/\/www.cilsrbija.org\/en\/wp-json\/wp\/v2\/pages\/1134","targetHints":{"allow":["GET"]}}],"collection":[{"href":"https:\/\/www.cilsrbija.org\/en\/wp-json\/wp\/v2\/pages"}],"about":[{"href":"https:\/\/www.cilsrbija.org\/en\/wp-json\/wp\/v2\/types\/page"}],"author":[{"embeddable":true,"href":"https:\/\/www.cilsrbija.org\/en\/wp-json\/wp\/v2\/users\/2"}],"replies":[{"embeddable":true,"href":"https:\/\/www.cilsrbija.org\/en\/wp-json\/wp\/v2\/comments?post=1134"}],"version-history":[{"count":0,"href":"https:\/\/www.cilsrbija.org\/en\/wp-json\/wp\/v2\/pages\/1134\/revisions"}],"wp:attachment":[{"href":"https:\/\/www.cilsrbija.org\/en\/wp-json\/wp\/v2\/media?parent=1134"}],"curies":[{"name":"wp","href":"https:\/\/api.w.org\/{rel}","templated":true}]}}