{"id":1131,"date":"2007-09-24T00:00:00","date_gmt":"2007-09-23T22:00:00","guid":{"rendered":"http:\/\/dev.cilsrbija.org\/sombor_aktivnosti\/"},"modified":"2007-09-24T00:00:00","modified_gmt":"2007-09-23T22:00:00","slug":"sombor_aktivnosti","status":"publish","type":"page","link":"https:\/\/www.cilsrbija.org\/en\/sombor_aktivnosti\/","title":{"rendered":"sombor_aktivnosti"},"content":{"rendered":"<div align=\"left\">\n<div>\n<p><a href=\"\/en\/static.php\/?id=sombor_aktivnosti_6\"><font face=\"georgia,palatino\" size=\"2\">Odr\u017eano predavanje na temu: &#8220;BOLESTI ZAVISNOSTI&#8220; <\/font><\/a><\/p>\n<p><font face=\"georgia,palatino\" size=\"2\">12.01.2010<\/font><\/p>\n<hr \/>\n<p><a href=\"\/en\/static.php\/?id=sombor_aktivnosti_5\"><font face=\"georgia,palatino\" size=\"2\">Predavanja o nasilju u porodici i dekubitisu <\/font><\/a><\/p>\n<p><font face=\"georgia,palatino\" size=\"2\">29.06.2009<\/font><\/p>\n<hr \/>\n<p><a href=\"\/en\/static.php\/?id=sombor_aktivnosti_4\"><font face=\"georgia,palatino\" size=\"2\">Radionica slikanja na svili <\/font><\/a><\/p>\n<p><font face=\"georgia,palatino\" size=\"2\">12.06.2009<\/font><\/p>\n<hr \/>\n<p align=\"left\"><a href=\"\/en\/static.php\/?id=sombor_aktivnosti_3\"><font face=\"georgia,palatino\" size=\"2\">Mnogo je ljudi, te&scaron;ko je prona&#263;i i sa&#269;uvati &#269;oveka<\/font><\/a><font face=\"georgia,palatino\" size=\"2\"> <\/font><\/p>\n<p><font face=\"georgia,palatino\" size=\"2\">20.05.2008 <\/font><\/p>\n<hr \/>\n<p><a href=\"\/en\/static.php\/?id=sombor_aktivnosti_2\"><font face=\"georgia,palatino\" size=\"2\">Odr\u017eana redovna godi&scaron;nja skup&scaron;tina<\/font><\/a><\/p>\n<p><font face=\"georgia,palatino\" size=\"2\">11.04.2008 <\/font><\/p>\n<hr \/>\n<p><a href=\"\/en\/static.php\/?id=sombor_aktivnosti_1\"><font face=\"georgia,palatino\" size=\"2\">Intervju: Tamara &#038; Atila<\/font><\/a><\/p>\n<p><font face=\"georgia,palatino\" size=\"2\">07.04.2008 <\/font><\/p>\n<hr \/>\n<p><font face=\"Georgia, Times New Roman, Times, serif\" size=\"2\"><a href=\"\/en\/dokumenti\/Anketa_sr.pdf\/\">Sini&scaron;a Stri&#269;evi&#263; i Mirko Erdelji u 250. jubilarnoj emisiji Ravnopravno ali stvarno<\/a><\/font><\/p>\n<p><font face=\"Georgia, Times New Roman, Times, serif\" size=\"2\">06.03.2008<\/font><\/p>\n<hr \/>\n<p><font face=\"Georgia, Times New Roman, Times, serif\" size=\"2\">ZAJEDNI&#268;KI TRENUCI SA PREDSEDNIKOM <\/font><\/p>\n<p><font face=\"Georgia, Times New Roman, Times, serif\" size=\"2\">Pretprazni&#269;no raspolo\u017eenje, 238. emisija Ravnopravno ali stvarno, koja se emituje na talasima Radio Sombora. Gost u studiju doktor Jovan Slavkovi&#263;, gradona&#269;elnik Sombora. Uljuljkani prazni&#269;nim raspolo\u017eenjem, jer pred nama bili su novogodi&scaron;nji i bo\u017ei&#263;ni praznici, osvrt na proteklu godinu sa dosta muzike i to bi bilo to. Sa pravom smo mogli re&#263;i da i ove godine na&scaron;a op&scaron;tina prednja&#269;i po aktivnostima u cilju pobolj&scaron;anja uslova \u017eivota svih osoba sa invaliditetom. Otvaranje preduze&#263;a za radno osposobljavnja i anga\u017eovanje osoba sa invaliditetom, finansiranje personalnih asistenata, nastavak emitovanja radio emisije &bdquo;Ravnopravno, ali stvarno&ldquo;, pokretanje TV emisije pod istim nazivom sijaset drugih aktivnosti, jedinstvenih u na&scaron;oj republici, i&scaron;le su nam u prilog. Razmi&scaron;ljao sam, &scaron;ta bi se jo&scaron; moglo pokrenuti organizovati&#8230; <\/font><\/p>\n<p><font face=\"Georgia, Times New Roman, Times, serif\" size=\"2\">Dugo vremena ubedjivao sam predstavnike organizacija koja okupljaju osobe sa invaliditetom, da iza&#273;u na teren da obi&#273;u &#269;lanove, da vide kako \u017eive, &scaron;ta ih mu&#269;i, ti&scaron;ti jer oni su tu zbog svojih &#269;lanova, a ne obrnuto; malo ko je imao sluha za to, rekao bi moj pucanj ili pucnji u prazno. U trenutku pomislih da li bi taj predlog mogao uputiti i gospodinu Slavkovi&#263;u, da anga\u017euje ekipu i da se op&scaron;tinari malo izvuku na &bdquo;sve\u017e vazduh&ldquo; da iza&#273;u na teren i da vide kako \u017eivi jedna od najugro\u017eenijih kategorija stanovni&scaron;tva. Ho&#263;u &#8211; ne&#263;u odva\u017eih se da upitam, pa niko mi glavu ne&#263;e otkinuti zbog toga. <\/font><\/p>\n<ul>\n<li><font face=\"Georgia, Times New Roman, Times, serif\" size=\"2\">Gospodine Slavkovi&#263;u, da li bi neko od va&scaron;ih ljudi u op&scaron;tini mogao da obi&#273;e osobe sa invaliditetom u svojim domovima, da se vidi kako oni \u017eive i malo da se porazgovara &scaron;ta ih mu&#263;i, ti&scaron;ti? <\/font><\/li>\n<\/ul>\n<p><font face=\"Georgia, Times New Roman, Times, serif\" size=\"2\">Unervozio sam se obja&scaron;njavaju&#263;i, u stvari tra\u017ee&#263;i opravdanje za postavljeno pitanje. <\/font><\/p>\n<p><font face=\"Georgia, Times New Roman, Times, serif\" size=\"2\">Ti&scaron;ina, koja je potrajala nekoliko sekundi &#269;inila se kao ve&#269;nost&#8230; <\/font><\/p>\n<ul>\n<li><font face=\"Georgia, Times New Roman, Times, serif\" size=\"2\">Ovo je sjajna ideja, ja &#263;u li&#269;no da idem i vide&#263;emo ko jo&scaron;, sutra imam obaveze ceo dan, prekosutra do&#273;i da se dogovorimo i da sve organizujemo. <\/font><\/li>\n<\/ul>\n<p><font face=\"Georgia, Times New Roman, Times, serif\" size=\"2\">Da tonac nije pustio muziku posle ovih re&#269;i mo\u017eda bih ja jo&scaron; uvek sedeo zabezeknut u studiju, jednostavno nisam mogao verovati, u trenutku, kroz glavu su mi je pro&scaron;lo koliko puta sam poku&scaron;ao neke &bdquo;predsednike, sekretare&ldquo; udru\u017eenja da uverim da to urade. <\/font><\/p>\n<p><font face=\"Georgia, Times New Roman, Times, serif\" size=\"2\">Obe&#263;ano odra&#273;eno. S obzirom da su praznici pred nama odlu&#269;eno je da prvo odemo kod onih najmla&#273;ih i da im malo ulep&scaron;amo praznike sa novogodi&scaron;njim paketi&#263;ima. Koliko sre&#263;e, zadovoljstva na njihovim licima, na licima njihovih roditelja. Ali nije to samo poseta da se odradi. U svakoj poseti ostali smo najmanje pola sata, svakog je predsednik potakao na razgovor, neki su dobili odre&#273;ene zadatke, obaveze&#8230; Trinaestogodi&scaron;nji Imre Haler ima obavezu da nau&#269;i da &#269;ita i pi&scaron;e i da odlu&#269;i kojim bi se sportom bavio, a op&scaron;tina &#263;e ga u svemu podr\u017eati i obezbediti sve &scaron;ta je potrebno, pa i sportska kolica, mla&#273;ani Vinko Lemi&#263; izazvao je predsednika na dvoboj u stonom tenisu&#8230; <\/font><\/p>\n<p><font face=\"Georgia, Times New Roman, Times, serif\" size=\"2\">Za Bojana Kujund\u017ei&#263;a, koga je u&#269;iteljica isklju&#269;ila iz &scaron;kole, jer je smatrala da ne mo\u017ee da se stara o detetu sa mi&scaron;i&#263;nom distrofijom, ka\u017eu da je dete u velikoj depresiji da ne&#263;e da pri&#269;a sem sa roditeljim. Malo sam se pribojavao odlaska kod njega. Da bi do&scaron;li do njihove ku&#263;e trebalo je pro&#263;i kroz blato bukvalno do kolena, zemlji&scaron;te uzgred da ka\u017eem pripada \u017eeljeznici, ali ipak &#263;e op&scaron;tina nasuti tucanik. <\/font><\/p>\n<p><font face=\"Georgia, Times New Roman, Times, serif\" size=\"2\">Sa re&#269;ima ne mogu opisati preslatkog mali&scaron;ana, Bojana, &#269;iju lepotu uveli&#269;ava i mla&#273;a sestrica Jana. <\/font><\/p>\n<ul>\n<li><font face=\"Georgia, Times New Roman, Times, serif\" size=\"2\">Dok je i&scaron;ao u &scaron;kolu, voleo je da se dru\u017ei sa decom, sada ne&#263;e ni&scaron;ta ni da pri&#269;a kada ima nekoga, iskren je \u017deljko Bojanov otac. <\/font><\/li>\n<\/ul>\n<p><font face=\"Georgia, Times New Roman, Times, serif\" size=\"2\">Te&scaron;ko nam je bilo ne pustiti suzu, ali re&#269; po re&#269; i kroz osmeh Bojan ispri&#269;a na&scaron;em gradona&#269;elniku da voli geografiju, da gleda doma&#263;e serije&#8230; Ovaj dom pun dobrote i ljubavi napustili smo ostavljaju&#263;i ga sa osmehom na licima svih nas sem male Jane koja se upla&scaron;ila slikanja. I sada dok pi&scaron;em ove retke, sti\u017ee poruka da su danas u ulici naneli &scaron;ljaku&#8230; <\/font><\/p>\n<p><font face=\"Georgia, Times New Roman, Times, serif\" size=\"2\">Posle praznika iznenadio me je poziv gospodina Slavkovi&#263;a: <\/font><\/p>\n<ul>\n<li><font face=\"Georgia, Times New Roman, Times, serif\" size=\"2\">Kada bi ste imali vremena da nastavimo obilazak osoba sa invaliditetom. <\/font><\/li>\n<\/ul>\n<p><font face=\"Georgia, Times New Roman, Times, serif\" size=\"2\">Ovog puta obi&scaron;li smo i ve&#263;inu osoba koje imaju personalne asistente, Terezu, Julijanu, Nikolu, ali i novog korisnika Mandu Bereti&#263;. <\/font><\/p>\n<ul>\n<li><font face=\"Georgia, Times New Roman, Times, serif\" size=\"2\">Znate koliko mi je \u017eivot druga&#269;iji i bolji odkako imam personalnog asistenta, re&#269;e nam Manda, ali iskazala je i tugu i strah, &scaron;ta &#263;e biti kada se projekat zavr&scaron;i, a predsednik obe&#263;a da &#263;e videti u ministarstvu da li &#263;e se mo&#263;i na&#263;i sredstva za dalje finasiranje. <\/font><\/li>\n<\/ul>\n<p><font face=\"Georgia, Times New Roman, Times, serif\" size=\"2\">Kao i obi&#269;no, Julijana &#268;atalinac, iznela je nekoliko konstruktivnih ideja. Projekat personalne asistencije sastavni je deo op&scaron;tinskog bud\u017eeta, barem za sada, a da li postoje mogu&#263;nosti i za njegovo pro&scaron;irenje. Sombor su preplavili taksisti utrkuju&#263;i se ko &#263;e biti povoljniji i bolji, a na predlog na&scaron;e Julijane, predsednik &#263;e poku&scaron;ati da uti&#269;e na adaptaciju jednog vozila za taksi usluge za osobe sa invaliditetom koja koriste kolica i koje bi bilo na raspolaganju dvadeset &#269;etiri &#269;asa. <\/font><\/p>\n<p><font face=\"Georgia, Times New Roman, Times, serif\" size=\"2\">Kao i obi&#269;no odmah su se pojavili komentari da je sve ovo predizborna kapanja, ali da pomenem da su gotovo sve stranke imale predsedni&#269;kog kandidata i da su svi bili u kampanji i priliku da se istaknu. A da li je ovo bilo zbog kampanje ili Sombor ima &bdquo;&#269;oveka&ldquo; na &#269;elu op&scaron;tine zaklju&#269;ite sami, jer ovaj plemeniti gospodin za sutra je najavio da &#263;e malom Bojanu odneti poklon, a po&scaron;to Bojan voli geografiju predpostavljam da &#263;e to biti veliki geografski atlas, a ve&#263; ove nedelje nastavljamo i obilazak osoba sa invaliditetom u na&scaron;oj op&scaron;tini. <\/font><\/p>\n<p><font face=\"Georgia, Times New Roman, Times, serif\" size=\"2\">Bilo bi dobro da svaka op&scaron;tina ima nekoga sli&#269;nih osobina na &#269;elu op&scaron;tine, to jest da ima samo jednu, plemenitost&#8230;. <\/font><\/p>\n<p><font face=\"Georgia, Times New Roman, Times, serif\" size=\"2\">Nemojte dozvoliti da Somborci budu jedini <\/font><\/p>\n<p><a href=\"\/en\/slike\/somborsl1.jpg\/\" target=\"_blank\" rel=\"noopener\"><font face=\"georgia,palatino\" size=\"2\"><img loading=\"lazy\" decoding=\"async\" src=\"slike\/somborsl1m.jpg\" border=\"0\" alt=\"\" hspace=\"10\" vspace=\"10\" width=\"120\" height=\"90\" \/><\/font><\/a><a href=\"\/en\/slike\/somborsl2.jpg\/\" target=\"_blank\" rel=\"noopener\"><font face=\"georgia,palatino\" size=\"2\"><img loading=\"lazy\" decoding=\"async\" src=\"slike\/somborsl2m.jpg\" border=\"0\" alt=\"\" hspace=\"10\" vspace=\"10\" width=\"120\" height=\"90\" \/><\/font><\/a><\/p>\n<hr \/>\n<p><font face=\"georgia,palatino\" size=\"2\"><strong>TV EMISIJA<\/strong><\/font><\/div>\n<div>\n<p><font face=\"georgia,palatino\" size=\"2\">U Somboru je 22. oktobra 2007. u prostoru restorana &#8222;Fijaker stari&#8220; snimljena TV emisija &#8222;Ravnopravno, ali stvarno&#8220; koja ce biti emitovana na Kanalu 54. Emisija je posvecena servisu personalnih asistenata, filozofiji samostalnog zivota, radu Centra za samostalni zivot invalida Srbije i podruznice Centra iz Sombora, nastavku projekta SPAS &#8222;Od alternative do standardizacije&#8220; kojeg finansira Fond za socijalne inovacije Ministarstva za rad i socijalna pitanja. U emisiji su ucestvovali Mimica Zivadinovic, koordinator korisnika i PA za Srbiju,&nbsp;Gorjana Gordic koordinator korisnika i PA za Beograd, Julijana Catalinac, korisnica iz Sombora i Nikola Nikolas, predsednik podruznice Centra u Somboru. Emisiju je uredio i vodio Mirko Erdelji.<\/font><\/p>\n<p><a href=\"\/en\/slike\/TV-emisija.jpg\/\" target=\"_blank\" rel=\"noopener\"><font face=\"georgia,palatino\" size=\"2\"><img loading=\"lazy\" decoding=\"async\" src=\"slike\/TV-emisijam.jpg\" border=\"0\" alt=\"\" hspace=\"10\" vspace=\"10\" width=\"120\" height=\"90\" \/><\/font><\/a><a href=\"\/en\/slike\/TV-emisija-1.jpg\/\" target=\"_blank\" rel=\"noopener\"><font face=\"georgia,palatino\" size=\"2\"><img loading=\"lazy\" decoding=\"async\" src=\"slike\/TV-emisija-1m.jpg\" border=\"0\" alt=\"\" hspace=\"10\" vspace=\"10\" width=\"120\" height=\"90\" \/><\/font><\/a><a href=\"\/en\/slike\/TV-e.jpg\/\" target=\"_blank\" rel=\"noopener\"><font face=\"georgia,palatino\" size=\"2\"><img loading=\"lazy\" decoding=\"async\" src=\"slike\/TV-em.jpg\" border=\"0\" alt=\"\" hspace=\"10\" vspace=\"10\" width=\"120\" height=\"90\" \/><\/font><\/a><\/p>\n<\/div>\n<hr \/>\n<p><strong><font face=\"georgia,palatino\" size=\"2\">OPORAVAK U IGALU <\/font><\/strong><\/p>\n<\/div>\n<p align=\"left\"><font face=\"georgia,palatino\" size=\"2\">Savez distrofi&#269;ara Vojvodine bio je organizator rehabilitacionog oporavka osoba sa distrofijom, koji se odvijao u Igalu, od 09-19.09.2007. <\/font><\/p>\n<p><font face=\"georgia,palatino\" size=\"2\">Uz prisustvo oko 80-ak &#269;lanova i njihovih pratilaca iz svih organizacija distrofi&#269;ara iz cele Vojvodine, na oporavku&nbsp;je boravilo i 20 &#269;lanova sa pratiocima Udru\u017eenja distrofi&#269;ara Zapadnoba&#269;kog okruga Sombor. Grupi se pridru\u017eilo i 7 &#269;lanova i njihovih pratilaca Udru\u017eenja cerebralne i de&#269;ije paralize iz Sombora. <\/font><\/p>\n<p><font face=\"georgia,palatino\" size=\"2\">U ovoj grupi su bile i dve korisnice Servisa personalnih asistenata iz Sombora, Terezija Pa&scaron;trovi&#263; i Julijana &#268;atalinac, sa svojoj asistentkinjom Jovankom Baki&#263;.<\/font><\/p>\n<p><a href=\"\/en\/slike\/grupna-u-p.jpg\/\" target=\"_blank\" rel=\"noopener\"><font face=\"georgia,palatino\" size=\"2\"><img loading=\"lazy\" decoding=\"async\" src=\"slike\/grupna-u-p_m..jpg\" border=\"0\" alt=\"\" hspace=\"10\" vspace=\"10\" width=\"120\" height=\"90\" \/><\/font><\/a><font face=\"georgia,palatino\" size=\"2\"> <\/font><a href=\"\/en\/slike\/kula.jpg\/\" target=\"_blank\" rel=\"noopener\"><font face=\"georgia,palatino\" size=\"2\"><img loading=\"lazy\" decoding=\"async\" src=\"slike\/kula_m.jpg\" border=\"0\" alt=\"\" hspace=\"10\" vspace=\"10\" width=\"68\" height=\"90\" \/><\/font><\/a><a href=\"\/en\/slike\/sesir-2.jpg\/\" target=\"_blank\" rel=\"noopener\"><font face=\"georgia,palatino\" size=\"2\"><img loading=\"lazy\" decoding=\"async\" src=\"slike\/sesir-2_m.jpg\" border=\"0\" alt=\"\" hspace=\"10\" vspace=\"10\" width=\"120\" height=\"90\" \/><\/font><\/a><a href=\"\/en\/slike\/zdravica.jpg\/\" target=\"_blank\" rel=\"noopener\"><font face=\"georgia,palatino\" size=\"2\"><img loading=\"lazy\" decoding=\"async\" src=\"slike\/zdravica_m.jpg\" border=\"0\" alt=\"\" hspace=\"10\" vspace=\"10\" width=\"120\" height=\"90\" \/><\/font><\/a><a href=\"\/en\/slike\/pasulj-1.jpg\/\" target=\"_blank\" rel=\"noopener\"><font face=\"georgia,palatino\" size=\"2\"><img loading=\"lazy\" decoding=\"async\" src=\"slike\/pasulj-1_m.jpg\" border=\"0\" alt=\"\" hspace=\"10\" vspace=\"10\" width=\"120\" height=\"90\" \/><\/font><\/a><a href=\"\/en\/slike\/svecana-vecera.jpg\/\" target=\"_blank\" rel=\"noopener\"><font face=\"georgia,palatino\" size=\"2\"><img loading=\"lazy\" decoding=\"async\" src=\"slike\/svecana-vecera_m.jpg\" border=\"0\" alt=\"\" hspace=\"10\" vspace=\"10\" width=\"120\" height=\"90\" \/><\/font><\/a><\/p>\n<p><font face=\"georgia,palatino\" size=\"2\"><\/p>\n<hr \/>\n<p><\/font><\/p>\n<p class=\"style2\"><font face=\"georgia,palatino\" size=\"2\"><strong>JO&Scaron; DVE SOMBORKE DOBILE PERSONALNE ASISTENTE<\/strong> <\/font><\/p>\n<p class=\"style3\"><font face=\"georgia,palatino\" size=\"2\">Od prvog oktobra u kontrolnu grupu od trideset korisnika projekta Od alternative do standardizacije, koji je nastavak projekta SPAS, uvr&scaron;tene su i dve nove korisnice iz Sombora, Manda Bereti&#263; i Julijana Ko&#269;i&scaron;. Ovaj projekat finansira Fond za socijalne inovacije Ministarstva za rad i socijalna pitanje RS i traja&#263;e devet meseci. Projekat trenutno nema za cilj servis sam po sebi, ve&#263; definisanje standarda i kriterijuma koje &#263;e Centar ponuditi Ministarstvu da bi ovaj servis za\u017eiveo poput nekih drugih i mo\u017eda bio delom finansijski podr\u017ean od strane dr\u017eave.<\/font><\/p>\n<p class=\"style3\"><font face=\"georgia,palatino\" size=\"2\">U petak je odr\u017ean prvi radni sastanak novih korisnica i njihovih personalnih asistentkinja te go&scaron;&#263;i iz Beograda, Gorjane Gordi&#263;, koordinatorke za korisnike i PA za Beograd i Mimice \u017divadinovi&#263;, koordinatorke za korisnike i PA na nivou projekta iz Beograda. Sastanku su prisustvovale i dve &bdquo;stare&ldquo; korisnice i ujedno mentorke novoizabranih korisnica Julijana &#268;atalinac i Terezija Pa&scaron;trovi&#263;. <\/font><\/p>\n<p><a href=\"\/en\/slike\/kez.jpg\/\" target=\"_blank\" rel=\"noopener\"><font face=\"georgia,palatino\" size=\"2\"><img loading=\"lazy\" decoding=\"async\" src=\"slike\/kez_m.jpg\" border=\"0\" alt=\"\" hspace=\"10\" vspace=\"10\" width=\"120\" height=\"90\" \/><\/font><\/a><a href=\"\/en\/slike\/friz.jpg\/\" target=\"_blank\" rel=\"noopener\"><font face=\"georgia,palatino\" size=\"2\"><img loading=\"lazy\" decoding=\"async\" src=\"slike\/friz_m.jpg\" border=\"0\" alt=\"\" hspace=\"10\" vspace=\"10\" width=\"120\" height=\"90\" \/><\/font><\/a><a href=\"\/en\/slike\/julijane-i-manda.jpg\/\" target=\"_blank\" rel=\"noopener\"><font face=\"georgia,palatino\" size=\"2\"><img loading=\"lazy\" decoding=\"async\" src=\"slike\/julijane-i-manda_m.jpg\" border=\"0\" alt=\"\" hspace=\"10\" vspace=\"10\" width=\"120\" height=\"90\" \/><\/font><\/a><\/p>\n<hr \/>\n<p><font face=\"georgia,palatino\" size=\"2\"><\/font><\/p>\n<p><a href=\"\/en\/static.php\/?id=sombor\"><font face=\"georgia,palatino\" size=\"2\">prethodna stranica<\/font><\/a><font face=\"georgia,palatino\" size=\"2\"> <\/font><\/p>","protected":false},"excerpt":{"rendered":"<p>Odr\u017eano predavanje na temu: &#8220;BOLESTI ZAVISNOSTI&#8220; 12.01.2010 Predavanja o nasilju u porodici i dekubitisu 29.06.2009 Radionica slikanja na svili 12.06.2009 Mnogo je ljudi, te&scaron;ko je prona&#263;i i sa&#269;uvati &#269;oveka 20.05.2008 Odr\u017eana redovna godi&scaron;nja skup&scaron;tina 11.04.2008 Intervju: Tamara &#038; Atila 07.04.2008 Sini&scaron;a Stri&#269;evi&#263; i Mirko Erdelji u 250. jubilarnoj emisiji Ravnopravno ali stvarno 06.03.2008 ZAJEDNI&#268;KI TRENUCI [&hellip;]<\/p>","protected":false},"author":2,"featured_media":0,"parent":0,"menu_order":0,"comment_status":"closed","ping_status":"closed","template":"","meta":{"footnotes":""},"class_list":["post-1131","page","type-page","status-publish","hentry"],"_links":{"self":[{"href":"https:\/\/www.cilsrbija.org\/en\/wp-json\/wp\/v2\/pages\/1131","targetHints":{"allow":["GET"]}}],"collection":[{"href":"https:\/\/www.cilsrbija.org\/en\/wp-json\/wp\/v2\/pages"}],"about":[{"href":"https:\/\/www.cilsrbija.org\/en\/wp-json\/wp\/v2\/types\/page"}],"author":[{"embeddable":true,"href":"https:\/\/www.cilsrbija.org\/en\/wp-json\/wp\/v2\/users\/2"}],"replies":[{"embeddable":true,"href":"https:\/\/www.cilsrbija.org\/en\/wp-json\/wp\/v2\/comments?post=1131"}],"version-history":[{"count":0,"href":"https:\/\/www.cilsrbija.org\/en\/wp-json\/wp\/v2\/pages\/1131\/revisions"}],"wp:attachment":[{"href":"https:\/\/www.cilsrbija.org\/en\/wp-json\/wp\/v2\/media?parent=1131"}],"curies":[{"name":"wp","href":"https:\/\/api.w.org\/{rel}","templated":true}]}}