{"id":1122,"date":"2007-06-20T00:00:00","date_gmt":"2007-06-19T22:00:00","guid":{"rendered":"http:\/\/dev.cilsrbija.org\/siromastvo_07\/"},"modified":"2007-06-20T00:00:00","modified_gmt":"2007-06-19T22:00:00","slug":"siromastvo_07","status":"publish","type":"page","link":"https:\/\/www.cilsrbija.org\/en\/siromastvo_07\/","title":{"rendered":"siromastvo_07"},"content":{"rendered":"<ul>\n<li>\n<div align=\"left\"><a href=\"\/en\/static.php\/?id=bilteni_siromastvo\">Bilteni<\/a>     <\/div>\n<\/li>\n<\/ul>\n<p><font face=\"georgia,palatino\"><strong><font size=\"4\">Siroma&scaron;tvo<\/font><\/strong> <font size=\"2\">je stanje u kome su osoba ili dru&scaron;tvo u oksudici materijalnih dobara za normalno zadovoljavanje najva\u017enijih potreba. Najva\u017enija materijalna dobra su hrana, pija&#263;a voda i prostor za stanovanje, a postoje i socijalna dobra kao &scaron;to su pristup informacijama, obrazovanju, zdravstevenoj za&scaron;titi, socijalni status, politi&#269;ka mo&#263; ili mogu&#263;nost da se razviju zna&#269;ajne veze sa drugim ljudima u dru&scaron;tvu. <\/font><\/font><\/p>\n<h3>Merenje siroma&scaron;tva <\/h3>\n<p><font face=\"georgia,palatino\" size=\"2\">Procenat svetske populacije koja \u017eivi sa manje od $1 dnevno po glavi stanovnika se smanjio u proteklih dvadeset godina. Najzna&#269;ajnija postignu&#263;a su se javila u Isto&#269;noj i Ju\u017enoj Aziji. <\/font><\/p>\n<p><font face=\"georgia,palatino\" size=\"2\">Mereno, siroma&scaron;tvo mo\u017ee da bude apsolutno i relativno. Apsolutno siroma&scaron;tvo se odnosi na set standarda koji je konstantan u vremenu i medju dr\u017eavama. Na primer, procenat populacije koja se hrani ispod granice koja je propisana za ljudsko telo (prose&#269;no 2000-2500 kalorija dnevno za odraslog mu&scaron;karca). <\/font><\/p>\n<p><font face=\"georgia,palatino\" size=\"2\">Svetska banka defini&scaron;e ekstremno siroma&scaron;tvo kao \u017eivljenje sa manje od US$ 1 dnevno a prose&#269;no siroma&scaron;tvo kao \u017eivljenje sa manje od $2 dnevno. Procenjuje se da je u 2001. godini 2.7 milijarde ljudi \u017eivelo sa manje od $2 dnevno. Odnos populacije zemalja u razvoju koja je \u017eivela u ekstremnom ekonomskom siroma&scaron;tvu je sa 28% u 1990. pao na 21% u 2001. <\/font><\/p>\n<p><font face=\"georgia,palatino\" size=\"2\">U mnogim razvijenim zemljama zvani&#269;na definicija siroma&scaron;tva, koja se koristi u statisti&#269;ke svrhe, zasnovana je na relativnom prihodu. Postoje mnogobrojne kritike da statistike o siroma&scaron;tvu mere pre nejednakost nego nedostatak materijalnih dobara ili ekstremno siroma&scaron;tvo. Na primer, prema SAD Cenzus Birou, 46% onih koji su &ldquo;siroma&scaron;ni&rdquo; poseduju vlastite ku&#263;e (prose&#269;no tri spava&#263;e sobe, kupatilo i gara\u017ea). &Scaron;tavi&scaron;e, merenja se uglavnom baziraju na pojecina&#269;nom godi&scaron;njem prihodu i &#269;esto ne uzimaju u obzir sveukupne vrednosti i dobra. <\/font><\/p>\n<p><font face=\"georgia,palatino\" size=\"2\">Iako se siroma&scaron;tvo u svetu smanjuje u celini, ono i dalje ostaje veliki problem: <\/font><\/p>\n<ul>\n<li><font face=\"georgia,palatino\" size=\"2\">Tre&#263;ina umrlih &#8211; nekih 18 miliona ljudi godi&scaron;nje ili 50,000 dnevno &ndash; umire iz razli&#269;itih uzroka siroma&scaron;tva. To je od 1990. godine 270 miliona ljudi (ve&#263;inom \u017eene i deca) &scaron;to je pribli&scaron;no celokupnoj populaciji SAD. <\/font><\/li>\n<\/ul>\n<ul>\n<li><font face=\"georgia,palatino\" size=\"2\">Svake godine blizu 11 miliona dece umire pre svog petog rodjendana. <\/font><\/li>\n<\/ul>\n<ul>\n<li><font face=\"georgia,palatino\" size=\"2\">U 2001, 2.7 milijarde ljudi je \u017eivelo sa manje od $2 dnevno. <\/font><\/li>\n<\/ul>\n<ul>\n<li><font face=\"georgia,palatino\" size=\"2\">800 miliona ljudi svakodnevno gladno odlazi na spavanje. <\/font><\/li>\n<\/ul>\n<p><font face=\"georgia,palatino\" size=\"2\">&ldquo;Glasovi siroma&scaron;nih&rdquo; Svetske banke, zasnivaju se na istra\u017eivanju izvedenom na preko 20,000 siroma&scaron;nih ljudi iz 23 dr\u017eave, a identifikuju lepezu faktora koje siroma&scaron;ni ljudi smatraju elementima siroma&scaron;tva. Najva\u017eniji medju njima su neophodni za materijalna dobra, posebno hrana. Ostali se odnose na socijalna dobra. <\/font><\/p>\n<ul>\n<li><font face=\"georgia,palatino\" size=\"2\">Stabilan izvor prihoda <\/font><\/li>\n<li><font face=\"georgia,palatino\" size=\"2\">Nepristupa&#269;ne lokacije <\/font><\/li>\n<li><font face=\"georgia,palatino\" size=\"2\">Rodni odnosi <\/font><\/li>\n<li><font face=\"georgia,palatino\" size=\"2\">Problemi u socijalnim odnosima <\/font><\/li>\n<li><font face=\"georgia,palatino\" size=\"2\">Nedostatak sigurnosti <\/font><\/li>\n<li><font face=\"georgia,palatino\" size=\"2\">Zloupotreba onih koji imaju mo&#263; <\/font><\/li>\n<li><font face=\"georgia,palatino\" size=\"2\">Institucije koje umanjuju ne&#269;iju mo&#263; <\/font><\/li>\n<li><font face=\"georgia,palatino\" size=\"2\">Ograni&#269;ene mogu&#263;nosti i <\/font><\/li>\n<li><font face=\"georgia,palatino\" size=\"2\">Slabe organizacije u lokalnoj zajednici. <\/font><\/li>\n<\/ul>\n<h3>Uzroci siroma&scaron;tva <\/h3>\n<p><font face=\"georgia,palatino\" size=\"2\">Mnogi razli&#269;iti faktori su obuhva&#263;eni u obja&scaron;njavanju pojave siroma&scaron;tva . Naravno, nijedno obja&scaron;njenje nije jednostavno i nije op&scaron;teprihva&#263;eno. Neki od mogu&#263;ih faktora obuhvataju: <\/font><\/p>\n<ul>\n<li><font face=\"georgia,palatino\" size=\"2\">Prirodna de&scaron;avanja, kao &scaron;to su klima ili okru\u017eenje <\/font><\/li>\n<li><font face=\"georgia,palatino\" size=\"2\">Geografske faktore, na primer pristup plodnom zemlji&scaron;tu, sve\u017eoj vodi, mineralima, energiji i drugim prirodnim resursima. <\/font><\/li>\n<li><font face=\"georgia,palatino\" size=\"2\">Neadekvatnu ishranu u detinjstvu, posebno siroma&scaron;nih zemalja, &scaron;to vodi fizi&#269;kom i mentalnom zaostajanju, &scaron;to sveukupno zna&#269;i ekonomske probleme. <\/font><\/li>\n<li><font face=\"georgia,palatino\" size=\"2\">Bolesti, posebno: AIDS, malarija i tuberkuloza, uti&#269;u na investiranje i produktivnost pojedina&#269;nog, grupnog i nacionalnog zdravstvenog i ekonomskog sistema, posebno u zemljama u razvoju <\/font><\/li>\n<li><font face=\"georgia,palatino\" size=\"2\">Siroma&scaron;tvo, samo po sebi, spre&#269;ava na primer razli&#269;ite oblike investiranja <\/font><\/li>\n<li><font face=\"georgia,palatino\" size=\"2\">Nemogu&#263;nost pronalaska dobro pla&#263;enog posla <\/font><\/li>\n<li><font face=\"georgia,palatino\" size=\"2\">Nezaposlenost ili delimi&#269;na zaposlenost <\/font><\/li>\n<li><font face=\"georgia,palatino\" size=\"2\">Globalizacija, i u velikoj meri i ako nije dovoljna <\/font><\/li>\n<li><font face=\"georgia,palatino\" size=\"2\">Nedostatak prava zakona <\/font><\/li>\n<li><font face=\"georgia,palatino\" size=\"2\">Nedostatak demokratije <\/font><\/li>\n<li><font face=\"georgia,palatino\" size=\"2\">Nedostatak infrastrukture <\/font><\/li>\n<li><font face=\"georgia,palatino\" size=\"2\">Nedostatak zdravstvene za&scaron;tite <\/font><\/li>\n<li><font face=\"georgia,palatino\" size=\"2\">Nedostatak obrazovanja <\/font><\/li>\n<li><font face=\"georgia,palatino\" size=\"2\">Korupcija u vlasti <\/font><\/li>\n<li><font face=\"georgia,palatino\" size=\"2\">Prenaseljenost i nedostatak pristupa kontroli radjanja. <\/font><\/li>\n<li><font face=\"georgia,palatino\" size=\"2\">Poreske stope, kojima se oporezuju sopstveni gradjani, ali ne i drugi narodi <\/font><\/li>\n<li><font face=\"georgia,palatino\" size=\"2\">Istorijske &#269;inioce, kao &scaron;to su imperijalizam i kolonijalizam <\/font><\/li>\n<li><font face=\"georgia,palatino\" size=\"2\">Nedostatak slobodne trgovine <\/font><\/li>\n<li><font face=\"georgia,palatino\" size=\"2\">Nedostatak slobode i socijalnog otpora <\/font><\/li>\n<li><font face=\"georgia,palatino\" size=\"2\">Nedostatak socijalne integracije <\/font><\/li>\n<li><font face=\"georgia,palatino\" size=\"2\">Ropstvo <\/font><\/li>\n<li><font face=\"georgia,palatino\" size=\"2\">Kriminalitet <\/font><\/li>\n<li><font face=\"georgia,palatino\" size=\"2\">Zloupotreba alkohola i droga <\/font><\/li>\n<li><font face=\"georgia,palatino\" size=\"2\">Rat, uklju&#269;uju&#263;i gradjanskirat i genocid <\/font><\/li>\n<li><font face=\"georgia,palatino\" size=\"2\">Odliv mozgova <\/font><\/li>\n<li><font face=\"georgia,palatino\" size=\"2\">Nedostatak socijalnih ve&scaron;tina <\/font><\/li>\n<li><font face=\"georgia,palatino\" size=\"2\">Eksploataciju siroma&scaron;tnih od strane bogatih. <\/font><\/li>\n<li><font face=\"georgia,palatino\" size=\"2\">Pojedina&#269;na verovanja, aktivnosti i izbori <\/font><\/li>\n<li><font face=\"georgia,palatino\" size=\"2\"><a href=\"\/en\/static.php\/?id=sirom_link1\">Mentalne bolesti i invalidnost<\/a> <\/font><\/li>\n<li><font face=\"georgia,palatino\" size=\"2\">Diskriminaciju raznih oblika (po polu, rodu, rasi&hellip;). <\/font><\/li>\n<\/ul>\n<h3>Uticaj siroma&scaron;tva <\/h3>\n<p><font face=\"georgia,palatino\" size=\"2\">Neki uticaji siroma&scaron;tva mogu takodje da budu i njegovi uzroci, kako je i nabrojano, &scaron;to stvara &ldquo;krug ili ciklus siroma&scaron;tva&rdquo; i dodatno komplikuje situaciju: <\/font><\/p>\n<ul>\n<li><font face=\"georgia,palatino\" size=\"2\">depresija <\/font><\/li>\n<li><font face=\"georgia,palatino\" size=\"2\">nedostatak vode i sanitarnih uredjaja <\/font><\/li>\n<li><font face=\"georgia,palatino\" size=\"2\">porast ugro\u017eenosti usled prirodnih katastrofa <\/font><\/li>\n<li><font face=\"georgia,palatino\" size=\"2\">ekstremizam <\/font><\/li>\n<li><font face=\"georgia,palatino\" size=\"2\">glad i smrt usled gladi <\/font><\/li>\n<li><font face=\"georgia,palatino\" size=\"2\">trgovina ljudima <\/font><\/li>\n<li><font face=\"georgia,palatino\" size=\"2\">visoka stopa kriminaliteta <\/font><\/li>\n<li><font face=\"georgia,palatino\" size=\"2\">porast samoubistava <\/font><\/li>\n<li><font face=\"georgia,palatino\" size=\"2\">pove&#263;an rizik od politi&#269;kog nasilja (terorizam, rad i genocid) <\/font><\/li>\n<li><font face=\"georgia,palatino\" size=\"2\">besku&#263;ni&scaron;tvo <\/font><\/li>\n<li><font face=\"georgia,palatino\" size=\"2\">nedostatak mogu&#263;nosti za zapo&scaron;ljavanje <\/font><\/li>\n<li><font face=\"georgia,palatino\" size=\"2\">nepismenost <\/font><\/li>\n<li><font face=\"georgia,palatino\" size=\"2\">dru&scaron;tvena izolovanost <\/font><\/li>\n<li><font face=\"georgia,palatino\" size=\"2\">gubitak stanovni&scaron;tva usled emigracije <\/font><\/li>\n<li><font face=\"georgia,palatino\" size=\"2\">porast diskriminacije <\/font><\/li>\n<li><font face=\"georgia,palatino\" size=\"2\">zloupotreba droga <\/font><\/li>\n<\/ul>\n<h3>Iskorenjivanje siroma&scaron;tva <\/h3>\n<p><font face=\"georgia,palatino\" size=\"2\">U politici, borba protiv siroma&scaron;tva se obi&#269;no posmatra kao dru&scaron;tveni cilj i mnoge vlade su tome, makar i na&#269;elno, posvetile odredjene institucije ili odeljenja. <\/font><\/p>\n<h3><font face=\"georgia,palatino\">Ekonomski rast <\/font><\/h3>\n<ul>\n<li><font face=\"georgia,palatino\" size=\"2\">Strategija protiv siroma&scaron;tva Svetske banke se uglavnom zasniva na smanjenju siroma&scaron;tva kroz promovisanje ekonomskog rasta. <\/font><\/li>\n<li><font face=\"georgia,palatino\" size=\"2\">Biznis grupe vide efekte za odr\u017eavanje dobre ekonomije u uklanjanju barijera stvaranju novih poslova ili smanjenju prepreka u obavljanju postoje&#263;ih poslova <\/font><\/li>\n<li><font face=\"georgia,palatino\" size=\"2\">Izve&scaron;taj Svetske banke za 2007. predvidja da &#263;e se broj onih koji \u017eive na nivou $1 dnevno prepoloviti (oko 550 miliona ljudi). Prose&#269;an stanovnih zemalja &ldquo;tre&#263;eg sveta&rdquo; &#263;e \u017eiveti na nivou kojim danas \u017eive stanovnici Slova&#269;ke. <\/font><\/li>\n<\/ul>\n<h3><font face=\"georgia,palatino\">Direktna pomo&#263; <\/font><\/h3>\n<ul>\n<li><font face=\"georgia,palatino\" size=\"2\">Vlada mo\u017ee direktno da pomogne onima kojima je to potrebno. Osobe koje spadaju u posebno rizi&#269;ne grupe su stari i osobe sa invaliditetom. Pomo&#263; mo\u017ee da bude u vidu novca ili hrane. <\/font><\/li>\n<li><font face=\"georgia,palatino\" size=\"2\">Privatne donacije. Ovaj vid pomo&#263;i se formalno podsti&#269;e u okviru pravnog sistema, na primer dobrotvorna dru&scaron;tva ili oslobadjanje pla&#263;anja taksi u prilog donacijama. <\/font><\/li>\n<li><font face=\"georgia,palatino\" size=\"2\">Dogovor iz Kopenhagena je spisak tro&scaron;kovno najefektnijih metoda u napretku op&scaron;teg blagostanja. <\/font><\/li>\n<\/ul>\n<h3><font face=\"georgia,palatino\">Unapredjenje socijalnog okru\u017eenja i mogu&#263;nosti za siroma&scaron;ne <\/font><\/h3>\n<ul>\n<li><font face=\"georgia,palatino\" size=\"2\">Urbana regeneracija i razvoj stanovanja uz materijalnu podr&scaron;ku. <\/font><\/li>\n<li><font face=\"georgia,palatino\" size=\"2\">Materijalna podr&scaron;ka obrazovanju . <\/font><\/li>\n<li><font face=\"georgia,palatino\" size=\"2\">Materijalna podr&scaron;ka zdravstvenoj za&scaron;titi. <\/font><\/li>\n<li><font face=\"georgia,palatino\" size=\"2\">Asistencija u pronala\u017eenju zaposlenja. <\/font><\/li>\n<li><font face=\"georgia,palatino\" size=\"2\">Podr&scaron;ka pri pronala\u017eenju zaposlenja. <\/font><\/li>\n<li><font face=\"georgia,palatino\" size=\"2\">Ohrabrivanje za politi&#269;ko u&#269;e&scaron;&#263;e i dru&scaron;tveno organizovanje <\/font><\/li>\n<li><font face=\"georgia,palatino\" size=\"2\">Prakti&#269;an socijalni rad u lokalnoj zajednici. <\/font><\/li>\n<\/ul>\n<h3><font face=\"georgia,palatino\"><a href=\"..\/ebib\/200705141405100.MDG_Serbia_2006_SR.pdf\" target=\"_blank\" rel=\"noopener\">Milenijumski razvojni ciljevi<\/a> <\/font><\/h3>\n<p><font face=\"georgia,palatino\" size=\"2\">Iskorenjivanje siroma&scaron;tva i gladi do 2015. je Milenijumski razvojni cilj. Takodje su predlo\u017eeni tzv. &ldquo;brzi koraci&rdquo; koji &#263;e uz male tro&scaron;kove obezbediti najkonstruktivnije efekte smanjenja siroma&scaron;tva u svetu. To su: <\/font><\/p>\n<ul>\n<li><font face=\"georgia,palatino\" size=\"2\">Pristup informacijama o seksualnom i reproduktivnom zdravlju <\/font><\/li>\n<li><font face=\"georgia,palatino\" size=\"2\">Borba protiv nasilja u porodici <\/font><\/li>\n<li><font face=\"georgia,palatino\" size=\"2\">Imenovanje vladinih savetnika za nauku u svakoj dr\u017eavi <\/font><\/li>\n<li><font face=\"georgia,palatino\" size=\"2\">Zagarantovan osnovni prihod <\/font><\/li>\n<li><font face=\"georgia,palatino\" size=\"2\">Gradjanske dividende <\/font><\/li>\n<li><font face=\"georgia,palatino\" size=\"2\">Dezinfekcija i dezinsekcija &scaron;kola u napadnutim podru&#269;jima. <\/font><\/li>\n<li><font face=\"georgia,palatino\" size=\"2\">Lekovi za AIDS, tuberkulozu i malariju<\/font><\/li>\n<li><font face=\"georgia,palatino\" size=\"2\">Eliminacija tro&scaron;kovanja za &scaron;kolovanje <\/font><\/li>\n<li><font face=\"georgia,palatino\" size=\"2\">Ukidanje tro&scaron;kova za osnovnu zdravstvenu za&scaron;titu u zemljama u razvoju <\/font><\/li>\n<li><font face=\"georgia,palatino\" size=\"2\">Besplatna u\u017eina za decu u &scaron;kolama <\/font><\/li>\n<li><font face=\"georgia,palatino\" size=\"2\">Prava \u017eena, uklju&#269;uju&#263;i i pravo na imovinu <\/font><\/li>\n<li><font face=\"georgia,palatino\" size=\"2\">Negativne poreske stope<\/font><\/li>\n<li><font face=\"georgia,palatino\" size=\"2\">Po&scaron;umljavanje <\/font><\/li>\n<li><font face=\"georgia,palatino\" size=\"2\">Obezbedjivanje aditiva za zemljoradnike u sub-saharskoj Africi. <\/font><\/li>\n<li><font face=\"georgia,palatino\" size=\"2\">Obezbedjivanje mre\u017ea protiv komaraca <\/font><\/li>\n<li><font face=\"georgia,palatino\" size=\"2\">Pristup elektri&#269;noj energiji, vodi i sanitarnim uredjajima <\/font><\/li>\n<li><font face=\"georgia,palatino\" size=\"2\">Podr&scaron;ka dojenju novorodjene dece <\/font><\/li>\n<li><font face=\"georgia,palatino\" size=\"2\">Trening programi o zdravstvenoj za&scaron;titi u seoskim podru&#269;jima. <\/font><\/li>\n<li><font face=\"georgia,palatino\" size=\"2\">Unapredjenje mesta za stanovanje i obezbedjivanje novog zemlji&scaron;ta za gradju stanova. <\/font><\/li>\n<\/ul>\n<h3><font face=\"georgia,palatino\">Pomo&#263; za razvoj <\/font><\/h3>\n<p><font face=\"georgia,palatino\" size=\"2\">Mnoge razvijene nacije daju pomo&#263; za razvoj zemljama u razvoju. Neka konsultativna tela i nevladine organizacije smatraju da zapadna monetarna pomo&#263; &#269;esto pove&#263;ava siroma&scaron;tvo i socijalnu nejednakost bilo da je uslovljena primenom &scaron;tetne ekonomske politike u odredjenim zemljama, bilo zato &scaron;to je vezana uvozom proizvoda iz donatorskih zemalja ili zato &scaron;to strana pomo&#263; slu\u017ei interesima donatora vi&scaron;e nego primaocima pomo&#263;i. <\/font><\/p>\n<p><font face=\"georgia,palatino\" size=\"2\">Oni koji pru\u017eaju pomo&#263; tvrde da se ovakvi problemi mogu re&scaron;iti boljim monitoringom raspodele pomo&#263;i. <a href=\"\/en\/static.php\/?id=sirom_link2\">Pomo&#263; nevladinih organizacija mo\u017eda je efikasnija od dr\u017eavne pomo&#263;i jer se bolje pronalaze siroma&scaron;ni i bolje se vr&scaron;i controla. <\/a><\/font><\/p>","protected":false},"excerpt":{"rendered":"<p>Bilteni Siroma&scaron;tvo je stanje u kome su osoba ili dru&scaron;tvo u oksudici materijalnih dobara za normalno zadovoljavanje najva\u017enijih potreba. Najva\u017enija materijalna dobra su hrana, pija&#263;a voda i prostor za stanovanje, a postoje i socijalna dobra kao &scaron;to su pristup informacijama, obrazovanju, zdravstevenoj za&scaron;titi, socijalni status, politi&#269;ka mo&#263; ili mogu&#263;nost da se razviju zna&#269;ajne veze sa [&hellip;]<\/p>","protected":false},"author":2,"featured_media":0,"parent":0,"menu_order":0,"comment_status":"closed","ping_status":"closed","template":"","meta":{"footnotes":""},"class_list":["post-1122","page","type-page","status-publish","hentry"],"_links":{"self":[{"href":"https:\/\/www.cilsrbija.org\/en\/wp-json\/wp\/v2\/pages\/1122","targetHints":{"allow":["GET"]}}],"collection":[{"href":"https:\/\/www.cilsrbija.org\/en\/wp-json\/wp\/v2\/pages"}],"about":[{"href":"https:\/\/www.cilsrbija.org\/en\/wp-json\/wp\/v2\/types\/page"}],"author":[{"embeddable":true,"href":"https:\/\/www.cilsrbija.org\/en\/wp-json\/wp\/v2\/users\/2"}],"replies":[{"embeddable":true,"href":"https:\/\/www.cilsrbija.org\/en\/wp-json\/wp\/v2\/comments?post=1122"}],"version-history":[{"count":0,"href":"https:\/\/www.cilsrbija.org\/en\/wp-json\/wp\/v2\/pages\/1122\/revisions"}],"wp:attachment":[{"href":"https:\/\/www.cilsrbija.org\/en\/wp-json\/wp\/v2\/media?parent=1122"}],"curies":[{"name":"wp","href":"https:\/\/api.w.org\/{rel}","templated":true}]}}