{"id":1116,"date":"2007-04-27T00:00:00","date_gmt":"2007-04-26T22:00:00","guid":{"rendered":"http:\/\/dev.cilsrbija.org\/alicante_07\/"},"modified":"2007-04-27T00:00:00","modified_gmt":"2007-04-26T22:00:00","slug":"alicante_07","status":"publish","type":"page","link":"https:\/\/www.cilsrbija.org\/en\/alicante_07\/","title":{"rendered":"alicante_07"},"content":{"rendered":"<p><span class=\"style1\">Evropska mre\u017ea Centara za samostalni \u017eivot osoba sa invaliditetom u saradnji sa Odeljenjem za socijalna pitanja Vlasti Valensije, organizuju Konferenciju koja ima za glavnu temu Evropsku godinu jednakih mogu&#263;nosti. Konferencija &#263;e se odr\u017eati 3-4. maja u Alikanteu, &Scaron;panija. Ono &scaron;to je \u017eelja pokreta za samostalni \u017eivot jeste da se u ovog Godini jednakih mogu&#263;nosti sretnu eksperti pokreta za samostalni \u017eivot osoba sa invaliditetom, politi&#269;ari i kreatori socijalne politike iz cele Evrope, radi napretka pregovora o politici i praksi samostalnog \u017eivota. Ova Konferencija je veoma zna&#269;ajna prilika i iskrena nada u napredak. ENIL ne sumnja da &#263;e ovaj susret biti kamen temeljac socijalnim promenama u Evropi. <\/span><\/p>","protected":false},"excerpt":{"rendered":"<p>Evropska mre\u017ea Centara za samostalni \u017eivot osoba sa invaliditetom u saradnji sa Odeljenjem za socijalna pitanja Vlasti Valensije, organizuju Konferenciju koja ima za glavnu temu Evropsku godinu jednakih mogu&#263;nosti. Konferencija &#263;e se odr\u017eati 3-4. maja u Alikanteu, &Scaron;panija. Ono &scaron;to je \u017eelja pokreta za samostalni \u017eivot jeste da se u ovog Godini jednakih mogu&#263;nosti sretnu [&hellip;]<\/p>","protected":false},"author":2,"featured_media":0,"parent":0,"menu_order":0,"comment_status":"closed","ping_status":"closed","template":"","meta":{"footnotes":""},"class_list":["post-1116","page","type-page","status-publish","hentry"],"_links":{"self":[{"href":"https:\/\/www.cilsrbija.org\/en\/wp-json\/wp\/v2\/pages\/1116","targetHints":{"allow":["GET"]}}],"collection":[{"href":"https:\/\/www.cilsrbija.org\/en\/wp-json\/wp\/v2\/pages"}],"about":[{"href":"https:\/\/www.cilsrbija.org\/en\/wp-json\/wp\/v2\/types\/page"}],"author":[{"embeddable":true,"href":"https:\/\/www.cilsrbija.org\/en\/wp-json\/wp\/v2\/users\/2"}],"replies":[{"embeddable":true,"href":"https:\/\/www.cilsrbija.org\/en\/wp-json\/wp\/v2\/comments?post=1116"}],"version-history":[{"count":0,"href":"https:\/\/www.cilsrbija.org\/en\/wp-json\/wp\/v2\/pages\/1116\/revisions"}],"wp:attachment":[{"href":"https:\/\/www.cilsrbija.org\/en\/wp-json\/wp\/v2\/media?parent=1116"}],"curies":[{"name":"wp","href":"https:\/\/api.w.org\/{rel}","templated":true}]}}