{"id":1101,"date":"2006-07-06T00:00:00","date_gmt":"2006-07-05T22:00:00","guid":{"rendered":"http:\/\/dev.cilsrbija.org\/grafiti4\/"},"modified":"2006-07-06T00:00:00","modified_gmt":"2006-07-05T22:00:00","slug":"grafiti4","status":"publish","type":"page","link":"https:\/\/www.cilsrbija.org\/en\/grafiti4\/","title":{"rendered":"grafiti4"},"content":{"rendered":"<div class=\"style15\">\n<h2> Grafiti <\/h2>\n<h3><i>Deset reci kojima se na razlicitim jezicima oznacava pojam \u201einvalidnost\u201c<\/i><\/h3>\n<ol class=\"style15\">\n<li><span style=\"FONT-WEIGHT: bold\"><b>paaft\u00ebsi (albanski)<\/b><\/span>\n   <\/li>\n<li><span style=\"FONT-WEIGHT: bold\"><b>canji (kineski pinyin)<\/b><\/span>\n   <\/li>\n<li><span style=\"FONT-WEIGHT: bold\"><b>nezp\u00f9sobilost (ce\u0161ki)<\/b><\/span>\n   <\/li>\n<li><span style=\"FONT-WEIGHT: bold\"><b>behinderung (nemacki)<\/b><\/span>\n   <\/li>\n<li><span style=\"FONT-WEIGHT: bold\"><b>onbekwaamheid (holandski)<\/b><\/span>\n   <\/li>\n<li><span style=\"FONT-WEIGHT: bold\"><b>nehut (jidi\u0161)<\/b><\/span>\n   <\/li>\n<li><span style=\"FONT-WEIGHT: bold\"><b>rokkants\u00e1g (madjarski)<\/b><\/span>\n   <\/li>\n<li><span style=\"FONT-WEIGHT: bold\"><b>niepelnosprawnosc (poljski)<\/b><\/span>\n   <\/li>\n<li><span style=\"FONT-WEIGHT: bold\"><b>discapacidad (\u0161panski)<\/b><\/span>\n   <\/li>\n<li><span style=\"FONT-WEIGHT: bold\"><b>sakatlik (turski)<\/b><\/span>\n   <\/li>\n<\/ol>\n<\/div>","protected":false},"excerpt":{"rendered":"<p>Grafiti Deset reci kojima se na razlicitim jezicima oznacava pojam \u201einvalidnost\u201c paaft\u00ebsi (albanski) canji (kineski pinyin) nezp\u00f9sobilost (ce\u0161ki) behinderung (nemacki) onbekwaamheid (holandski) nehut (jidi\u0161) rokkants\u00e1g (madjarski) niepelnosprawnosc (poljski) discapacidad (\u0161panski) sakatlik (turski)<\/p>","protected":false},"author":2,"featured_media":0,"parent":0,"menu_order":0,"comment_status":"closed","ping_status":"closed","template":"","meta":{"footnotes":""},"class_list":["post-1101","page","type-page","status-publish","hentry"],"_links":{"self":[{"href":"https:\/\/www.cilsrbija.org\/en\/wp-json\/wp\/v2\/pages\/1101","targetHints":{"allow":["GET"]}}],"collection":[{"href":"https:\/\/www.cilsrbija.org\/en\/wp-json\/wp\/v2\/pages"}],"about":[{"href":"https:\/\/www.cilsrbija.org\/en\/wp-json\/wp\/v2\/types\/page"}],"author":[{"embeddable":true,"href":"https:\/\/www.cilsrbija.org\/en\/wp-json\/wp\/v2\/users\/2"}],"replies":[{"embeddable":true,"href":"https:\/\/www.cilsrbija.org\/en\/wp-json\/wp\/v2\/comments?post=1101"}],"version-history":[{"count":0,"href":"https:\/\/www.cilsrbija.org\/en\/wp-json\/wp\/v2\/pages\/1101\/revisions"}],"wp:attachment":[{"href":"https:\/\/www.cilsrbija.org\/en\/wp-json\/wp\/v2\/media?parent=1101"}],"curies":[{"name":"wp","href":"https:\/\/api.w.org\/{rel}","templated":true}]}}