{"id":1085,"date":"2006-05-08T00:00:00","date_gmt":"2006-05-07T22:00:00","guid":{"rendered":"http:\/\/dev.cilsrbija.org\/vise\/"},"modified":"2006-05-08T00:00:00","modified_gmt":"2006-05-07T22:00:00","slug":"vise","status":"publish","type":"page","link":"https:\/\/www.cilsrbija.org\/en\/vise\/","title":{"rendered":"vise"},"content":{"rendered":"<div class=\"style15\" align=\"justify\">Samostalni \u017eivot je filozofija i pokret osoba sa invaliditetom koji se bore za samoodredjenje, jednake mogucnosti i samopo&scaron;tovanje.<br \/>Osnovna nacela filozofije samostalnog \u017eivota su: <\/p>\n<ul class=\"style15\">\n<li><span style=\"font-weight: bold\">Izbor<\/span><\/li>\n<li><span style=\"font-weight: bold\">Samostalno dono&scaron;enje odluka<\/span><\/li>\n<li><span style=\"font-weight: bold\">Kontrola<\/span><\/li>\n<li><span style=\"font-weight: bold\">Odgovornost<\/span><\/li>\n<li><span style=\"font-weight: bold\">Pravo na gre&scaron;ku<\/span><\/li>\n<\/ul>\n<p>Jedan od preduslova za samostalni \u017eivot osoba sa invaliditetom je postojanje servisa personalnih asistenata.<br \/><em>* Sve dok na&scaron;e invalidnosti do\u017eivljavamo kao tragedije, bicemo sa\u017ealjevani. Sve dok se stidimo onoga &scaron;t smo, na&scaron;i \u017eivoti ce se do\u017eivljavati kao beskorisni. Sve dok budemo nevidljivi, drugi ce nam govoriti &scaron;ta da radimo. *<\/em><\/p>\n<p><em>Adolf Ratzka, 2003<\/em><\/p>\n<p>O filozofiji samostalnog \u017eivota, pronadjite vi&scaron;e u tekstovima: <\/p>\n<ul class=\"style15\">\n<li><a style=\"color: #336699\" href=\"..\/ebib\/Istorijat%20samostalnog%20zivota.pdf\"><strong>Istorijat samostalnog zivota<\/strong><\/a><\/li>\n<li><a style=\"color: #336699\" href=\"..\/ebib\/Koncept%20samostalnog%20zivota.pdf\"><strong>Koncept samostalnog zivota<\/strong><\/a><\/li>\n<li><a style=\"color: #336699\" href=\"..\/ebib\/Samostalni%20zivot%20osnazuje%20osobe%20sa%20invaliditetom.pdf\"><strong>Samostalni zivot osnazuje osobe sa invaliditetom<\/strong><\/a><\/li>\n<li><a style=\"color: #336699\" href=\"..\/ser\/dokumenti\/Definicije.doc\"><strong>Definicije<\/strong><\/a><\/li>\n<li><a style=\"color: #336699\" href=\"\/en\/dokumenti\/Sporost_u_razmisljanju.pdf\/\"><strong>Sporost u razmi&scaron;ljanju ograni&#269;ava osobe sa invaliditetom<\/strong><\/a><\/li>\n<\/ul>\n<\/div>","protected":false},"excerpt":{"rendered":"<p>Samostalni \u017eivot je filozofija i pokret osoba sa invaliditetom koji se bore za samoodredjenje, jednake mogucnosti i samopo&scaron;tovanje.Osnovna nacela filozofije samostalnog \u017eivota su: Izbor Samostalno dono&scaron;enje odluka Kontrola Odgovornost Pravo na gre&scaron;ku Jedan od preduslova za samostalni \u017eivot osoba sa invaliditetom je postojanje servisa personalnih asistenata.* Sve dok na&scaron;e invalidnosti do\u017eivljavamo kao tragedije, bicemo sa\u017ealjevani. [&hellip;]<\/p>","protected":false},"author":2,"featured_media":0,"parent":0,"menu_order":0,"comment_status":"closed","ping_status":"closed","template":"","meta":{"footnotes":""},"class_list":["post-1085","page","type-page","status-publish","hentry"],"_links":{"self":[{"href":"https:\/\/www.cilsrbija.org\/en\/wp-json\/wp\/v2\/pages\/1085","targetHints":{"allow":["GET"]}}],"collection":[{"href":"https:\/\/www.cilsrbija.org\/en\/wp-json\/wp\/v2\/pages"}],"about":[{"href":"https:\/\/www.cilsrbija.org\/en\/wp-json\/wp\/v2\/types\/page"}],"author":[{"embeddable":true,"href":"https:\/\/www.cilsrbija.org\/en\/wp-json\/wp\/v2\/users\/2"}],"replies":[{"embeddable":true,"href":"https:\/\/www.cilsrbija.org\/en\/wp-json\/wp\/v2\/comments?post=1085"}],"version-history":[{"count":0,"href":"https:\/\/www.cilsrbija.org\/en\/wp-json\/wp\/v2\/pages\/1085\/revisions"}],"wp:attachment":[{"href":"https:\/\/www.cilsrbija.org\/en\/wp-json\/wp\/v2\/media?parent=1085"}],"curies":[{"name":"wp","href":"https:\/\/api.w.org\/{rel}","templated":true}]}}