{"id":1083,"date":"2006-05-31T00:00:00","date_gmt":"2006-05-30T22:00:00","guid":{"rendered":"http:\/\/dev.cilsrbija.org\/nis\/"},"modified":"2006-05-31T00:00:00","modified_gmt":"2006-05-30T22:00:00","slug":"nis","status":"publish","type":"page","link":"https:\/\/www.cilsrbija.org\/en\/nis\/","title":{"rendered":"nis"},"content":{"rendered":"<h2>Centar za samostalni \u017eivot osoba sa invaliditetom Ni&scaron;<\/h2>\n<p><font face=\"georgia,palatino\" size=\"2\">U Ni&scaron;u je posle nekoliko godina mirovanja ponovo aktivirana podru\u017enica Centra.<br \/>Na konstitutivnoj sednici, odr\u017eanoj 1. novembra 2007. usvojen je Pravilnik o radu podru\u017enice i izabrano novo rukovodstvo.<\/font><\/p>\n<p><font face=\"georgia,palatino\" size=\"2\">Obrenovi&#263;eva bb, RPC Kal&#269;a, B-1\/65<br \/> 18000 Ni&scaron;<br \/> 018\/250-570<br \/><a href=\"mailto:cilnis@open.telekom.rs\">cilnis@open.telekom.rs<\/a><\/font> <\/p>\n<p><font face=\"georgia,palatino\" size=\"2\">Predsednik podru\u017enice je Ran&#273;elovi&#263; Katica,<br \/>    <a href=\"mailto:katica12@sbb.rs\">katica12@sbb.rs<\/a>, <br \/> 063\/104-12-08.<\/font><\/p>\n<p><font face=\"georgia,palatino\" size=\"2\"><a href=\"\/en\/static.php\/?id=nis_aktivnosti\">Aktivnosti<\/a><\/font><\/p>\n<p><font face=\"georgia,palatino\" size=\"2\">Sednici su prisustvovali i gosti iz podru\u017enica u Beogradu i Leskovcu. <\/font><\/p>\n<p><a href=\"\/en\/slike\/nis1.jpg\/\" target=\"_blank\" rel=\"noopener\"><img loading=\"lazy\" decoding=\"async\" src=\"slike\/nis1m.jpg\" border=\"0\" alt=\"\" hspace=\"10\" vspace=\"10\" width=\"120\" height=\"91\" \/><\/a><a href=\"\/en\/slike\/nisn2.jpg\/\" target=\"_blank\" rel=\"noopener\"><img loading=\"lazy\" decoding=\"async\" src=\"slike\/nisn2m.jpg\" border=\"0\" alt=\"\" hspace=\"10\" vspace=\"10\" width=\"120\" height=\"91\" \/><\/a><a href=\"\/en\/slike\/nis3.jpg\/\" target=\"_blank\" rel=\"noopener\"><img loading=\"lazy\" decoding=\"async\" src=\"slike\/nis3m.jpg\" border=\"0\" alt=\"\" hspace=\"10\" vspace=\"10\" width=\"120\" height=\"91\" \/><\/a><a href=\"\/en\/slike\/nis4.jpg\/\" target=\"_blank\" rel=\"noopener\"><img loading=\"lazy\" decoding=\"async\" src=\"slike\/nis4m.jpg\" border=\"0\" alt=\"\" hspace=\"10\" vspace=\"10\" width=\"120\" height=\"91\" \/><\/a><\/p>","protected":false},"excerpt":{"rendered":"<p>Centar za samostalni \u017eivot osoba sa invaliditetom Ni&scaron; U Ni&scaron;u je posle nekoliko godina mirovanja ponovo aktivirana podru\u017enica Centra.Na konstitutivnoj sednici, odr\u017eanoj 1. novembra 2007. usvojen je Pravilnik o radu podru\u017enice i izabrano novo rukovodstvo. Obrenovi&#263;eva bb, RPC Kal&#269;a, B-1\/65 18000 Ni&scaron; 018\/250-570cilnis@open.telekom.rs Predsednik podru\u017enice je Ran&#273;elovi&#263; Katica, katica12@sbb.rs, 063\/104-12-08. Aktivnosti Sednici su prisustvovali i [&hellip;]<\/p>","protected":false},"author":2,"featured_media":0,"parent":0,"menu_order":0,"comment_status":"closed","ping_status":"closed","template":"","meta":{"footnotes":""},"class_list":["post-1083","page","type-page","status-publish","hentry"],"_links":{"self":[{"href":"https:\/\/www.cilsrbija.org\/en\/wp-json\/wp\/v2\/pages\/1083","targetHints":{"allow":["GET"]}}],"collection":[{"href":"https:\/\/www.cilsrbija.org\/en\/wp-json\/wp\/v2\/pages"}],"about":[{"href":"https:\/\/www.cilsrbija.org\/en\/wp-json\/wp\/v2\/types\/page"}],"author":[{"embeddable":true,"href":"https:\/\/www.cilsrbija.org\/en\/wp-json\/wp\/v2\/users\/2"}],"replies":[{"embeddable":true,"href":"https:\/\/www.cilsrbija.org\/en\/wp-json\/wp\/v2\/comments?post=1083"}],"version-history":[{"count":0,"href":"https:\/\/www.cilsrbija.org\/en\/wp-json\/wp\/v2\/pages\/1083\/revisions"}],"wp:attachment":[{"href":"https:\/\/www.cilsrbija.org\/en\/wp-json\/wp\/v2\/media?parent=1083"}],"curies":[{"name":"wp","href":"https:\/\/api.w.org\/{rel}","templated":true}]}}