{"id":1081,"date":"2006-05-31T00:00:00","date_gmt":"2006-05-30T22:00:00","guid":{"rendered":"http:\/\/dev.cilsrbija.org\/jagodina\/"},"modified":"2006-05-31T00:00:00","modified_gmt":"2006-05-30T22:00:00","slug":"jagodina","status":"publish","type":"page","link":"https:\/\/www.cilsrbija.org\/en\/jagodina\/","title":{"rendered":"jagodina"},"content":{"rendered":"<h2>Centar za samostalni \u017eivot osoba sa invaliditetom Jagodina<\/h2>\n<p><\/p>\n<div class=\"style15\" align=\"justify\">&nbsp; <\/p>\n<p><font face=\"georgia,palatino\" size=\"2\">Pocela je sa radom 09.11.2001. (Registarski broj: 212-2).<\/font><\/p>\n<p><font face=\"georgia,palatino\" size=\"2\">&nbsp;Podru\u017enica okuplja osobe sa invaliditetom svih kategorija sa teritorija Op&scaron;tina Jagodine, Svilajnca, Despotovca, Cuprije i Paracina. <br \/>&nbsp;Podru\u017enica CS\u017d u Jagodini, nastala je u okviru projekta Centra za S\u017dI Srbije koji je tokom 2000. &scaron;irio mre\u017eu svojih podru\u017enica \u017eirom Srbije. Pored sedi&scaron;ta Centra u Beogradu, otvorene su organizacione jedinice u Ni&scaron;u, Smederevu, Kru&scaron;evcu, Jagodini i Leskovcu. <br \/>&nbsp;Podru\u017enica Centra u Jagodini svoj rad bazira na potrebama OSI u svom regionu, ali i prethodnom bogatom iskustvu CS\u017d Srbije ciji je organizacioni deo. <br \/>&nbsp;<\/font><\/p>\n<p><font face=\"georgia,palatino\" size=\"2\"><font face=\"georgia,palatino\" size=\"2\">Slobodan Milojkovi&#263;<\/font> &#8211; predsednik<\/font><\/p>\n<p><font face=\"georgia,palatino\" size=\"2\"><font face=\"Georgia\" size=\"3\"><span style=\"font-size: 12pt; font-family: Georgia\">Jelena Milivojevi&#263;<\/span><\/font> &#8211; potpredsednik <\/font><\/p>\n<p><font face=\"georgia,palatino\"><font size=\"2\"><span class=\"style19\">Kancelarija:<\/span><br \/><span class=\"style15\"><em>adresa: <\/em>Bo&scaron;ka Djuricica 8<\/span><br \/><\/font><\/font><span class=\"style15\"><font face=\"georgia,palatino\"><font size=\"2\"><em>tel: 035 243 168<\/em><br \/><\/font><\/font><span class=\"style15\"><font face=\"georgia,palatino\"><font size=\"2\"><em>email: <\/em><a href=\"mailto:ciljag@mts.rs\">ciljag@mts.rs<\/a><br \/><\/font><\/font><br \/><img loading=\"lazy\" decoding=\"async\" src=\"images\/jagodina\/Korisnici%20na%20druzenju2.JPG\" border=\"1\" alt=\"\" width=\"216\" height=\"161\" \/>&nbsp; <img loading=\"lazy\" decoding=\"async\" src=\"images\/jagodina\/Maestra%20i%20ucenik2.JPG\" border=\"1\" alt=\"\" width=\"216\" height=\"161\" \/><\/span><\/span><\/div>","protected":false},"excerpt":{"rendered":"<p>Centar za samostalni \u017eivot osoba sa invaliditetom Jagodina &nbsp; Pocela je sa radom 09.11.2001. (Registarski broj: 212-2). &nbsp;Podru\u017enica okuplja osobe sa invaliditetom svih kategorija sa teritorija Op&scaron;tina Jagodine, Svilajnca, Despotovca, Cuprije i Paracina. &nbsp;Podru\u017enica CS\u017d u Jagodini, nastala je u okviru projekta Centra za S\u017dI Srbije koji je tokom 2000. &scaron;irio mre\u017eu svojih podru\u017enica \u017eirom [&hellip;]<\/p>","protected":false},"author":2,"featured_media":0,"parent":0,"menu_order":0,"comment_status":"closed","ping_status":"closed","template":"","meta":{"footnotes":""},"class_list":["post-1081","page","type-page","status-publish","hentry"],"_links":{"self":[{"href":"https:\/\/www.cilsrbija.org\/en\/wp-json\/wp\/v2\/pages\/1081","targetHints":{"allow":["GET"]}}],"collection":[{"href":"https:\/\/www.cilsrbija.org\/en\/wp-json\/wp\/v2\/pages"}],"about":[{"href":"https:\/\/www.cilsrbija.org\/en\/wp-json\/wp\/v2\/types\/page"}],"author":[{"embeddable":true,"href":"https:\/\/www.cilsrbija.org\/en\/wp-json\/wp\/v2\/users\/2"}],"replies":[{"embeddable":true,"href":"https:\/\/www.cilsrbija.org\/en\/wp-json\/wp\/v2\/comments?post=1081"}],"version-history":[{"count":0,"href":"https:\/\/www.cilsrbija.org\/en\/wp-json\/wp\/v2\/pages\/1081\/revisions"}],"wp:attachment":[{"href":"https:\/\/www.cilsrbija.org\/en\/wp-json\/wp\/v2\/media?parent=1081"}],"curies":[{"name":"wp","href":"https:\/\/api.w.org\/{rel}","templated":true}]}}