{"id":1080,"date":"2006-05-31T00:00:00","date_gmt":"2006-05-30T22:00:00","guid":{"rendered":"http:\/\/dev.cilsrbija.org\/leskovac\/"},"modified":"2006-05-31T00:00:00","modified_gmt":"2006-05-30T22:00:00","slug":"leskovac","status":"publish","type":"page","link":"https:\/\/www.cilsrbija.org\/en\/leskovac\/","title":{"rendered":"leskovac"},"content":{"rendered":"<h2>Centar za samostalni \u017eivot osoba sa invaliditetom Leskovac<\/h2>\n<p><a href=\"\/en\/static.php\/?id=leskovac_aktivnosti\">Aktivnosti podru\u017enice<\/a> <\/p>\n<div class=\"style15\" align=\"justify\">&nbsp;Centar za samostalni \u017eivot invalida Leskovac (CS\u017d) je osnovan 30.10.2002. god., kao jedna od podru\u017enica Centra za samostalni \u017eivot invalida Srbije. Registrovan je kod SUP-a Leskovac kao udru\u017eenje gradana. (Registarski broj: 212-21\/02). <br \/>&nbsp;Leskovacka podru\u017enica okuplja osobe sa invaliditetom svih kategorija sa teritorije Jablanickog okruga i trenutno broji 30 clanova, od cega 20 OSI. <br \/>&nbsp;Radom Podru\u017enice rukovodi Upravni odbor koji cine 5 osoba sa invaliditetom, od cega 1 mu&scaron;karac i 4 \u017eene. <\/p>\n<p>&nbsp;Ucestvovali smo u realizaciji 5 projekata kao partneri i autori. <\/p>\n<ul class=\"style15\">\n<li><span style=\"font-weight: bold\">Grad pristupacan za sve<\/span><br \/>Nosilac: Centar za samostalni \u017eivot invalida Srbije-Podru\u017enica Jagodina<br \/>Finansijer: Handicap International i ECHO<\/li>\n<li><span style=\"font-weight: bold\">Pristup je pravo<\/span><br \/>Nosilac: Centar za samostalni \u017eivot invalida Srbije-Podru\u017enica Jagodina<br \/>Finansijer: Ministarstvo za socijalna pitanja Republike Srbije<\/li>\n<li><span style=\"font-weight: bold\">Prava invalida su ljudska prava<\/span><br \/>Nosilac: Centar &#8222;\u017diveti uspravno&#8220;<br \/>Finansijer: Handicap International (Share see)<\/li>\n<li><span style=\"font-weight: bold\">Hocemo da radimo<\/span><br \/>Nosilac: Udru\u017eenje distroficara Jablanickog i Pcinjskog okruga<br \/>Finansijer: UNDP i Fond za razvoj Op&scaron;tine Leskovac<\/li>\n<li><span style=\"font-weight: bold\">Copy Centar<\/span><br \/>Nosilac: Udru\u017eenje osoba sa paraplegijom &#8222;Vranje&#8220;<br \/>Finansijer: UNDP i Fond za razvoj Op&scaron;tine Vranje<\/li>\n<\/ul>\n<p>Takode ucestvujemo u realizaciji svih projekata ciji je nosilac Centar za samostalni \u017eivot invalida Srbije.<\/div>\n<p><img loading=\"lazy\" decoding=\"async\" src=\"images\/leskovac\/Korisnici%20prave%20planove1.JPG\" border=\"1\" alt=\"korisnici prave planove\" width=\"300\" height=\"250\" align=\"right\" \/> <br \/><span class=\"style19\">Office<\/span><br \/><span class=\"style15\"><em>adresa: <\/em>Ju\u017enomoravskih brigada bb<\/span><br \/><span class=\"style15\"><em>tel: <\/em>016\/215-927<br \/> <span class=\"style15\"><em>email: <\/em><a href=\"mailto:cil.leskovac@gmail.com\">cil.leskovac@gmail.com<\/a><\/p>\n<p><span class=\"style19\">Predsednik udru\u017eenja<\/span><br \/> <span class=\"style15\">Svetislav Marjanovic<\/span><\/p>\n<p><span class=\"style19\">Podpredsednik udru\u017eenja<\/span><\/span><\/span><br \/><span class=\"style15\"><span class=\"style15\"><span class=\"style15\"><span class=\"style15\"><span class=\"style15\">Gordana Stojanovi&#263;<\/span><\/span><\/span> <\/p>\n<p><span class=\"style19\">Sekretar udru\u017eenja<\/span><br \/> <span class=\"style15\">Suzana &#272;or&#273;evi&#263;<\/span><\/p>\n<p><\/span><\/span><\/p>","protected":false},"excerpt":{"rendered":"<p>Centar za samostalni \u017eivot osoba sa invaliditetom Leskovac Aktivnosti podru\u017enice &nbsp;Centar za samostalni \u017eivot invalida Leskovac (CS\u017d) je osnovan 30.10.2002. god., kao jedna od podru\u017enica Centra za samostalni \u017eivot invalida Srbije. Registrovan je kod SUP-a Leskovac kao udru\u017eenje gradana. (Registarski broj: 212-21\/02). &nbsp;Leskovacka podru\u017enica okuplja osobe sa invaliditetom svih kategorija sa teritorije Jablanickog okruga i [&hellip;]<\/p>","protected":false},"author":2,"featured_media":0,"parent":0,"menu_order":0,"comment_status":"closed","ping_status":"closed","template":"","meta":{"footnotes":""},"class_list":["post-1080","page","type-page","status-publish","hentry"],"_links":{"self":[{"href":"https:\/\/www.cilsrbija.org\/en\/wp-json\/wp\/v2\/pages\/1080","targetHints":{"allow":["GET"]}}],"collection":[{"href":"https:\/\/www.cilsrbija.org\/en\/wp-json\/wp\/v2\/pages"}],"about":[{"href":"https:\/\/www.cilsrbija.org\/en\/wp-json\/wp\/v2\/types\/page"}],"author":[{"embeddable":true,"href":"https:\/\/www.cilsrbija.org\/en\/wp-json\/wp\/v2\/users\/2"}],"replies":[{"embeddable":true,"href":"https:\/\/www.cilsrbija.org\/en\/wp-json\/wp\/v2\/comments?post=1080"}],"version-history":[{"count":0,"href":"https:\/\/www.cilsrbija.org\/en\/wp-json\/wp\/v2\/pages\/1080\/revisions"}],"wp:attachment":[{"href":"https:\/\/www.cilsrbija.org\/en\/wp-json\/wp\/v2\/media?parent=1080"}],"curies":[{"name":"wp","href":"https:\/\/api.w.org\/{rel}","templated":true}]}}