{"id":1075,"date":"2006-05-29T00:00:00","date_gmt":"2006-05-28T22:00:00","guid":{"rendered":"http:\/\/dev.cilsrbija.org\/zakon\/"},"modified":"2022-10-05T14:01:58","modified_gmt":"2022-10-05T12:01:58","slug":"zakonodavna-aktivnost","status":"publish","type":"page","link":"https:\/\/www.cilsrbija.org\/en\/o-nama\/zakonodavna-aktivnost\/","title":{"rendered":"Zakonodavna aktivnost"},"content":{"rendered":"<div class=\"style15\" align=\"justify\"><b>Uticaj na stavove i politiku prema osobama sa invaliditetom<\/b><\/div>\n<div class=\"style15\" align=\"justify\">&nbsp; Centar je znacajno doprineo promeni odnosa kako donosioca odluka, tako i naj\u0161ire javnosti prema osobama sa invaliditetom u Srbiji. One se sve manje posmatraju kao pasivni primaoci tudje brige i milostinje, vec se smatraju aktivnim, ravnopravnim gradjanima kojima dru\u0161tvo mora osigurati jednake mogucnosti za puno uce\u0161ce u svim sferama dru\u0161tvenog \u017eivota, kako bi ostvarili sva ljudska prava, razvili svoje pune potencijale i dali doprinos dru\u0161tvu. Donosioci odluka, kako na saveznom i republickom, tako i na lokalnim nivoima, prepoznaju Centar kao po\u0161tovanja vrednog partnera, ciju ekspertizu i resurse treba koristiti na dobrobit svih osoba sa invaliditetom i zajednice. Centar je uspeo da pronadje partnere i saveznike kako u organima koji donose odluke, tako i u civilnom dru\u0161tvu, strucnoj javnosti, medijima, na Univerzitetu.<\/div>\n<div class=\"style15\" align=\"justify\">&nbsp; U jesen 2001. Centar je pokrenuo inicijativu kod Ministarstva spoljnih poslova SRJ da podr\u017ei inicijativu Meksika u Generalnoj skup\u0161tini UN za pocetak rada na usvajanju Konvencije o pravima osoba sa invaliditetom. Ova je inicijativa prihvacena i od 2003. godine, generalni sekretar Centra, mr Damjan Tatic, kao ekspert SCG ucestvuje u radu Radne grupe Ad hok komiteta koji priprema nacrt Konvencije.<\/div>\n<div class=\"style15\" align=\"justify\">&nbsp; U leto 2002. godine tokom pregovora o nacrtu Ustavne povelje SCG Centar je uputio predlog da se najvi\u0161im pravnim aktom Dr\u017eavne zajednice izricito zabrani diskriminacija po osnovu invalidnosti. Pocetkom 2003. godine parlamenti Srbije, Crne Gore i SRJ usvojili su Povelju o manjinskim i ljudskim pravima SCG, koja stavom 3, clana 3 zabranjuje diskriminaciju po osnovu fizickog i intelektualnog invaliditeta, \u0161to je prvi put da se u najvi\u0161em ustavnom dokumentu na\u0161e zemlje pominju i prava osoba sa invaliditetom.<\/div>\n<div class=\"style15\" align=\"justify\">\nU decembru 2005. doneta je Strategija razvoja socijalne za\u0161tite.<\/p>\n<p>U aprilu 2006. Narodna Skup\u0161tina Republike Srbije usvojila je Zakon o antidiskriminaciji po osnovu invalidnosti , kao i izmene i dopune Zakona o prostornom planiranju.<\/p>\n<p>Dokumentaciju mozete<br \/>\n<a style=\"color: #336699;\" href=\"\/en\/ebib.php\/#SPAS-Cena samostalnosti.pdf\"><b>preuzeti ovde<\/b><\/a><\/p>\n<\/div>","protected":false},"excerpt":{"rendered":"<p>Uticaj na stavove i politiku prema osobama sa invaliditetom &nbsp; Centar je znacajno doprineo promeni odnosa kako donosioca odluka, tako i naj\u0161ire javnosti prema osobama sa invaliditetom u Srbiji. One se sve manje posmatraju kao pasivni primaoci tudje brige i milostinje, vec se smatraju aktivnim, ravnopravnim gradjanima kojima dru\u0161tvo mora osigurati jednake mogucnosti za puno [&hellip;]<\/p>","protected":false},"author":2,"featured_media":0,"parent":1072,"menu_order":0,"comment_status":"closed","ping_status":"closed","template":"","meta":{"footnotes":""},"class_list":["post-1075","page","type-page","status-publish","hentry"],"_links":{"self":[{"href":"https:\/\/www.cilsrbija.org\/en\/wp-json\/wp\/v2\/pages\/1075","targetHints":{"allow":["GET"]}}],"collection":[{"href":"https:\/\/www.cilsrbija.org\/en\/wp-json\/wp\/v2\/pages"}],"about":[{"href":"https:\/\/www.cilsrbija.org\/en\/wp-json\/wp\/v2\/types\/page"}],"author":[{"embeddable":true,"href":"https:\/\/www.cilsrbija.org\/en\/wp-json\/wp\/v2\/users\/2"}],"replies":[{"embeddable":true,"href":"https:\/\/www.cilsrbija.org\/en\/wp-json\/wp\/v2\/comments?post=1075"}],"version-history":[{"count":2,"href":"https:\/\/www.cilsrbija.org\/en\/wp-json\/wp\/v2\/pages\/1075\/revisions"}],"predecessor-version":[{"id":1326,"href":"https:\/\/www.cilsrbija.org\/en\/wp-json\/wp\/v2\/pages\/1075\/revisions\/1326"}],"up":[{"embeddable":true,"href":"https:\/\/www.cilsrbija.org\/en\/wp-json\/wp\/v2\/pages\/1072"}],"wp:attachment":[{"href":"https:\/\/www.cilsrbija.org\/en\/wp-json\/wp\/v2\/media?parent=1075"}],"curies":[{"name":"wp","href":"https:\/\/api.w.org\/{rel}","templated":true}]}}