{"id":1073,"date":"2006-05-29T00:00:00","date_gmt":"2006-05-28T22:00:00","guid":{"rendered":"http:\/\/dev.cilsrbija.org\/kontakt\/"},"modified":"2022-09-03T14:13:35","modified_gmt":"2022-09-03T12:13:35","slug":"kontakt-old","status":"publish","type":"page","link":"https:\/\/www.cilsrbija.org\/en\/kontakt-old\/","title":{"rendered":"kontakt"},"content":{"rendered":"<h2>Kontakti<\/h2>\n<p>Adresa:<br \/>\nMilenka Vesnica 3 (Radomira Vujovica 3)<br \/>\nBeograd<br \/>\nSrbija<\/p>\n<p>Telefon\/fax:<br \/>\n+381 11 367-53-17<br \/>\n+381 11 367-53-18<\/p>\n<p>Email:<br \/>\n<a href=\"mailto:office@cilsrbija.org\" class=\"mail\">office@cilsrbija.org<\/a><\/p>\n<p>Predsednica udru\u017eenja:<br \/>\nMilena Stojanovi\u0107<br \/>\n<a href=\"mailto:drnenastojanovic@gmail.com\" class=\"mail\">drnenastojanovic@gmail.com<\/a><\/p>\n<p>Direktorka za razvoj i me\u0111unarodnu saradnju:<br \/>\nGordana Rajkov<br \/>\n<a href=\"mailto:office@cilsrbija.org\" class=\"mail\">office@cilsrbija.org<\/a><\/p>\n<p>\u0160ef kancelarije:<br \/>\nMom\u010dilo Stanojevi\u0107<br \/>\n<a href=\"mailto:momcilo@cilsrbija.org\" class=\"mail\">momcilo@cilsrbija.org<\/a><\/p>\n<p>Asistentkinja na projektima:<br \/>\nMimica \u017divadinovi\u0107<br \/>\n<a href=\"mailto:mimica@cilsrbija.org\" class=\"mail\">mimica@cilsrbija.org<\/a><\/p>\n<blockquote><p>&nbsp;<\/p><\/blockquote>\n<p><a href=\"..\/ser\/images\/mapa.jpg\" target=\"_blank\" rel=\"noopener\"><img loading=\"lazy\" decoding=\"async\" src=\"..\/ser\/images\/mapa_m.jpg\" border=\"1\" alt=\"Mapa\" width=\"448\" height=\"344\" align=\"right\"><\/a><\/p>","protected":false},"excerpt":{"rendered":"<p>Kontakti Adresa: Milenka Vesnica 3 (Radomira Vujovica 3) Beograd Srbija Telefon\/fax: +381 11 367-53-17 +381 11 367-53-18 Email: office@cilsrbija.org Predsednica udru\u017eenja: Milena Stojanovi\u0107 drnenastojanovic@gmail.com Direktorka za razvoj i me\u0111unarodnu saradnju: Gordana Rajkov office@cilsrbija.org \u0160ef kancelarije: Mom\u010dilo Stanojevi\u0107 momcilo@cilsrbija.org Asistentkinja na projektima: Mimica \u017divadinovi\u0107 mimica@cilsrbija.org &nbsp;<\/p>","protected":false},"author":2,"featured_media":0,"parent":0,"menu_order":0,"comment_status":"closed","ping_status":"closed","template":"","meta":{"footnotes":""},"class_list":["post-1073","page","type-page","status-publish","hentry"],"_links":{"self":[{"href":"https:\/\/www.cilsrbija.org\/en\/wp-json\/wp\/v2\/pages\/1073","targetHints":{"allow":["GET"]}}],"collection":[{"href":"https:\/\/www.cilsrbija.org\/en\/wp-json\/wp\/v2\/pages"}],"about":[{"href":"https:\/\/www.cilsrbija.org\/en\/wp-json\/wp\/v2\/types\/page"}],"author":[{"embeddable":true,"href":"https:\/\/www.cilsrbija.org\/en\/wp-json\/wp\/v2\/users\/2"}],"replies":[{"embeddable":true,"href":"https:\/\/www.cilsrbija.org\/en\/wp-json\/wp\/v2\/comments?post=1073"}],"version-history":[{"count":1,"href":"https:\/\/www.cilsrbija.org\/en\/wp-json\/wp\/v2\/pages\/1073\/revisions"}],"predecessor-version":[{"id":1254,"href":"https:\/\/www.cilsrbija.org\/en\/wp-json\/wp\/v2\/pages\/1073\/revisions\/1254"}],"wp:attachment":[{"href":"https:\/\/www.cilsrbija.org\/en\/wp-json\/wp\/v2\/media?parent=1073"}],"curies":[{"name":"wp","href":"https:\/\/api.w.org\/{rel}","templated":true}]}}