{"id":1072,"date":"2006-05-29T00:00:00","date_gmt":"2006-05-28T22:00:00","guid":{"rendered":"http:\/\/dev.cilsrbija.org\/onama\/"},"modified":"2022-12-01T10:53:56","modified_gmt":"2022-12-01T09:53:56","slug":"o-nama","status":"publish","type":"page","link":"https:\/\/www.cilsrbija.org\/en\/o-nama\/","title":{"rendered":"O centru"},"content":{"rendered":"<h2><\/h2>\n<p>Centar za samostalni \u017eivot osoba sa invaliditetom Srbije je osnovan 1996. godine i svoj rad je bazirao na na\u010delu poznatom kao cross-disability \u0161to zna\u010di da okuplja osobe sa razli\u010ditim vrstama prvenstveno telesnog invaliditeta, koje povezuju zajedni\u010dke potrebe i interesi.<\/p>\n<p>Danas Centar deluje iz sredi\u0161ta u Beogradu i deset podru\u017enica u drugim gradovima Srbije, rade\u0107i na promovisanju filozofije samostalnog \u017eivota osoba sa invaliditetom i stvaranju uslova za njenu primenu u Srbiji.<\/p>\n<p>Misija Centra obuhvata :<\/p>\n<ul>\n<li>Zastupni\u010dki rad za ostvarenje osnovnih gradjanskih i ljudskih prava osoba sa invaliditetom<\/li>\n<li>Promovisanje socijalnog pristupa invalidnosti u svim oblastima dru\u0161tvenog \u017eivota<\/li>\n<li>Afirmisanje sposobnosti osoba sa invaliditetom, razvoj njihovih potencijala i li\u010dnosti<\/li>\n<li>\u00a0Testiranje i promovisanje novih usluga za podr\u0161ku osobama sa invaliditetom &#8211; Servis personalnih asistenata<\/li>\n<li>Podizanje svesti o potrebi stvaranja pristupa\u010dne \u017eivotne sredine, uklju\u010duju\u0107i stanovanje i transport<\/li>\n<li>Delovanje na smanjenju dvostruke diskriminacije i promovisanja prava \u017eena sa invaliditetom.<\/li>\n<\/ul>\n<div style=\"text-align: center;\"><\/div>\n<div><img loading=\"lazy\" decoding=\"async\" class=\"size-medium wp-image-1260 aligncenter\" src=\"http:\/\/dev.cilsrbija.org\/wp-content\/uploads\/2022\/09\/cil-mreza_centara_srbije-2020-202x300.jpg\" alt=\"\" width=\"202\" height=\"300\" srcset=\"https:\/\/www.cilsrbija.org\/wp-content\/uploads\/2022\/09\/cil-mreza_centara_srbije-2020-202x300.jpg 202w, https:\/\/www.cilsrbija.org\/wp-content\/uploads\/2022\/09\/cil-mreza_centara_srbije-2020.jpg 531w\" sizes=\"auto, (max-width: 202px) 100vw, 202px\" \/><\/div>","protected":false},"excerpt":{"rendered":"<p>Centar za samostalni \u017eivot osoba sa invaliditetom Srbije je osnovan 1996. godine i svoj rad je bazirao na na\u010delu poznatom kao cross-disability \u0161to zna\u010di da okuplja osobe sa razli\u010ditim vrstama prvenstveno telesnog invaliditeta, koje povezuju zajedni\u010dke potrebe i interesi. Danas Centar deluje iz sredi\u0161ta u Beogradu i deset podru\u017enica u drugim gradovima Srbije, rade\u0107i na [&hellip;]<\/p>","protected":false},"author":2,"featured_media":0,"parent":0,"menu_order":0,"comment_status":"closed","ping_status":"closed","template":"","meta":{"footnotes":""},"class_list":["post-1072","page","type-page","status-publish","hentry"],"_links":{"self":[{"href":"https:\/\/www.cilsrbija.org\/en\/wp-json\/wp\/v2\/pages\/1072","targetHints":{"allow":["GET"]}}],"collection":[{"href":"https:\/\/www.cilsrbija.org\/en\/wp-json\/wp\/v2\/pages"}],"about":[{"href":"https:\/\/www.cilsrbija.org\/en\/wp-json\/wp\/v2\/types\/page"}],"author":[{"embeddable":true,"href":"https:\/\/www.cilsrbija.org\/en\/wp-json\/wp\/v2\/users\/2"}],"replies":[{"embeddable":true,"href":"https:\/\/www.cilsrbija.org\/en\/wp-json\/wp\/v2\/comments?post=1072"}],"version-history":[{"count":4,"href":"https:\/\/www.cilsrbija.org\/en\/wp-json\/wp\/v2\/pages\/1072\/revisions"}],"predecessor-version":[{"id":1413,"href":"https:\/\/www.cilsrbija.org\/en\/wp-json\/wp\/v2\/pages\/1072\/revisions\/1413"}],"wp:attachment":[{"href":"https:\/\/www.cilsrbija.org\/en\/wp-json\/wp\/v2\/media?parent=1072"}],"curies":[{"name":"wp","href":"https:\/\/api.w.org\/{rel}","templated":true}]}}