{"id":1203,"date":"2012-10-08T00:00:00","date_gmt":"2012-10-07T22:00:00","guid":{"rendered":"http:\/\/dev.cilsrbija.org\/eidhr_project\/"},"modified":"2012-10-08T00:00:00","modified_gmt":"2012-10-07T22:00:00","slug":"eidhr_project","status":"publish","type":"page","link":"http:\/\/www.cilsrbija.org\/en\/eidhr_project\/","title":{"rendered":"eidhr_project"},"content":{"rendered":"<p><strong><font face=\"georgia,palatino\" size=\"2\">Ja&#269;anje uloge transnacionalnih organizacija civilnog dru&scaron;tva i njihovih mre\u017ea (EIDHR)<\/font><\/strong><\/p>\n<p>&nbsp;<br \/><font size=\"2\">Op&scaron;ti cilj projekta je doprinos demokratskoj stabilizaciji i pridru\u017eivanju EU balkanskih zemalja kroz ja&#269;anje civilonog dru&scaron;tva; u&#269;e&scaron;&#263;e u dono&scaron;enju odluka i politi&#269;kim procesima na svim nivoima vlasti.<\/p>\n<p>Specifi&#269;ni cilj projekta je ja&#269;anje nezavisnog regionalnog okvira organizacija OSI radi uskla&#273;ivanja i pra&#263;enja nacionalnih zakonodavstava prema Konvenciji UN o pravima OSI i Evropske strategije o invaliditetu 2020.<\/p>\n<p>&nbsp;<br \/>Nosilac projekta je Agencija za saradnju, edukaciju i razvoj iz Bosne i Hercegovine, a partneri na projektu su Centar za samostalni \u017eivot OSI Srbije i Udru\u017eenje paraplegi&#269;ara Crne Gore. Pridru\u017eeni partner na projektu je i IC Lotos iz Tuzle.<\/font><\/p>","protected":false},"excerpt":{"rendered":"<p>Ja&#269;anje uloge transnacionalnih organizacija civilnog dru&scaron;tva i njihovih mre\u017ea (EIDHR) &nbsp;Op&scaron;ti cilj projekta je doprinos demokratskoj stabilizaciji i pridru\u017eivanju EU balkanskih zemalja kroz ja&#269;anje civilonog dru&scaron;tva; u&#269;e&scaron;&#263;e u dono&scaron;enju odluka i politi&#269;kim procesima na svim nivoima vlasti. Specifi&#269;ni cilj projekta je ja&#269;anje nezavisnog regionalnog okvira organizacija OSI radi uskla&#273;ivanja i pra&#263;enja nacionalnih zakonodavstava prema Konvenciji [&hellip;]<\/p>","protected":false},"author":2,"featured_media":0,"parent":0,"menu_order":0,"comment_status":"closed","ping_status":"closed","template":"","meta":{"footnotes":""},"class_list":["post-1203","page","type-page","status-publish","hentry"],"_links":{"self":[{"href":"http:\/\/www.cilsrbija.org\/en\/wp-json\/wp\/v2\/pages\/1203","targetHints":{"allow":["GET"]}}],"collection":[{"href":"http:\/\/www.cilsrbija.org\/en\/wp-json\/wp\/v2\/pages"}],"about":[{"href":"http:\/\/www.cilsrbija.org\/en\/wp-json\/wp\/v2\/types\/page"}],"author":[{"embeddable":true,"href":"http:\/\/www.cilsrbija.org\/en\/wp-json\/wp\/v2\/users\/2"}],"replies":[{"embeddable":true,"href":"http:\/\/www.cilsrbija.org\/en\/wp-json\/wp\/v2\/comments?post=1203"}],"version-history":[{"count":0,"href":"http:\/\/www.cilsrbija.org\/en\/wp-json\/wp\/v2\/pages\/1203\/revisions"}],"wp:attachment":[{"href":"http:\/\/www.cilsrbija.org\/en\/wp-json\/wp\/v2\/media?parent=1203"}],"curies":[{"name":"wp","href":"https:\/\/api.w.org\/{rel}","templated":true}]}}