{"id":1187,"date":"2010-08-27T00:00:00","date_gmt":"2010-08-26T22:00:00","guid":{"rendered":"http:\/\/dev.cilsrbija.org\/podr_beograd\/"},"modified":"2010-08-27T00:00:00","modified_gmt":"2010-08-26T22:00:00","slug":"podr_beograd","status":"publish","type":"page","link":"http:\/\/www.cilsrbija.org\/en\/podr_beograd\/","title":{"rendered":"podr_beograd"},"content":{"rendered":"<h2>Centar za samostalni \u017eivot osoba sa invaliditetom Beograd<\/h2>\n<p><font face=\"georgia,palatino\" size=\"2\">U Beogradu je 8. marta 2010.godine odr\u017eana osniva&#269;ka skup&scaron;tina za novu organizaciju Centra za samostalni \u017eivot invalida Srbije. <br \/>Nova organizacija Centra trenutno koristi kancelariju Centra Srbije na adresi:<\/font><\/p>\n<p><font face=\"georgia,palatino\" size=\"2\"><br \/>Milenka Vesnica 3, 11040 Beograd<br \/>tel:011 367 5317 367 5318<br \/>faks: 011 360 5509<\/font><\/p>\n<p><font face=\"georgia,palatino\" size=\"2\"><br \/>Predsednik:&nbsp;Nenad Simi&#263;&nbsp;<br \/><a href=\"mailto:shone78@gmail.com\">shone78@gmail.com<\/a><\/font> <font face=\"georgia,palatino\" size=\"2\"><br \/><\/font><\/p>\n<p><font face=\"georgia,palatino\" size=\"2\"><br \/>Sekretar: Mimica Zivadinovic<br \/><a href=\"mailto:mimica@cilsrbija.org\">mimica@cilsrbija.org<\/a><\/font> <\/p>","protected":false},"excerpt":{"rendered":"<p>Centar za samostalni \u017eivot osoba sa invaliditetom Beograd U Beogradu je 8. marta 2010.godine odr\u017eana osniva&#269;ka skup&scaron;tina za novu organizaciju Centra za samostalni \u017eivot invalida Srbije. Nova organizacija Centra trenutno koristi kancelariju Centra Srbije na adresi: Milenka Vesnica 3, 11040 Beogradtel:011 367 5317 367 5318faks: 011 360 5509 Predsednik:&nbsp;Nenad Simi&#263;&nbsp;shone78@gmail.com Sekretar: Mimica Zivadinovicmimica@cilsrbija.org<\/p>","protected":false},"author":2,"featured_media":0,"parent":0,"menu_order":0,"comment_status":"closed","ping_status":"closed","template":"","meta":{"footnotes":""},"class_list":["post-1187","page","type-page","status-publish","hentry"],"_links":{"self":[{"href":"http:\/\/www.cilsrbija.org\/en\/wp-json\/wp\/v2\/pages\/1187","targetHints":{"allow":["GET"]}}],"collection":[{"href":"http:\/\/www.cilsrbija.org\/en\/wp-json\/wp\/v2\/pages"}],"about":[{"href":"http:\/\/www.cilsrbija.org\/en\/wp-json\/wp\/v2\/types\/page"}],"author":[{"embeddable":true,"href":"http:\/\/www.cilsrbija.org\/en\/wp-json\/wp\/v2\/users\/2"}],"replies":[{"embeddable":true,"href":"http:\/\/www.cilsrbija.org\/en\/wp-json\/wp\/v2\/comments?post=1187"}],"version-history":[{"count":0,"href":"http:\/\/www.cilsrbija.org\/en\/wp-json\/wp\/v2\/pages\/1187\/revisions"}],"wp:attachment":[{"href":"http:\/\/www.cilsrbija.org\/en\/wp-json\/wp\/v2\/media?parent=1187"}],"curies":[{"name":"wp","href":"https:\/\/api.w.org\/{rel}","templated":true}]}}