{"id":1126,"date":"2007-06-21T00:00:00","date_gmt":"2007-06-20T22:00:00","guid":{"rendered":"http:\/\/dev.cilsrbija.org\/sirom_link1\/"},"modified":"2007-06-21T00:00:00","modified_gmt":"2007-06-20T22:00:00","slug":"sirom_link1","status":"publish","type":"page","link":"http:\/\/www.cilsrbija.org\/en\/sirom_link1\/","title":{"rendered":"sirom_link1"},"content":{"rendered":"<p><font face=\"georgia,palatino\" size=\"2\"><strong>Specificnosti siroma&scaron;tva osoba sa invaliditetom<\/strong> <br \/>&ndash; u Smederevu Jagodini i Leskovcu je u periodu januar 2004\/januar 2005 sprovodjen projekat kroz koji se promovisala Strategije za smanjenje siroma&scaron;tva i organizovalo istra\u017eivanje o specificnostima siroma&scaron;tva osoba sa invaliditetom i dodatnim tro&scaron;kovima invalidnosti. <\/font><\/p>\n<p><font face=\"georgia,palatino\" size=\"2\">Osobe sa invaliditetom i njihove porodice su jedna od najugro\u017eenijih grupa prepoznatih u Strategiji za smanjenje siroma&scaron;tva. Prema istra\u017eivanjima koje je radio Centar za samostalni \u017eivot invalida Srbije , procenat OSI ispod linije siroma&scaron;tva je 62%, &scaron;to je vi&scaron;estruko ve&#263;e nego u populaciji ostalih gradjana. Razlozi za ovo su <\/font><\/p>\n<ul>\n<li><font face=\"georgia,palatino\" size=\"2\">nizak nivo obrazovanja i neadekvatan izbor zanimanja (50% OSI ima samo osnovno ili nezavr&scaron;eno obrazovanje ), &scaron;to onemogucava da budu konkurentni na tr\u017eistu rada <\/font><\/li>\n<li><font face=\"georgia,palatino\" size=\"2\">nemogu&#263;nost da dodju do radnog mesta ( samo 13% &#1054; SI radi ) <\/font><\/li>\n<li><font face=\"georgia,palatino\" size=\"2\">zbog specifi&#269;nih tro&scaron;kova invalidnosti OSI imaju pove&#263;ane izdatke koje ostala populacija nema , a prihodi su im manji od proseka <\/font><\/li>\n<li><font face=\"georgia,palatino\" size=\"2\">neadaptirana \u017e ivotna sredina onemogu &#263; ava im uklju&#269;enje u redovne \u017eivotne tokove , pa njihove \u017eivotne probleme tesko uo&#269;avaju donosioci odluka <\/font><\/li>\n<li><font face=\"georgia,palatino\" size=\"2\">lo&scaron;a organizovanost organizacija koje okupljaju OSI dovodi do malog uticaja na promenu stanja i neadekvatnog zastupanja njihovih interesa <\/font><\/li>\n<li><font face=\"georgia,palatino\" size=\"2\">predrasude socijalnog okruzenja dovode do usamljenosti , izolovanosti i veoma malih mogu&#263;nosti da OSI u&#269;estvuju u dru&scaron;tvenom \u017eivotu <\/font><\/li>\n<li><font face=\"georgia,palatino\" size=\"2\">slu\u017ebe podr&scaron;ke su nerazvijene i nedovoljne i uglavnom se odnose na ustanove za dugotrajni sme&scaron;taj sa veoma ograni&#269;enim kapacitetima <\/font><\/li>\n<li><font face=\"georgia,palatino\" size=\"2\">nedostatak alternativnih oblika podr&scaron;ke za OSI i njihove porodice. <\/font><\/li>\n<\/ul>\n<p><font face=\"Georgia\" size=\"2\"><\/font><\/p>\n<p><font face=\"Georgia\" size=\"2\"><a href=\"\/en\/static.php\/?id=siromastvo_07\">prethodna stranica<\/a><\/font><\/p>","protected":false},"excerpt":{"rendered":"<p>Specificnosti siroma&scaron;tva osoba sa invaliditetom &ndash; u Smederevu Jagodini i Leskovcu je u periodu januar 2004\/januar 2005 sprovodjen projekat kroz koji se promovisala Strategije za smanjenje siroma&scaron;tva i organizovalo istra\u017eivanje o specificnostima siroma&scaron;tva osoba sa invaliditetom i dodatnim tro&scaron;kovima invalidnosti. Osobe sa invaliditetom i njihove porodice su jedna od najugro\u017eenijih grupa prepoznatih u Strategiji za [&hellip;]<\/p>","protected":false},"author":2,"featured_media":0,"parent":0,"menu_order":0,"comment_status":"closed","ping_status":"closed","template":"","meta":{"footnotes":""},"class_list":["post-1126","page","type-page","status-publish","hentry"],"_links":{"self":[{"href":"http:\/\/www.cilsrbija.org\/en\/wp-json\/wp\/v2\/pages\/1126","targetHints":{"allow":["GET"]}}],"collection":[{"href":"http:\/\/www.cilsrbija.org\/en\/wp-json\/wp\/v2\/pages"}],"about":[{"href":"http:\/\/www.cilsrbija.org\/en\/wp-json\/wp\/v2\/types\/page"}],"author":[{"embeddable":true,"href":"http:\/\/www.cilsrbija.org\/en\/wp-json\/wp\/v2\/users\/2"}],"replies":[{"embeddable":true,"href":"http:\/\/www.cilsrbija.org\/en\/wp-json\/wp\/v2\/comments?post=1126"}],"version-history":[{"count":0,"href":"http:\/\/www.cilsrbija.org\/en\/wp-json\/wp\/v2\/pages\/1126\/revisions"}],"wp:attachment":[{"href":"http:\/\/www.cilsrbija.org\/en\/wp-json\/wp\/v2\/media?parent=1126"}],"curies":[{"name":"wp","href":"https:\/\/api.w.org\/{rel}","templated":true}]}}