{"id":1100,"date":"2006-07-06T00:00:00","date_gmt":"2006-07-05T22:00:00","guid":{"rendered":"http:\/\/dev.cilsrbija.org\/grafiti3\/"},"modified":"2006-07-06T00:00:00","modified_gmt":"2006-07-05T22:00:00","slug":"grafiti3","status":"publish","type":"page","link":"http:\/\/www.cilsrbija.org\/en\/grafiti3\/","title":{"rendered":"grafiti3"},"content":{"rendered":"<div class=\"style15\">\n<h2> Grafiti <\/h2>\n<h3><i>Deset simpaticnih stvari koje deca mogu reci osobi sa invaliditetom<\/i><\/h3>\n<ol class=\"style15\">\n<li><span style=\"FONT-WEIGHT: bold\"><b>&#8222;Jesi li ti d\u017einovska beba?&#8220;<\/b><\/span>\n   <\/li>\n<li><span style=\"FONT-WEIGHT: bold\"><b>&#8222;ako mi ka\u017ee\u0161 \u0161ta nije u redu s tobom, zamolicu majstor Boba da to popravi.&#8220;<\/b><\/span>\n   <\/li>\n<li><span style=\"FONT-WEIGHT: bold\"><b>&#8222;Hocu li i ja biti kao ti kad porastem?&#8220;<\/b><\/span>\n   <\/li>\n<li><span style=\"FONT-WEIGHT: bold\"><b>&#8222;Da li ti i spava\u0161 u svojim kolicima?&#8220;<\/b><\/span>\n   <\/li>\n<li><span style=\"FONT-WEIGHT: bold\"><b>&#8222;Mo\u017ee\u0161 li ti da jede\u0161 cips?&#8220;<\/b><\/span>\n   <\/li>\n<li><span style=\"FONT-WEIGHT: bold\"><b>&#8222;Dr\u017ei me za ruku i ja cu te nauciti da hoda\u0161.&#8220;<\/b><\/span>\n   <\/li>\n<li><span style=\"FONT-WEIGHT: bold\"><b>&#8222;Gde ja mogu da kupim kolica poput tvojih?&#8220;<\/b><\/span>\n   <\/li>\n<li><span style=\"FONT-WEIGHT: bold\"><b>&#8222;Da li ti mora\u0161 da ide\u0161 u \u0161kolu?&#8220;<\/b><\/span>\n   <\/li>\n<li><span style=\"FONT-WEIGHT: bold\"><b>&#8222;Jesi li ti vanzemaljac?&#8220;<\/b><\/span>\n   <\/li>\n<li><span style=\"FONT-WEIGHT: bold\"><b>&#8222;Tek sam naucio\/la da ve\u017eem pertle \u2013 evo pokazacu i tebi kako se to radi!&#8220;<\/b><\/span>\n   <\/li>\n<\/ol>\n<\/div>","protected":false},"excerpt":{"rendered":"<p>Grafiti Deset simpaticnih stvari koje deca mogu reci osobi sa invaliditetom &#8222;Jesi li ti d\u017einovska beba?&#8220; &#8222;ako mi ka\u017ee\u0161 \u0161ta nije u redu s tobom, zamolicu majstor Boba da to popravi.&#8220; &#8222;Hocu li i ja biti kao ti kad porastem?&#8220; &#8222;Da li ti i spava\u0161 u svojim kolicima?&#8220; &#8222;Mo\u017ee\u0161 li ti da jede\u0161 cips?&#8220; &#8222;Dr\u017ei [&hellip;]<\/p>","protected":false},"author":2,"featured_media":0,"parent":0,"menu_order":0,"comment_status":"closed","ping_status":"closed","template":"","meta":{"footnotes":""},"class_list":["post-1100","page","type-page","status-publish","hentry"],"_links":{"self":[{"href":"http:\/\/www.cilsrbija.org\/en\/wp-json\/wp\/v2\/pages\/1100","targetHints":{"allow":["GET"]}}],"collection":[{"href":"http:\/\/www.cilsrbija.org\/en\/wp-json\/wp\/v2\/pages"}],"about":[{"href":"http:\/\/www.cilsrbija.org\/en\/wp-json\/wp\/v2\/types\/page"}],"author":[{"embeddable":true,"href":"http:\/\/www.cilsrbija.org\/en\/wp-json\/wp\/v2\/users\/2"}],"replies":[{"embeddable":true,"href":"http:\/\/www.cilsrbija.org\/en\/wp-json\/wp\/v2\/comments?post=1100"}],"version-history":[{"count":0,"href":"http:\/\/www.cilsrbija.org\/en\/wp-json\/wp\/v2\/pages\/1100\/revisions"}],"wp:attachment":[{"href":"http:\/\/www.cilsrbija.org\/en\/wp-json\/wp\/v2\/media?parent=1100"}],"curies":[{"name":"wp","href":"https:\/\/api.w.org\/{rel}","templated":true}]}}